{"id":9443,"date":"2025-06-29T12:44:40","date_gmt":"2025-06-29T10:44:40","guid":{"rendered":"https:\/\/uj.adatbank.ro\/lexikon\/termek\/haiman-daniel\/"},"modified":"2025-06-29T12:44:40","modified_gmt":"2025-06-29T10:44:40","slug":"haiman-daniel","status":"publish","type":"product","link":"https:\/\/uj.adatbank.ro\/lexikon\/termek\/haiman-daniel\/","title":{"rendered":"HAIMAN Daniel"},"content":{"rendered":"<p>Sz\u00e1szr\u00e9gen, ? \u2020\u00a0? : \u00fcgyv\u00e9d. \u2013 Apja keresked\u0151. \u2013 Tanult a Berlini Egy. Jogtud. Kar\u00e1n (1905\u201306). Hazat\u00e9rve \u00fcgyv\u00e9di gyakorlatot folytatott. \u00dcgyv\u00e9d \u00e9s az \u00fcgyv\u00e9di Kamara tagja Mv.-en (1916 k.). <br \/><strong>Irod.:<\/strong> Szab\u00f3\u2013Simon\u2013Sz\u00f6gi<\/br><\/p>\n","protected":false},"excerpt":{"rendered":"<p>Sz\u00e1szr\u00e9gen, ? \u2020\u00a0? : \u00fcgyv\u00e9d. \u2013 Apja keresked\u0151. \u2013 Tanult a Berlini Egy. Jogtud. Kar\u00e1n (1905\u201306). Hazat\u00e9rve \u00fcgyv\u00e9di gyakorlatot folytatott. \u00dcgyv\u00e9d \u00e9s az \u00fcgyv\u00e9di Kamara tagja Mv.-en (1916 k.). Irod.: Szab\u00f3\u2013Simon\u2013Sz\u00f6gi<\/p>\n","protected":false},"featured_media":0,"comment_status":"open","ping_status":"closed","template":"","meta":[],"product_brand":[],"product_cat":[137],"product_tag":[],"class_list":{"0":"post-9443","1":"product","2":"type-product","3":"status-publish","5":"product_cat-maros-megyei-eletrajzi-lexikon","7":"first","8":"instock","9":"shipping-taxable","10":"product-type-simple"},"_links":{"self":[{"href":"https:\/\/uj.adatbank.ro\/lexikon\/wp-json\/wp\/v2\/product\/9443","targetHints":{"allow":["GET"]}}],"collection":[{"href":"https:\/\/uj.adatbank.ro\/lexikon\/wp-json\/wp\/v2\/product"}],"about":[{"href":"https:\/\/uj.adatbank.ro\/lexikon\/wp-json\/wp\/v2\/types\/product"}],"replies":[{"embeddable":true,"href":"https:\/\/uj.adatbank.ro\/lexikon\/wp-json\/wp\/v2\/comments?post=9443"}],"wp:attachment":[{"href":"https:\/\/uj.adatbank.ro\/lexikon\/wp-json\/wp\/v2\/media?parent=9443"}],"wp:term":[{"taxonomy":"product_brand","embeddable":true,"href":"https:\/\/uj.adatbank.ro\/lexikon\/wp-json\/wp\/v2\/product_brand?post=9443"},{"taxonomy":"product_cat","embeddable":true,"href":"https:\/\/uj.adatbank.ro\/lexikon\/wp-json\/wp\/v2\/product_cat?post=9443"},{"taxonomy":"product_tag","embeddable":true,"href":"https:\/\/uj.adatbank.ro\/lexikon\/wp-json\/wp\/v2\/product_tag?post=9443"}],"curies":[{"name":"wp","href":"https:\/\/api.w.org\/{rel}","templated":true}]}}