{"id":9445,"date":"2025-06-29T12:44:46","date_gmt":"2025-06-29T10:44:46","guid":{"rendered":"https:\/\/uj.adatbank.ro\/lexikon\/termek\/haimann-ignac\/"},"modified":"2025-06-29T12:44:46","modified_gmt":"2025-06-29T10:44:46","slug":"haimann-ignac","status":"publish","type":"product","link":"https:\/\/uj.adatbank.ro\/lexikon\/termek\/haimann-ignac\/","title":{"rendered":"HAIMANN Ign\u00e1c"},"content":{"rendered":"<p>? \u2020\u00a0? : v\u00e1llalkoz\u00f3, gy\u00e1rtulajdonos. \u2013 Mv. legnagyobb v\u00e1llalatainak egyike a g\u0151zmalma (1914), Virilista (1910, 1913). <br \/><strong>Irod.:<\/strong> Id\u0151t\u00e1r 2<\/br><\/p>\n","protected":false},"excerpt":{"rendered":"<p>? \u2020\u00a0? : v\u00e1llalkoz\u00f3, gy\u00e1rtulajdonos. \u2013 Mv. legnagyobb v\u00e1llalatainak egyike a g\u0151zmalma (1914), Virilista (1910, 1913). Irod.: Id\u0151t\u00e1r 2<\/p>\n","protected":false},"featured_media":0,"comment_status":"open","ping_status":"closed","template":"","meta":[],"product_brand":[],"product_cat":[137],"product_tag":[],"class_list":{"0":"post-9445","1":"product","2":"type-product","3":"status-publish","5":"product_cat-maros-megyei-eletrajzi-lexikon","7":"first","8":"instock","9":"shipping-taxable","10":"product-type-simple"},"_links":{"self":[{"href":"https:\/\/uj.adatbank.ro\/lexikon\/wp-json\/wp\/v2\/product\/9445","targetHints":{"allow":["GET"]}}],"collection":[{"href":"https:\/\/uj.adatbank.ro\/lexikon\/wp-json\/wp\/v2\/product"}],"about":[{"href":"https:\/\/uj.adatbank.ro\/lexikon\/wp-json\/wp\/v2\/types\/product"}],"replies":[{"embeddable":true,"href":"https:\/\/uj.adatbank.ro\/lexikon\/wp-json\/wp\/v2\/comments?post=9445"}],"wp:attachment":[{"href":"https:\/\/uj.adatbank.ro\/lexikon\/wp-json\/wp\/v2\/media?parent=9445"}],"wp:term":[{"taxonomy":"product_brand","embeddable":true,"href":"https:\/\/uj.adatbank.ro\/lexikon\/wp-json\/wp\/v2\/product_brand?post=9445"},{"taxonomy":"product_cat","embeddable":true,"href":"https:\/\/uj.adatbank.ro\/lexikon\/wp-json\/wp\/v2\/product_cat?post=9445"},{"taxonomy":"product_tag","embeddable":true,"href":"https:\/\/uj.adatbank.ro\/lexikon\/wp-json\/wp\/v2\/product_tag?post=9445"}],"curies":[{"name":"wp","href":"https:\/\/api.w.org\/{rel}","templated":true}]}}