{"id":9450,"date":"2025-06-29T12:44:58","date_gmt":"2025-06-29T10:44:58","guid":{"rendered":"https:\/\/uj.adatbank.ro\/lexikon\/termek\/hain-karoly\/"},"modified":"2025-06-29T12:44:58","modified_gmt":"2025-06-29T10:44:58","slug":"hain-karoly","status":"publish","type":"product","link":"https:\/\/uj.adatbank.ro\/lexikon\/termek\/hain-karoly\/","title":{"rendered":"HAIN K\u00e1roly"},"content":{"rendered":"<p>Temesv\u00e1r, 1924., \u2020 2003.: orvos. \u2013 A MOGYI orvosi kar\u00e1n v\u00e9gzett (1950). A mv.-i T\u00fcd\u0151klinik\u00e1n orvos (1950\u2013), itt a mellkasseb\u00e9szeti aneszteziol\u00f3gus orvos. F\u0151orvosi vizsg\u00e1t tett (1959). A csal\u00e1dj\u00e1val kitelepedett az orsz\u00e1gb\u00f3l. <br \/><strong>Irod.:<\/strong> Kiss-P. -P<\/br><\/p>\n","protected":false},"excerpt":{"rendered":"<p>Temesv\u00e1r, 1924., \u2020 2003.: orvos. \u2013 A MOGYI orvosi kar\u00e1n v\u00e9gzett (1950). A mv.-i T\u00fcd\u0151klinik\u00e1n orvos (1950\u2013), itt a mellkasseb\u00e9szeti aneszteziol\u00f3gus orvos. F\u0151orvosi vizsg\u00e1t tett (1959). A csal\u00e1dj\u00e1val kitelepedett az orsz\u00e1gb\u00f3l. Irod.: Kiss-P. -P<\/p>\n","protected":false},"featured_media":0,"comment_status":"open","ping_status":"closed","template":"","meta":[],"product_brand":[],"product_cat":[137],"product_tag":[],"class_list":{"0":"post-9450","1":"product","2":"type-product","3":"status-publish","5":"product_cat-maros-megyei-eletrajzi-lexikon","7":"first","8":"instock","9":"shipping-taxable","10":"product-type-simple"},"_links":{"self":[{"href":"https:\/\/uj.adatbank.ro\/lexikon\/wp-json\/wp\/v2\/product\/9450","targetHints":{"allow":["GET"]}}],"collection":[{"href":"https:\/\/uj.adatbank.ro\/lexikon\/wp-json\/wp\/v2\/product"}],"about":[{"href":"https:\/\/uj.adatbank.ro\/lexikon\/wp-json\/wp\/v2\/types\/product"}],"replies":[{"embeddable":true,"href":"https:\/\/uj.adatbank.ro\/lexikon\/wp-json\/wp\/v2\/comments?post=9450"}],"wp:attachment":[{"href":"https:\/\/uj.adatbank.ro\/lexikon\/wp-json\/wp\/v2\/media?parent=9450"}],"wp:term":[{"taxonomy":"product_brand","embeddable":true,"href":"https:\/\/uj.adatbank.ro\/lexikon\/wp-json\/wp\/v2\/product_brand?post=9450"},{"taxonomy":"product_cat","embeddable":true,"href":"https:\/\/uj.adatbank.ro\/lexikon\/wp-json\/wp\/v2\/product_cat?post=9450"},{"taxonomy":"product_tag","embeddable":true,"href":"https:\/\/uj.adatbank.ro\/lexikon\/wp-json\/wp\/v2\/product_tag?post=9450"}],"curies":[{"name":"wp","href":"https:\/\/api.w.org\/{rel}","templated":true}]}}