{"id":9452,"date":"2025-06-29T12:45:02","date_gmt":"2025-06-29T10:45:02","guid":{"rendered":"https:\/\/uj.adatbank.ro\/lexikon\/termek\/hajdo-margit-palosi-imren\/"},"modified":"2025-06-29T12:45:02","modified_gmt":"2025-06-29T10:45:02","slug":"hajdo-margit-palosi-imren","status":"publish","type":"product","link":"https:\/\/uj.adatbank.ro\/lexikon\/termek\/hajdo-margit-palosi-imren\/","title":{"rendered":"HAJD\u00d3 Margit, P\u00e1losi Imr\u00e9n"},"content":{"rendered":"<p>Mv., 1903., \u2020 ? : tan\u00e1r. \u2013 H. \u00d6d\u00f6n \u00e9s Babos Stef\u00e1nia le\u00e1nya. \u2013 Doktor\u00e1lt Bp.-en (1926), m. \u2013 t\u00f6rt\u00e9nelem tan\u00e1r a mez\u0151t\u00fari Teleki Blanka (1931\u2013), a bp-i M\u00e1ria Ter\u00e9zia \u00c1ll. Le\u00e1nygimn.-ban (1935\u2013). \u2013 <strong>F. m.:<\/strong> R\u00e9gi k\u00f6nyvt\u00e1raink m. irod. anyaga, kivonata a Bp.-i doktori \u00e9rtek. -ben (Bp., 1926). <br \/><strong>Irod.:<\/strong> Guly\u00e1s<\/br><\/p>\n","protected":false},"excerpt":{"rendered":"<p>Mv., 1903., \u2020 ? : tan\u00e1r. \u2013 H. \u00d6d\u00f6n \u00e9s Babos Stef\u00e1nia le\u00e1nya. \u2013 Doktor\u00e1lt Bp.-en (1926), m. \u2013 t\u00f6rt\u00e9nelem tan\u00e1r a mez\u0151t\u00fari Teleki Blanka (1931\u2013), a bp-i M\u00e1ria Ter\u00e9zia \u00c1ll. Le\u00e1nygimn.-ban (1935\u2013). \u2013 F. m.: R\u00e9gi k\u00f6nyvt\u00e1raink m. irod. anyaga, kivonata a Bp.-i doktori \u00e9rtek. -ben (Bp., 1926). Irod.: Guly\u00e1s<\/p>\n","protected":false},"featured_media":0,"comment_status":"open","ping_status":"closed","template":"","meta":[],"product_brand":[],"product_cat":[137],"product_tag":[],"class_list":{"0":"post-9452","1":"product","2":"type-product","3":"status-publish","5":"product_cat-maros-megyei-eletrajzi-lexikon","7":"first","8":"instock","9":"shipping-taxable","10":"product-type-simple"},"_links":{"self":[{"href":"https:\/\/uj.adatbank.ro\/lexikon\/wp-json\/wp\/v2\/product\/9452","targetHints":{"allow":["GET"]}}],"collection":[{"href":"https:\/\/uj.adatbank.ro\/lexikon\/wp-json\/wp\/v2\/product"}],"about":[{"href":"https:\/\/uj.adatbank.ro\/lexikon\/wp-json\/wp\/v2\/types\/product"}],"replies":[{"embeddable":true,"href":"https:\/\/uj.adatbank.ro\/lexikon\/wp-json\/wp\/v2\/comments?post=9452"}],"wp:attachment":[{"href":"https:\/\/uj.adatbank.ro\/lexikon\/wp-json\/wp\/v2\/media?parent=9452"}],"wp:term":[{"taxonomy":"product_brand","embeddable":true,"href":"https:\/\/uj.adatbank.ro\/lexikon\/wp-json\/wp\/v2\/product_brand?post=9452"},{"taxonomy":"product_cat","embeddable":true,"href":"https:\/\/uj.adatbank.ro\/lexikon\/wp-json\/wp\/v2\/product_cat?post=9452"},{"taxonomy":"product_tag","embeddable":true,"href":"https:\/\/uj.adatbank.ro\/lexikon\/wp-json\/wp\/v2\/product_tag?post=9452"}],"curies":[{"name":"wp","href":"https:\/\/api.w.org\/{rel}","templated":true}]}}