{"id":9453,"date":"2025-06-29T12:45:05","date_gmt":"2025-06-29T10:45:05","guid":{"rendered":"https:\/\/uj.adatbank.ro\/lexikon\/termek\/hajdo-odon-hajdo-edmund\/"},"modified":"2025-06-29T12:45:05","modified_gmt":"2025-06-29T10:45:05","slug":"hajdo-odon-hajdo-edmund","status":"publish","type":"product","link":"https:\/\/uj.adatbank.ro\/lexikon\/termek\/hajdo-odon-hajdo-edmund\/","title":{"rendered":"HAJD\u00d3 \u00d6d\u00f6n, Hajd\u00f3 Edmund"},"content":{"rendered":"<p>? \u2020\u00a0?\u00a0: k\u00f6lt\u0151, \u00e1llatorvos. \u2013 Feles\u00e9ge: Babos Stef\u00e1nia (1870.? \u2013 Mv., 1933. j\u00fan. 10.); Gyermekeik: Tibor; Ir\u00e9n Doican Victorn\u00e9; Elem\u00e9r, feles\u00e9ge Sghira Stefania; dr. Margit; Edit dr. Pop Remusn\u00e9; Ibolyka; Ervin; Ella. \u2013 \u00c1llatorvos Mv.-en. (1924 k.). \u2013 <strong>F. m.:<\/strong> Hajd\u00f3 \u00d6d\u00f6n \u00f6sszes k\u00f6ltem\u00e9nyei (Mv., 1941). <br \/><strong>Irod.:<\/strong> Almanah Tg. M.; F\u00fcl\u00f6p\u2013Ferencz; Gy\u00e1szjelent\u0151<\/br><\/p>\n","protected":false},"excerpt":{"rendered":"<p>? \u2020\u00a0?\u00a0: k\u00f6lt\u0151, \u00e1llatorvos. \u2013 Feles\u00e9ge: Babos Stef\u00e1nia (1870.? \u2013 Mv., 1933. j\u00fan. 10.); Gyermekeik: Tibor; Ir\u00e9n Doican Victorn\u00e9; Elem\u00e9r, feles\u00e9ge Sghira Stefania; dr. Margit; Edit dr. Pop Remusn\u00e9; Ibolyka; Ervin; Ella. \u2013 \u00c1llatorvos Mv.-en. (1924 k.). \u2013 F. m.: Hajd\u00f3 \u00d6d\u00f6n \u00f6sszes k\u00f6ltem\u00e9nyei (Mv., 1941). Irod.: Almanah Tg. M.; F\u00fcl\u00f6p\u2013Ferencz; Gy\u00e1szjelent\u0151<\/p>\n","protected":false},"featured_media":0,"comment_status":"open","ping_status":"closed","template":"","meta":[],"product_brand":[],"product_cat":[137],"product_tag":[],"class_list":{"0":"post-9453","1":"product","2":"type-product","3":"status-publish","5":"product_cat-maros-megyei-eletrajzi-lexikon","7":"first","8":"instock","9":"shipping-taxable","10":"product-type-simple"},"_links":{"self":[{"href":"https:\/\/uj.adatbank.ro\/lexikon\/wp-json\/wp\/v2\/product\/9453","targetHints":{"allow":["GET"]}}],"collection":[{"href":"https:\/\/uj.adatbank.ro\/lexikon\/wp-json\/wp\/v2\/product"}],"about":[{"href":"https:\/\/uj.adatbank.ro\/lexikon\/wp-json\/wp\/v2\/types\/product"}],"replies":[{"embeddable":true,"href":"https:\/\/uj.adatbank.ro\/lexikon\/wp-json\/wp\/v2\/comments?post=9453"}],"wp:attachment":[{"href":"https:\/\/uj.adatbank.ro\/lexikon\/wp-json\/wp\/v2\/media?parent=9453"}],"wp:term":[{"taxonomy":"product_brand","embeddable":true,"href":"https:\/\/uj.adatbank.ro\/lexikon\/wp-json\/wp\/v2\/product_brand?post=9453"},{"taxonomy":"product_cat","embeddable":true,"href":"https:\/\/uj.adatbank.ro\/lexikon\/wp-json\/wp\/v2\/product_cat?post=9453"},{"taxonomy":"product_tag","embeddable":true,"href":"https:\/\/uj.adatbank.ro\/lexikon\/wp-json\/wp\/v2\/product_tag?post=9453"}],"curies":[{"name":"wp","href":"https:\/\/api.w.org\/{rel}","templated":true}]}}