{"id":9455,"date":"2025-06-29T12:45:10","date_gmt":"2025-06-29T10:45:10","guid":{"rendered":"https:\/\/uj.adatbank.ro\/lexikon\/termek\/hajdu-dezso\/"},"modified":"2025-06-29T12:45:10","modified_gmt":"2025-06-29T10:45:10","slug":"hajdu-dezso","status":"publish","type":"product","link":"https:\/\/uj.adatbank.ro\/lexikon\/termek\/hajdu-dezso\/","title":{"rendered":"HAJD\u00da Dezs\u0151"},"content":{"rendered":"<p>? \u2020 ? : dr., \u00fcgyv\u00e9d. \u2013 Val\u00f3sz\u00edn\u0171leg \u0151 szerk. -tette a M\u00f3cson havonta k\u00e9tszer megjelen\u0151 Mez\u0151s\u00e9gi H\u00edrlap c. lapot, (1906\u20131907), amit Mv.-en nyomtattak. <br \/><strong>Irod.:<\/strong> Guly\u00e1s; Popt\u0103ma\u015f\u2013M\u00f3zes<\/br><\/p>\n","protected":false},"excerpt":{"rendered":"<p>? \u2020 ? : dr., \u00fcgyv\u00e9d. \u2013 Val\u00f3sz\u00edn\u0171leg \u0151 szerk. -tette a M\u00f3cson havonta k\u00e9tszer megjelen\u0151 Mez\u0151s\u00e9gi H\u00edrlap c. lapot, (1906\u20131907), amit Mv.-en nyomtattak. Irod.: Guly\u00e1s; Popt\u0103ma\u015f\u2013M\u00f3zes<\/p>\n","protected":false},"featured_media":0,"comment_status":"open","ping_status":"closed","template":"","meta":[],"product_brand":[],"product_cat":[137],"product_tag":[],"class_list":{"0":"post-9455","1":"product","2":"type-product","3":"status-publish","5":"product_cat-maros-megyei-eletrajzi-lexikon","7":"first","8":"instock","9":"shipping-taxable","10":"product-type-simple"},"_links":{"self":[{"href":"https:\/\/uj.adatbank.ro\/lexikon\/wp-json\/wp\/v2\/product\/9455","targetHints":{"allow":["GET"]}}],"collection":[{"href":"https:\/\/uj.adatbank.ro\/lexikon\/wp-json\/wp\/v2\/product"}],"about":[{"href":"https:\/\/uj.adatbank.ro\/lexikon\/wp-json\/wp\/v2\/types\/product"}],"replies":[{"embeddable":true,"href":"https:\/\/uj.adatbank.ro\/lexikon\/wp-json\/wp\/v2\/comments?post=9455"}],"wp:attachment":[{"href":"https:\/\/uj.adatbank.ro\/lexikon\/wp-json\/wp\/v2\/media?parent=9455"}],"wp:term":[{"taxonomy":"product_brand","embeddable":true,"href":"https:\/\/uj.adatbank.ro\/lexikon\/wp-json\/wp\/v2\/product_brand?post=9455"},{"taxonomy":"product_cat","embeddable":true,"href":"https:\/\/uj.adatbank.ro\/lexikon\/wp-json\/wp\/v2\/product_cat?post=9455"},{"taxonomy":"product_tag","embeddable":true,"href":"https:\/\/uj.adatbank.ro\/lexikon\/wp-json\/wp\/v2\/product_tag?post=9455"}],"curies":[{"name":"wp","href":"https:\/\/api.w.org\/{rel}","templated":true}]}}