{"id":9456,"date":"2025-06-29T12:45:12","date_gmt":"2025-06-29T10:45:12","guid":{"rendered":"https:\/\/uj.adatbank.ro\/lexikon\/termek\/hajdu-elek\/"},"modified":"2025-06-29T12:45:12","modified_gmt":"2025-06-29T10:45:12","slug":"hajdu-elek","status":"publish","type":"product","link":"https:\/\/uj.adatbank.ro\/lexikon\/termek\/hajdu-elek\/","title":{"rendered":"HAJDU Elek"},"content":{"rendered":"<p>? \u2020\u00a0? : f\u0151jegyz\u0151. \u2013 Mv.-en helyettes f\u0151jegyz\u0151 (1895 k.). Kem\u00e9ny K\u00e1lm\u00e1n f\u0151isp\u00e1n nem enged\u00e9lyezte, hogy induljon a f\u0151jegyz\u0151-v\u00e1laszt\u00e1son (1895). <br \/><strong>Irod.:<\/strong> F\u00fcl\u00f6p\u2013Ferencz; Id\u0151t\u00e1r 5 \/1.; Marostorda v\u00e1rmegy\u00e9nek Mv. -t 1898 \u00e9vi \u00e1pr. 14.-i az 1848. \u00e9vi t\u00f6rv\u00e9nyhoz\u00e1s 50. \u00e9vfordul\u00f3ja alkalm\u00e1b\u00f3l tartott rendk\u00edv\u00fcli d\u00edszk\u00f6zgy\u0171l\u00e9se jegyz\u0151k\u00f6nyve (Mv., 1898)<\/br><\/p>\n","protected":false},"excerpt":{"rendered":"<p>? \u2020\u00a0? : f\u0151jegyz\u0151. \u2013 Mv.-en helyettes f\u0151jegyz\u0151 (1895 k.). Kem\u00e9ny K\u00e1lm\u00e1n f\u0151isp\u00e1n nem enged\u00e9lyezte, hogy induljon a f\u0151jegyz\u0151-v\u00e1laszt\u00e1son (1895). Irod.: F\u00fcl\u00f6p\u2013Ferencz; Id\u0151t\u00e1r 5 \/1.; Marostorda v\u00e1rmegy\u00e9nek Mv. -t 1898 \u00e9vi \u00e1pr. 14.-i az 1848. \u00e9vi t\u00f6rv\u00e9nyhoz\u00e1s 50. \u00e9vfordul\u00f3ja alkalm\u00e1b\u00f3l tartott rendk\u00edv\u00fcli d\u00edszk\u00f6zgy\u0171l\u00e9se jegyz\u0151k\u00f6nyve (Mv., 1898)<\/p>\n","protected":false},"featured_media":0,"comment_status":"open","ping_status":"closed","template":"","meta":[],"product_brand":[],"product_cat":[137],"product_tag":[],"class_list":{"0":"post-9456","1":"product","2":"type-product","3":"status-publish","5":"product_cat-maros-megyei-eletrajzi-lexikon","7":"first","8":"instock","9":"shipping-taxable","10":"product-type-simple"},"_links":{"self":[{"href":"https:\/\/uj.adatbank.ro\/lexikon\/wp-json\/wp\/v2\/product\/9456","targetHints":{"allow":["GET"]}}],"collection":[{"href":"https:\/\/uj.adatbank.ro\/lexikon\/wp-json\/wp\/v2\/product"}],"about":[{"href":"https:\/\/uj.adatbank.ro\/lexikon\/wp-json\/wp\/v2\/types\/product"}],"replies":[{"embeddable":true,"href":"https:\/\/uj.adatbank.ro\/lexikon\/wp-json\/wp\/v2\/comments?post=9456"}],"wp:attachment":[{"href":"https:\/\/uj.adatbank.ro\/lexikon\/wp-json\/wp\/v2\/media?parent=9456"}],"wp:term":[{"taxonomy":"product_brand","embeddable":true,"href":"https:\/\/uj.adatbank.ro\/lexikon\/wp-json\/wp\/v2\/product_brand?post=9456"},{"taxonomy":"product_cat","embeddable":true,"href":"https:\/\/uj.adatbank.ro\/lexikon\/wp-json\/wp\/v2\/product_cat?post=9456"},{"taxonomy":"product_tag","embeddable":true,"href":"https:\/\/uj.adatbank.ro\/lexikon\/wp-json\/wp\/v2\/product_tag?post=9456"}],"curies":[{"name":"wp","href":"https:\/\/api.w.org\/{rel}","templated":true}]}}