{"id":9458,"date":"2025-06-29T12:45:19","date_gmt":"2025-06-29T10:45:19","guid":{"rendered":"https:\/\/uj.adatbank.ro\/lexikon\/termek\/hajdu-ferenc\/"},"modified":"2025-06-29T12:45:19","modified_gmt":"2025-06-29T10:45:19","slug":"hajdu-ferenc","status":"publish","type":"product","link":"https:\/\/uj.adatbank.ro\/lexikon\/termek\/hajdu-ferenc\/","title":{"rendered":"HAJDU Ferenc"},"content":{"rendered":"<p>? \u2020\u00a0? : seb\u00e9sz. \u2013 Himl\u0151olt\u00e1st v\u00e9gz\u0151 seb\u00e9szk\u00e9nt szerepel a r. k. anyak\u00f6nyvekben (1802\u201303), az els\u0151 himl\u0151olt\u00e1st v\u00e9gezte Mv.-en (1802). <br \/><strong>Irod.:<\/strong> Id\u0151t\u00e1r 5 \/1.; P\u00e1l-Antal 2009; P\u00e1l Antal S\u00e1ndor: K\u00f6zeg\u00e9szs\u00e9g\u00fcgy \u00e9s szoci\u00e1lis gondoskod\u00e1s a 18\u201319. sz\u00e1zadi Mv.-en (N\u00fa., Sz\u00ednes Vil\u00e1g, 2010. m\u00e1j. 22)<\/br><\/p>\n","protected":false},"excerpt":{"rendered":"<p>? \u2020\u00a0? : seb\u00e9sz. \u2013 Himl\u0151olt\u00e1st v\u00e9gz\u0151 seb\u00e9szk\u00e9nt szerepel a r. k. anyak\u00f6nyvekben (1802\u201303), az els\u0151 himl\u0151olt\u00e1st v\u00e9gezte Mv.-en (1802). Irod.: Id\u0151t\u00e1r 5 \/1.; P\u00e1l-Antal 2009; P\u00e1l Antal S\u00e1ndor: K\u00f6zeg\u00e9szs\u00e9g\u00fcgy \u00e9s szoci\u00e1lis gondoskod\u00e1s a 18\u201319. sz\u00e1zadi Mv.-en (N\u00fa., Sz\u00ednes Vil\u00e1g, 2010. m\u00e1j. 22)<\/p>\n","protected":false},"featured_media":0,"comment_status":"open","ping_status":"closed","template":"","meta":[],"product_brand":[],"product_cat":[137],"product_tag":[],"class_list":{"0":"post-9458","1":"product","2":"type-product","3":"status-publish","5":"product_cat-maros-megyei-eletrajzi-lexikon","7":"first","8":"instock","9":"shipping-taxable","10":"product-type-simple"},"_links":{"self":[{"href":"https:\/\/uj.adatbank.ro\/lexikon\/wp-json\/wp\/v2\/product\/9458","targetHints":{"allow":["GET"]}}],"collection":[{"href":"https:\/\/uj.adatbank.ro\/lexikon\/wp-json\/wp\/v2\/product"}],"about":[{"href":"https:\/\/uj.adatbank.ro\/lexikon\/wp-json\/wp\/v2\/types\/product"}],"replies":[{"embeddable":true,"href":"https:\/\/uj.adatbank.ro\/lexikon\/wp-json\/wp\/v2\/comments?post=9458"}],"wp:attachment":[{"href":"https:\/\/uj.adatbank.ro\/lexikon\/wp-json\/wp\/v2\/media?parent=9458"}],"wp:term":[{"taxonomy":"product_brand","embeddable":true,"href":"https:\/\/uj.adatbank.ro\/lexikon\/wp-json\/wp\/v2\/product_brand?post=9458"},{"taxonomy":"product_cat","embeddable":true,"href":"https:\/\/uj.adatbank.ro\/lexikon\/wp-json\/wp\/v2\/product_cat?post=9458"},{"taxonomy":"product_tag","embeddable":true,"href":"https:\/\/uj.adatbank.ro\/lexikon\/wp-json\/wp\/v2\/product_tag?post=9458"}],"curies":[{"name":"wp","href":"https:\/\/api.w.org\/{rel}","templated":true}]}}