{"id":9461,"date":"2025-06-29T12:45:27","date_gmt":"2025-06-29T10:45:27","guid":{"rendered":"https:\/\/uj.adatbank.ro\/lexikon\/termek\/hajdu-gabriella\/"},"modified":"2025-06-29T12:45:27","modified_gmt":"2025-06-29T10:45:27","slug":"hajdu-gabriella","status":"publish","type":"product","link":"https:\/\/uj.adatbank.ro\/lexikon\/termek\/hajdu-gabriella\/","title":{"rendered":"HAJD\u00da Gabriella"},"content":{"rendered":"<p>1924, \u2020 Mv., 1983. m\u00e1j. 2.: technikai szerk. \u2013 A buk.-i \u00e9s vid\u00e9ki sajt\u00f3szervek \u00e9s kiad\u00f3k szerkeszt\u0151s\u00e9geiben dolgozott (1949\u2013), a V. Z. bels\u0151 munkat\u00e1rsa lett (1956\u2013), majd technikai szerk.-je. <br \/><strong>Irod.:<\/strong> H. G. [Nekrol\u00f3g] (V. Z., 1983. m\u00e1j. 3.); <\/br><\/p>\n","protected":false},"excerpt":{"rendered":"<p>1924, \u2020 Mv., 1983. m\u00e1j. 2.: technikai szerk. \u2013 A buk.-i \u00e9s vid\u00e9ki sajt\u00f3szervek \u00e9s kiad\u00f3k szerkeszt\u0151s\u00e9geiben dolgozott (1949\u2013), a V. Z. bels\u0151 munkat\u00e1rsa lett (1956\u2013), majd technikai szerk.-je. Irod.: H. G. [Nekrol\u00f3g] (V. Z., 1983. m\u00e1j. 3.);<\/p>\n","protected":false},"featured_media":0,"comment_status":"open","ping_status":"closed","template":"","meta":[],"product_brand":[],"product_cat":[137],"product_tag":[],"class_list":{"0":"post-9461","1":"product","2":"type-product","3":"status-publish","5":"product_cat-maros-megyei-eletrajzi-lexikon","7":"first","8":"instock","9":"shipping-taxable","10":"product-type-simple"},"_links":{"self":[{"href":"https:\/\/uj.adatbank.ro\/lexikon\/wp-json\/wp\/v2\/product\/9461","targetHints":{"allow":["GET"]}}],"collection":[{"href":"https:\/\/uj.adatbank.ro\/lexikon\/wp-json\/wp\/v2\/product"}],"about":[{"href":"https:\/\/uj.adatbank.ro\/lexikon\/wp-json\/wp\/v2\/types\/product"}],"replies":[{"embeddable":true,"href":"https:\/\/uj.adatbank.ro\/lexikon\/wp-json\/wp\/v2\/comments?post=9461"}],"wp:attachment":[{"href":"https:\/\/uj.adatbank.ro\/lexikon\/wp-json\/wp\/v2\/media?parent=9461"}],"wp:term":[{"taxonomy":"product_brand","embeddable":true,"href":"https:\/\/uj.adatbank.ro\/lexikon\/wp-json\/wp\/v2\/product_brand?post=9461"},{"taxonomy":"product_cat","embeddable":true,"href":"https:\/\/uj.adatbank.ro\/lexikon\/wp-json\/wp\/v2\/product_cat?post=9461"},{"taxonomy":"product_tag","embeddable":true,"href":"https:\/\/uj.adatbank.ro\/lexikon\/wp-json\/wp\/v2\/product_tag?post=9461"}],"curies":[{"name":"wp","href":"https:\/\/api.w.org\/{rel}","templated":true}]}}