{"id":9464,"date":"2025-06-29T12:45:35","date_gmt":"2025-06-29T10:45:35","guid":{"rendered":"https:\/\/uj.adatbank.ro\/lexikon\/termek\/hajdu-jozsef\/"},"modified":"2025-06-29T12:45:35","modified_gmt":"2025-06-29T10:45:35","slug":"hajdu-jozsef","status":"publish","type":"product","link":"https:\/\/uj.adatbank.ro\/lexikon\/termek\/hajdu-jozsef\/","title":{"rendered":"HAJD\u00da J\u00f3zsef"},"content":{"rendered":"<p>1876., \u2020\u00a0? : tan\u00e1r. \u2013 A mv.-i Ref. Koll.-ban helyettes tan\u00e1r (1899\u20131900). Szoc. dem munk\u00e1svez\u00e9r. R\u00e9szt vett a Szoc. Dem. P\u00e1rt kv.-i kongresszus\u00e1n, ahol a p\u00e1rt csatlakozott a III. Internacion\u00e1l\u00e9hoz (1920). A mv.-i Munk\u00e1s Testedz\u0151 Egylet eln\u00f6ke (1910\u20131924). <br \/><strong>Irod.:<\/strong> Id\u0151t\u00e1r 3; Kl\u00f3sz\u2013Tolok\u00e1n; Mv. t\u00f6rt. 2.<\/br><\/p>\n","protected":false},"excerpt":{"rendered":"<p>1876., \u2020\u00a0? : tan\u00e1r. \u2013 A mv.-i Ref. Koll.-ban helyettes tan\u00e1r (1899\u20131900). Szoc. dem munk\u00e1svez\u00e9r. R\u00e9szt vett a Szoc. Dem. P\u00e1rt kv.-i kongresszus\u00e1n, ahol a p\u00e1rt csatlakozott a III. Internacion\u00e1l\u00e9hoz (1920). A mv.-i Munk\u00e1s Testedz\u0151 Egylet eln\u00f6ke (1910\u20131924). Irod.: Id\u0151t\u00e1r 3; Kl\u00f3sz\u2013Tolok\u00e1n; Mv. t\u00f6rt. 2.<\/p>\n","protected":false},"featured_media":0,"comment_status":"open","ping_status":"closed","template":"","meta":[],"product_brand":[],"product_cat":[137],"product_tag":[],"class_list":{"0":"post-9464","1":"product","2":"type-product","3":"status-publish","5":"product_cat-maros-megyei-eletrajzi-lexikon","7":"first","8":"instock","9":"shipping-taxable","10":"product-type-simple"},"_links":{"self":[{"href":"https:\/\/uj.adatbank.ro\/lexikon\/wp-json\/wp\/v2\/product\/9464","targetHints":{"allow":["GET"]}}],"collection":[{"href":"https:\/\/uj.adatbank.ro\/lexikon\/wp-json\/wp\/v2\/product"}],"about":[{"href":"https:\/\/uj.adatbank.ro\/lexikon\/wp-json\/wp\/v2\/types\/product"}],"replies":[{"embeddable":true,"href":"https:\/\/uj.adatbank.ro\/lexikon\/wp-json\/wp\/v2\/comments?post=9464"}],"wp:attachment":[{"href":"https:\/\/uj.adatbank.ro\/lexikon\/wp-json\/wp\/v2\/media?parent=9464"}],"wp:term":[{"taxonomy":"product_brand","embeddable":true,"href":"https:\/\/uj.adatbank.ro\/lexikon\/wp-json\/wp\/v2\/product_brand?post=9464"},{"taxonomy":"product_cat","embeddable":true,"href":"https:\/\/uj.adatbank.ro\/lexikon\/wp-json\/wp\/v2\/product_cat?post=9464"},{"taxonomy":"product_tag","embeddable":true,"href":"https:\/\/uj.adatbank.ro\/lexikon\/wp-json\/wp\/v2\/product_tag?post=9464"}],"curies":[{"name":"wp","href":"https:\/\/api.w.org\/{rel}","templated":true}]}}