{"id":9467,"date":"2025-06-29T12:45:43","date_gmt":"2025-06-29T10:45:43","guid":{"rendered":"https:\/\/uj.adatbank.ro\/lexikon\/termek\/hajdu-mihaly-szovatai\/"},"modified":"2025-06-29T12:45:43","modified_gmt":"2025-06-29T10:45:43","slug":"hajdu-mihaly-szovatai","status":"publish","type":"product","link":"https:\/\/uj.adatbank.ro\/lexikon\/termek\/hajdu-mihaly-szovatai\/","title":{"rendered":"HAJD\u00da Mih\u00e1ly, szov\u00e1tai"},"content":{"rendered":"<p>1787., \u2020 1863. febr. 5.: birtokos. \u2013 Feles\u00e9ge: Bed\u0151 S\u00e1ra (1783. jan. 1. \u2013 1865 dec. 24.). \u2013 Cs\u00edkfalv\u00e1n assesor. Marossz\u00e9k volt b\u00e1lab\u00edr\u00e1ja. <br \/><strong>Irod.:<\/strong> Cs\u00edkfalva; P\u00e1lmay<\/br><\/p>\n","protected":false},"excerpt":{"rendered":"<p>1787., \u2020 1863. febr. 5.: birtokos. \u2013 Feles\u00e9ge: Bed\u0151 S\u00e1ra (1783. jan. 1. \u2013 1865 dec. 24.). \u2013 Cs\u00edkfalv\u00e1n assesor. Marossz\u00e9k volt b\u00e1lab\u00edr\u00e1ja. Irod.: Cs\u00edkfalva; P\u00e1lmay<\/p>\n","protected":false},"featured_media":0,"comment_status":"open","ping_status":"closed","template":"","meta":[],"product_brand":[],"product_cat":[137],"product_tag":[],"class_list":{"0":"post-9467","1":"product","2":"type-product","3":"status-publish","5":"product_cat-maros-megyei-eletrajzi-lexikon","7":"first","8":"instock","9":"shipping-taxable","10":"product-type-simple"},"_links":{"self":[{"href":"https:\/\/uj.adatbank.ro\/lexikon\/wp-json\/wp\/v2\/product\/9467","targetHints":{"allow":["GET"]}}],"collection":[{"href":"https:\/\/uj.adatbank.ro\/lexikon\/wp-json\/wp\/v2\/product"}],"about":[{"href":"https:\/\/uj.adatbank.ro\/lexikon\/wp-json\/wp\/v2\/types\/product"}],"replies":[{"embeddable":true,"href":"https:\/\/uj.adatbank.ro\/lexikon\/wp-json\/wp\/v2\/comments?post=9467"}],"wp:attachment":[{"href":"https:\/\/uj.adatbank.ro\/lexikon\/wp-json\/wp\/v2\/media?parent=9467"}],"wp:term":[{"taxonomy":"product_brand","embeddable":true,"href":"https:\/\/uj.adatbank.ro\/lexikon\/wp-json\/wp\/v2\/product_brand?post=9467"},{"taxonomy":"product_cat","embeddable":true,"href":"https:\/\/uj.adatbank.ro\/lexikon\/wp-json\/wp\/v2\/product_cat?post=9467"},{"taxonomy":"product_tag","embeddable":true,"href":"https:\/\/uj.adatbank.ro\/lexikon\/wp-json\/wp\/v2\/product_tag?post=9467"}],"curies":[{"name":"wp","href":"https:\/\/api.w.org\/{rel}","templated":true}]}}