{"id":9469,"date":"2025-06-29T12:45:49","date_gmt":"2025-06-29T10:45:49","guid":{"rendered":"https:\/\/uj.adatbank.ro\/lexikon\/termek\/hajdu-rudolf\/"},"modified":"2025-06-29T12:45:49","modified_gmt":"2025-06-29T10:45:49","slug":"hajdu-rudolf","status":"publish","type":"product","link":"https:\/\/uj.adatbank.ro\/lexikon\/termek\/hajdu-rudolf\/","title":{"rendered":"HAJDU Rudolf"},"content":{"rendered":"<p>1919., \u2020 Mv., 2003.: orvos. \u2013 MOGYI orvosi kar\u00e1n v\u00e9gzett (1952). Mv.-en a V\u00e9rk\u00f6zpontban dolgozott belgy\u00f3gy\u00e1szk\u00e9nt (1953\u2013) : <br \/><strong>Irod.:<\/strong> Kiss-P. \u2013 P<\/br><\/p>\n","protected":false},"excerpt":{"rendered":"<p>1919., \u2020 Mv., 2003.: orvos. \u2013 MOGYI orvosi kar\u00e1n v\u00e9gzett (1952). Mv.-en a V\u00e9rk\u00f6zpontban dolgozott belgy\u00f3gy\u00e1szk\u00e9nt (1953\u2013) : Irod.: Kiss-P. \u2013 P<\/p>\n","protected":false},"featured_media":0,"comment_status":"open","ping_status":"closed","template":"","meta":[],"product_brand":[],"product_cat":[137],"product_tag":[],"class_list":{"0":"post-9469","1":"product","2":"type-product","3":"status-publish","5":"product_cat-maros-megyei-eletrajzi-lexikon","7":"first","8":"instock","9":"shipping-taxable","10":"product-type-simple"},"_links":{"self":[{"href":"https:\/\/uj.adatbank.ro\/lexikon\/wp-json\/wp\/v2\/product\/9469","targetHints":{"allow":["GET"]}}],"collection":[{"href":"https:\/\/uj.adatbank.ro\/lexikon\/wp-json\/wp\/v2\/product"}],"about":[{"href":"https:\/\/uj.adatbank.ro\/lexikon\/wp-json\/wp\/v2\/types\/product"}],"replies":[{"embeddable":true,"href":"https:\/\/uj.adatbank.ro\/lexikon\/wp-json\/wp\/v2\/comments?post=9469"}],"wp:attachment":[{"href":"https:\/\/uj.adatbank.ro\/lexikon\/wp-json\/wp\/v2\/media?parent=9469"}],"wp:term":[{"taxonomy":"product_brand","embeddable":true,"href":"https:\/\/uj.adatbank.ro\/lexikon\/wp-json\/wp\/v2\/product_brand?post=9469"},{"taxonomy":"product_cat","embeddable":true,"href":"https:\/\/uj.adatbank.ro\/lexikon\/wp-json\/wp\/v2\/product_cat?post=9469"},{"taxonomy":"product_tag","embeddable":true,"href":"https:\/\/uj.adatbank.ro\/lexikon\/wp-json\/wp\/v2\/product_tag?post=9469"}],"curies":[{"name":"wp","href":"https:\/\/api.w.org\/{rel}","templated":true}]}}