{"id":9470,"date":"2025-06-29T12:45:51","date_gmt":"2025-06-29T10:45:51","guid":{"rendered":"https:\/\/uj.adatbank.ro\/lexikon\/termek\/hajdu-sandor-hajdu-sandor\/"},"modified":"2025-06-29T12:45:51","modified_gmt":"2025-06-29T10:45:51","slug":"hajdu-sandor-hajdu-sandor","status":"publish","type":"product","link":"https:\/\/uj.adatbank.ro\/lexikon\/termek\/hajdu-sandor-hajdu-sandor\/","title":{"rendered":"HAJD\u00da S\u00e1ndor, Hajdu S\u00e1ndor"},"content":{"rendered":"<p>? \u2020\u00a0? : f\u00e9nyk\u00e9p\u00e9sz. \u2013 F\u00e9nyk\u00e9p\u00e9szeti \u00e9s fest\u00e9szeti m\u0171terme volt Mv.-en (F\u0151t\u00e9r Apoll\u00f3, 1890 el\u0151tt\u0151l). K\u00e9peslapokon szerepel a neve: \u201eReichardsperg J. \u00e9s T\u00e1rsa kiad\u00e1sa, H. S. f\u00f6lv\u00e9tele\u201d (1900). <br \/><strong>Irod.:<\/strong> Csepreghy; Csepreghy 2010; Id\u0151t\u00e1r 5 \/1.; Mikl\u00f3si-Sikes; T\u00f6r\u00f6k G\u00e1sp\u00e1r: Visszapillant\u00e1s a fot\u00f3m\u0171v\u00e9szet v\u00e1s\u00e1rhelyi el\u0151zm\u00e9nyeire (N\u00fa., M\u00fazsa, 302. sz., 1997. j\u00fal. 11.)<\/br><\/p>\n","protected":false},"excerpt":{"rendered":"<p>? \u2020\u00a0? : f\u00e9nyk\u00e9p\u00e9sz. \u2013 F\u00e9nyk\u00e9p\u00e9szeti \u00e9s fest\u00e9szeti m\u0171terme volt Mv.-en (F\u0151t\u00e9r Apoll\u00f3, 1890 el\u0151tt\u0151l). K\u00e9peslapokon szerepel a neve: \u201eReichardsperg J. \u00e9s T\u00e1rsa kiad\u00e1sa, H. S. f\u00f6lv\u00e9tele\u201d (1900). Irod.: Csepreghy; Csepreghy 2010; Id\u0151t\u00e1r 5 \/1.; Mikl\u00f3si-Sikes; T\u00f6r\u00f6k G\u00e1sp\u00e1r: Visszapillant\u00e1s a fot\u00f3m\u0171v\u00e9szet v\u00e1s\u00e1rhelyi el\u0151zm\u00e9nyeire (N\u00fa., M\u00fazsa, 302. sz., 1997. j\u00fal. 11.)<\/p>\n","protected":false},"featured_media":0,"comment_status":"open","ping_status":"closed","template":"","meta":[],"product_brand":[],"product_cat":[137],"product_tag":[],"class_list":{"0":"post-9470","1":"product","2":"type-product","3":"status-publish","5":"product_cat-maros-megyei-eletrajzi-lexikon","7":"first","8":"instock","9":"shipping-taxable","10":"product-type-simple"},"_links":{"self":[{"href":"https:\/\/uj.adatbank.ro\/lexikon\/wp-json\/wp\/v2\/product\/9470","targetHints":{"allow":["GET"]}}],"collection":[{"href":"https:\/\/uj.adatbank.ro\/lexikon\/wp-json\/wp\/v2\/product"}],"about":[{"href":"https:\/\/uj.adatbank.ro\/lexikon\/wp-json\/wp\/v2\/types\/product"}],"replies":[{"embeddable":true,"href":"https:\/\/uj.adatbank.ro\/lexikon\/wp-json\/wp\/v2\/comments?post=9470"}],"wp:attachment":[{"href":"https:\/\/uj.adatbank.ro\/lexikon\/wp-json\/wp\/v2\/media?parent=9470"}],"wp:term":[{"taxonomy":"product_brand","embeddable":true,"href":"https:\/\/uj.adatbank.ro\/lexikon\/wp-json\/wp\/v2\/product_brand?post=9470"},{"taxonomy":"product_cat","embeddable":true,"href":"https:\/\/uj.adatbank.ro\/lexikon\/wp-json\/wp\/v2\/product_cat?post=9470"},{"taxonomy":"product_tag","embeddable":true,"href":"https:\/\/uj.adatbank.ro\/lexikon\/wp-json\/wp\/v2\/product_tag?post=9470"}],"curies":[{"name":"wp","href":"https:\/\/api.w.org\/{rel}","templated":true}]}}