{"id":9471,"date":"2025-06-29T12:45:53","date_gmt":"2025-06-29T10:45:53","guid":{"rendered":"https:\/\/uj.adatbank.ro\/lexikon\/termek\/hajdu-simon\/"},"modified":"2025-06-29T12:45:53","modified_gmt":"2025-06-29T10:45:53","slug":"hajdu-simon","status":"publish","type":"product","link":"https:\/\/uj.adatbank.ro\/lexikon\/termek\/hajdu-simon\/","title":{"rendered":"HAJDU Simon"},"content":{"rendered":"<p>? \u2020\u00a0? : jegyz\u0151. \u2013 R\u00e9szt vett Pesty Frigyes eg\u00e9sz Mo.-ra \u00e9s Erd\u00e9lyre kiterjedt helyn\u00e9vgy\u0171jt\u00e9s\u00e9ben (1864\u201365), k\u00f6z\u00f6lte Erd\u0151csin\u00e1d \u00e9s Kisillye helyneveit. <br \/><strong>Irod.:<\/strong> Pesty 2014<\/br><\/p>\n","protected":false},"excerpt":{"rendered":"<p>? \u2020\u00a0? : jegyz\u0151. \u2013 R\u00e9szt vett Pesty Frigyes eg\u00e9sz Mo.-ra \u00e9s Erd\u00e9lyre kiterjedt helyn\u00e9vgy\u0171jt\u00e9s\u00e9ben (1864\u201365), k\u00f6z\u00f6lte Erd\u0151csin\u00e1d \u00e9s Kisillye helyneveit. Irod.: Pesty 2014<\/p>\n","protected":false},"featured_media":0,"comment_status":"open","ping_status":"closed","template":"","meta":[],"product_brand":[],"product_cat":[137],"product_tag":[],"class_list":{"0":"post-9471","1":"product","2":"type-product","3":"status-publish","5":"product_cat-maros-megyei-eletrajzi-lexikon","7":"first","8":"instock","9":"shipping-taxable","10":"product-type-simple"},"_links":{"self":[{"href":"https:\/\/uj.adatbank.ro\/lexikon\/wp-json\/wp\/v2\/product\/9471","targetHints":{"allow":["GET"]}}],"collection":[{"href":"https:\/\/uj.adatbank.ro\/lexikon\/wp-json\/wp\/v2\/product"}],"about":[{"href":"https:\/\/uj.adatbank.ro\/lexikon\/wp-json\/wp\/v2\/types\/product"}],"replies":[{"embeddable":true,"href":"https:\/\/uj.adatbank.ro\/lexikon\/wp-json\/wp\/v2\/comments?post=9471"}],"wp:attachment":[{"href":"https:\/\/uj.adatbank.ro\/lexikon\/wp-json\/wp\/v2\/media?parent=9471"}],"wp:term":[{"taxonomy":"product_brand","embeddable":true,"href":"https:\/\/uj.adatbank.ro\/lexikon\/wp-json\/wp\/v2\/product_brand?post=9471"},{"taxonomy":"product_cat","embeddable":true,"href":"https:\/\/uj.adatbank.ro\/lexikon\/wp-json\/wp\/v2\/product_cat?post=9471"},{"taxonomy":"product_tag","embeddable":true,"href":"https:\/\/uj.adatbank.ro\/lexikon\/wp-json\/wp\/v2\/product_tag?post=9471"}],"curies":[{"name":"wp","href":"https:\/\/api.w.org\/{rel}","templated":true}]}}