{"id":9475,"date":"2025-06-29T12:45:58","date_gmt":"2025-06-29T10:45:58","guid":{"rendered":"https:\/\/uj.adatbank.ro\/lexikon\/termek\/hajnal-jozsef-gyergyoalfalusi\/"},"modified":"2025-06-29T12:45:58","modified_gmt":"2025-06-29T10:45:58","slug":"hajnal-jozsef-gyergyoalfalusi","status":"publish","type":"product","link":"https:\/\/uj.adatbank.ro\/lexikon\/termek\/hajnal-jozsef-gyergyoalfalusi\/","title":{"rendered":"HAJNAL J\u00f3zsef, gyergy\u00f3alfalusi"},"content":{"rendered":"<p>1780.? \u2020\u00a0Botosan, 1866. m\u00e1j. 2.: v\u00e1rosi tan\u00e1csos, f\u0151b\u00edr\u00f3. \u2013 Feles\u00e9ge: F\u00e1bi\u00e1n Erzs\u00e9bet (1788.?- Mv., 1845. febr. 26.). Veje Topler Simon, f\u0151jegyz\u0151. \u2013 Mv. v\u00e1ros polg\u00e1ra lett mint kir. t\u00e1blai \u00edrnok (1807), szen\u00e1tor (1808\u201337), cs\u0151d- \u00e9s \u00e1rszab\u00e1lyoz\u00f3 biztos (1825). Mv. f\u0151b\u00edr\u00e1ja (1829). Bem J\u00f3zsef Mv.-en elbocs\u00e1jtotta a kollabor\u00e1ns L\u00e1z\u00e1r J\u00e1nos f\u0151b\u00edr\u00f3t \u00e9s kinevezte katolikus r\u00e9szr\u0151l a v\u00e1r felvigy\u00e1z\u00f3 biztos\u00e1nak (1849. jan. 1.), Mv. v\u00e1ros nyugalm\u00e1t volt hivatva biztos\u00edtani, kinevezt\u00e9k helyettes, majd t\u00e9nyleges f\u0151b\u00edr\u00f3v\u00e1 (1849. jan. 16\u2013). F\u0151b\u00edr\u00f3k\u00e9nt Forr\u00f3 Elek alezredes \u0151rparancsnokt\u00f3l fegyveres er\u0151s\u00edt\u00e9st k\u00e9rt (1849. jan. 23.). A harcokb\u00f3l hazat\u00e9r\u0151 katon\u00e1k megseg\u00edt\u00e9s\u00e9re p\u00e9nzgy\u0171jt\u00e9st szervezett (1849. m\u00e1rc., \u00e1pr.). A v\u00e1ros, az egyh\u00e1zak \u00e1ltal adom\u00e1nyozott harangokb\u00f3l \u00f6t \u00e1gy\u00fat \u00f6ntetett, amelyeket egy esetleges \u00fajabb t\u00e1mad\u00e1s eset\u00e9re, a v\u00e1rban helyeztek el (1849). Makszim Makszimovics Grotenhjelm t\u00e1bornok csapataival k\u00f6zeledett Mv. fel\u00e9, a v\u00e1ros vezet\u0151s\u00e9ge k\u00fcld\u00f6tts\u00e9ggel Marosszentgy\u00f6rgy hat\u00e1r\u00e1ban fogadta \u00e9s beh\u00f3dolt a t\u00e1bornok el\u0151tt (1849. aug. 3. du.). A Gecse f\u00e9le Emberszereteti Int\u00e9zet alap\u00edt\u00e1s\u00e1ban a v\u00e1rost k\u00e9pviselte. \u00d6nk\u00e9ntes sz\u00e1mkivet\u00e9sben \u00e9lt Botos\u00e1nban, ott is halt meg. <br \/><strong>Irod.:<\/strong> 1848\u20131849 Transilvania; 1848\u20131849 Marossz\u00e9k; Fodor\u2013Bal\u00e1s; Gy\u00e1szjelent\u0151.; Id\u0151t\u00e1r 1\u20132.; 5 \/ 1.; Kr\u00f3n. F\u00fcz. (1939. 4\/6); P\u00e1l-Antal; P\u00e1l-Antal 2002; P\u00e1l-Antal 2006; P\u00e1l-Antal 2009; Szentgy\u00f6rgyi<\/br><\/p>\n","protected":false},"excerpt":{"rendered":"<p>1780.? \u2020\u00a0Botosan, 1866. m\u00e1j. 2.: v\u00e1rosi tan\u00e1csos, f\u0151b\u00edr\u00f3. \u2013 Feles\u00e9ge: F\u00e1bi\u00e1n Erzs\u00e9bet (1788.?- Mv., 1845. febr. 26.). Veje Topler Simon, f\u0151jegyz\u0151. \u2013 Mv. v\u00e1ros polg\u00e1ra lett mint kir. t\u00e1blai \u00edrnok (1807), szen\u00e1tor (1808\u201337), cs\u0151d- \u00e9s \u00e1rszab\u00e1lyoz\u00f3 biztos (1825). Mv. f\u0151b\u00edr\u00e1ja (1829). Bem J\u00f3zsef Mv.-en elbocs\u00e1jtotta a kollabor\u00e1ns L\u00e1z\u00e1r J\u00e1nos f\u0151b\u00edr\u00f3t \u00e9s kinevezte katolikus r\u00e9szr\u0151l a [&hellip;]<\/p>\n","protected":false},"featured_media":0,"comment_status":"open","ping_status":"closed","template":"","meta":[],"product_brand":[],"product_cat":[137],"product_tag":[],"class_list":{"0":"post-9475","1":"product","2":"type-product","3":"status-publish","5":"product_cat-maros-megyei-eletrajzi-lexikon","7":"first","8":"instock","9":"shipping-taxable","10":"product-type-simple"},"_links":{"self":[{"href":"https:\/\/uj.adatbank.ro\/lexikon\/wp-json\/wp\/v2\/product\/9475","targetHints":{"allow":["GET"]}}],"collection":[{"href":"https:\/\/uj.adatbank.ro\/lexikon\/wp-json\/wp\/v2\/product"}],"about":[{"href":"https:\/\/uj.adatbank.ro\/lexikon\/wp-json\/wp\/v2\/types\/product"}],"replies":[{"embeddable":true,"href":"https:\/\/uj.adatbank.ro\/lexikon\/wp-json\/wp\/v2\/comments?post=9475"}],"wp:attachment":[{"href":"https:\/\/uj.adatbank.ro\/lexikon\/wp-json\/wp\/v2\/media?parent=9475"}],"wp:term":[{"taxonomy":"product_brand","embeddable":true,"href":"https:\/\/uj.adatbank.ro\/lexikon\/wp-json\/wp\/v2\/product_brand?post=9475"},{"taxonomy":"product_cat","embeddable":true,"href":"https:\/\/uj.adatbank.ro\/lexikon\/wp-json\/wp\/v2\/product_cat?post=9475"},{"taxonomy":"product_tag","embeddable":true,"href":"https:\/\/uj.adatbank.ro\/lexikon\/wp-json\/wp\/v2\/product_tag?post=9475"}],"curies":[{"name":"wp","href":"https:\/\/api.w.org\/{rel}","templated":true}]}}