{"id":9479,"date":"2025-06-29T12:46:07","date_gmt":"2025-06-29T10:46:07","guid":{"rendered":"https:\/\/uj.adatbank.ro\/lexikon\/termek\/hajnal-laszlo-2\/"},"modified":"2025-06-29T12:46:07","modified_gmt":"2025-06-29T10:46:07","slug":"hajnal-laszlo-2","status":"publish","type":"product","link":"https:\/\/uj.adatbank.ro\/lexikon\/termek\/hajnal-laszlo-2\/","title":{"rendered":"HAJNAL L\u00e1szl\u00f3"},"content":{"rendered":"<p>? \u2020\u00a0?: aljegyz\u0151, f\u00f6ldbirtokos. \u2013 Mez\u0151szentgy\u00f6rgyi birtok\u00e1t a forradalm\u00e1rok fellelt\u00e1rozt\u00e1k \u00e9s sz\u00e9tosztott\u00e1k; \u0151 csal\u00e1dj\u00e1val elmenek\u00fclt (1848). Mv. 1849. m\u00e1rc. 19.-\u00e9n meg\u00faj\u00edtott tan\u00e1cs\u00e1ban aljegyz\u0151. <br \/><strong>Irod.:<\/strong> Id\u0151t\u00e1r 5 \/ 1.; P\u00e1l-Antal; S\u00e2npetru de C\u00e2mpie<\/br><\/p>\n","protected":false},"excerpt":{"rendered":"<p>? \u2020\u00a0?: aljegyz\u0151, f\u00f6ldbirtokos. \u2013 Mez\u0151szentgy\u00f6rgyi birtok\u00e1t a forradalm\u00e1rok fellelt\u00e1rozt\u00e1k \u00e9s sz\u00e9tosztott\u00e1k; \u0151 csal\u00e1dj\u00e1val elmenek\u00fclt (1848). Mv. 1849. m\u00e1rc. 19.-\u00e9n meg\u00faj\u00edtott tan\u00e1cs\u00e1ban aljegyz\u0151. Irod.: Id\u0151t\u00e1r 5 \/ 1.; P\u00e1l-Antal; S\u00e2npetru de C\u00e2mpie<\/p>\n","protected":false},"featured_media":0,"comment_status":"open","ping_status":"closed","template":"","meta":[],"product_brand":[],"product_cat":[137],"product_tag":[],"class_list":{"0":"post-9479","1":"product","2":"type-product","3":"status-publish","5":"product_cat-maros-megyei-eletrajzi-lexikon","7":"first","8":"instock","9":"shipping-taxable","10":"product-type-simple"},"_links":{"self":[{"href":"https:\/\/uj.adatbank.ro\/lexikon\/wp-json\/wp\/v2\/product\/9479","targetHints":{"allow":["GET"]}}],"collection":[{"href":"https:\/\/uj.adatbank.ro\/lexikon\/wp-json\/wp\/v2\/product"}],"about":[{"href":"https:\/\/uj.adatbank.ro\/lexikon\/wp-json\/wp\/v2\/types\/product"}],"replies":[{"embeddable":true,"href":"https:\/\/uj.adatbank.ro\/lexikon\/wp-json\/wp\/v2\/comments?post=9479"}],"wp:attachment":[{"href":"https:\/\/uj.adatbank.ro\/lexikon\/wp-json\/wp\/v2\/media?parent=9479"}],"wp:term":[{"taxonomy":"product_brand","embeddable":true,"href":"https:\/\/uj.adatbank.ro\/lexikon\/wp-json\/wp\/v2\/product_brand?post=9479"},{"taxonomy":"product_cat","embeddable":true,"href":"https:\/\/uj.adatbank.ro\/lexikon\/wp-json\/wp\/v2\/product_cat?post=9479"},{"taxonomy":"product_tag","embeddable":true,"href":"https:\/\/uj.adatbank.ro\/lexikon\/wp-json\/wp\/v2\/product_tag?post=9479"}],"curies":[{"name":"wp","href":"https:\/\/api.w.org\/{rel}","templated":true}]}}