{"id":9480,"date":"2025-06-29T12:46:10","date_gmt":"2025-06-29T10:46:10","guid":{"rendered":"https:\/\/uj.adatbank.ro\/lexikon\/termek\/hajos-aliz-%c2%a7-sebestyen-aliz-sebestyen-laszlone\/"},"modified":"2025-06-29T12:46:10","modified_gmt":"2025-06-29T10:46:10","slug":"hajos-aliz-%c2%a7-sebestyen-aliz-sebestyen-laszlone","status":"publish","type":"product","link":"https:\/\/uj.adatbank.ro\/lexikon\/termek\/hajos-aliz-%c2%a7-sebestyen-aliz-sebestyen-laszlone\/","title":{"rendered":"HAJ\u00d3S Aliz, \u00a7 Sebesty\u00e9n Aliz, Sebesty\u00e9n L\u00e1szl\u00f3n\u00e9"},"content":{"rendered":"<p>? \u2020 ?: \u00fajs\u00e1g\u00edr\u00f3. \u2013 F\u00e9rje: Sebesty\u00e9n L\u00e1szl\u00f3 \u00fajs\u00e1g\u00edr\u00f3. \u2013 Kass\u00e1r\u00f3l telepedett Mv. -re. A k\u00e9t vh. k\u00f6z\u00f6tt a Brass\u00f3i Lapok \u00e9s a Sz\u00e9kely Sz\u00f3 k\u00f6z\u00f6lte \u00edr\u00e1sait. M\u0171- \u00e9s sz\u00ednikritikus. KZST tag (1934\u2013). A mv.-i lapokban publik\u00e1lt, t\u00f6bbek k\u00f6z\u00f6tt a Sz\u00e9kelyf\u00f6ldben. <br \/><strong>Irod.:<\/strong> Marosi-Helikon; Marosi-KZST; Molter 3.; T\u00f3falvi 5.<\/br><\/p>\n","protected":false},"excerpt":{"rendered":"<p>? \u2020 ?: \u00fajs\u00e1g\u00edr\u00f3. \u2013 F\u00e9rje: Sebesty\u00e9n L\u00e1szl\u00f3 \u00fajs\u00e1g\u00edr\u00f3. \u2013 Kass\u00e1r\u00f3l telepedett Mv. -re. A k\u00e9t vh. k\u00f6z\u00f6tt a Brass\u00f3i Lapok \u00e9s a Sz\u00e9kely Sz\u00f3 k\u00f6z\u00f6lte \u00edr\u00e1sait. M\u0171- \u00e9s sz\u00ednikritikus. KZST tag (1934\u2013). A mv.-i lapokban publik\u00e1lt, t\u00f6bbek k\u00f6z\u00f6tt a Sz\u00e9kelyf\u00f6ldben. Irod.: Marosi-Helikon; Marosi-KZST; Molter 3.; T\u00f3falvi 5.<\/p>\n","protected":false},"featured_media":0,"comment_status":"open","ping_status":"closed","template":"","meta":[],"product_brand":[],"product_cat":[137],"product_tag":[],"class_list":{"0":"post-9480","1":"product","2":"type-product","3":"status-publish","5":"product_cat-maros-megyei-eletrajzi-lexikon","7":"first","8":"instock","9":"shipping-taxable","10":"product-type-simple"},"_links":{"self":[{"href":"https:\/\/uj.adatbank.ro\/lexikon\/wp-json\/wp\/v2\/product\/9480","targetHints":{"allow":["GET"]}}],"collection":[{"href":"https:\/\/uj.adatbank.ro\/lexikon\/wp-json\/wp\/v2\/product"}],"about":[{"href":"https:\/\/uj.adatbank.ro\/lexikon\/wp-json\/wp\/v2\/types\/product"}],"replies":[{"embeddable":true,"href":"https:\/\/uj.adatbank.ro\/lexikon\/wp-json\/wp\/v2\/comments?post=9480"}],"wp:attachment":[{"href":"https:\/\/uj.adatbank.ro\/lexikon\/wp-json\/wp\/v2\/media?parent=9480"}],"wp:term":[{"taxonomy":"product_brand","embeddable":true,"href":"https:\/\/uj.adatbank.ro\/lexikon\/wp-json\/wp\/v2\/product_brand?post=9480"},{"taxonomy":"product_cat","embeddable":true,"href":"https:\/\/uj.adatbank.ro\/lexikon\/wp-json\/wp\/v2\/product_cat?post=9480"},{"taxonomy":"product_tag","embeddable":true,"href":"https:\/\/uj.adatbank.ro\/lexikon\/wp-json\/wp\/v2\/product_tag?post=9480"}],"curies":[{"name":"wp","href":"https:\/\/api.w.org\/{rel}","templated":true}]}}