{"id":9485,"date":"2025-06-29T12:46:25","date_gmt":"2025-06-29T10:46:25","guid":{"rendered":"https:\/\/uj.adatbank.ro\/lexikon\/termek\/halabory-zsolt\/"},"modified":"2025-06-29T12:46:25","modified_gmt":"2025-06-29T10:46:25","slug":"halabory-zsolt","status":"publish","type":"product","link":"https:\/\/uj.adatbank.ro\/lexikon\/termek\/halabory-zsolt\/","title":{"rendered":"HALABORY Zsolt"},"content":{"rendered":"<p>Mez\u0151szentmih\u00e1ly, 1925. aug. 25., \u2020\u00a0? : technikus, f\u00f6ldbirtokos. \u2013 Letart\u00f3ztatt\u00e1k (1958. febr. 25), \u00e1llamellenes tev\u00e9kenys\u00e9g v\u00e1dj\u00e1val Nagy S\u00e1muel \u00e9s Velicsek Andr\u00e1ssal egy\u00fctt. K\u00e9t hetes fogvatart\u00e1s ut\u00e1n szabadon engedt\u00e9k. <br \/><strong>Irod.:<\/strong> \u00c1ldozatok<\/br><\/p>\n","protected":false},"excerpt":{"rendered":"<p>Mez\u0151szentmih\u00e1ly, 1925. aug. 25., \u2020\u00a0? : technikus, f\u00f6ldbirtokos. \u2013 Letart\u00f3ztatt\u00e1k (1958. febr. 25), \u00e1llamellenes tev\u00e9kenys\u00e9g v\u00e1dj\u00e1val Nagy S\u00e1muel \u00e9s Velicsek Andr\u00e1ssal egy\u00fctt. K\u00e9t hetes fogvatart\u00e1s ut\u00e1n szabadon engedt\u00e9k. Irod.: \u00c1ldozatok<\/p>\n","protected":false},"featured_media":0,"comment_status":"open","ping_status":"closed","template":"","meta":[],"product_brand":[],"product_cat":[137],"product_tag":[],"class_list":{"0":"post-9485","1":"product","2":"type-product","3":"status-publish","5":"product_cat-maros-megyei-eletrajzi-lexikon","7":"first","8":"instock","9":"shipping-taxable","10":"product-type-simple"},"_links":{"self":[{"href":"https:\/\/uj.adatbank.ro\/lexikon\/wp-json\/wp\/v2\/product\/9485","targetHints":{"allow":["GET"]}}],"collection":[{"href":"https:\/\/uj.adatbank.ro\/lexikon\/wp-json\/wp\/v2\/product"}],"about":[{"href":"https:\/\/uj.adatbank.ro\/lexikon\/wp-json\/wp\/v2\/types\/product"}],"replies":[{"embeddable":true,"href":"https:\/\/uj.adatbank.ro\/lexikon\/wp-json\/wp\/v2\/comments?post=9485"}],"wp:attachment":[{"href":"https:\/\/uj.adatbank.ro\/lexikon\/wp-json\/wp\/v2\/media?parent=9485"}],"wp:term":[{"taxonomy":"product_brand","embeddable":true,"href":"https:\/\/uj.adatbank.ro\/lexikon\/wp-json\/wp\/v2\/product_brand?post=9485"},{"taxonomy":"product_cat","embeddable":true,"href":"https:\/\/uj.adatbank.ro\/lexikon\/wp-json\/wp\/v2\/product_cat?post=9485"},{"taxonomy":"product_tag","embeddable":true,"href":"https:\/\/uj.adatbank.ro\/lexikon\/wp-json\/wp\/v2\/product_tag?post=9485"}],"curies":[{"name":"wp","href":"https:\/\/api.w.org\/{rel}","templated":true}]}}