{"id":9488,"date":"2025-06-29T12:46:32","date_gmt":"2025-06-29T10:46:32","guid":{"rendered":"https:\/\/uj.adatbank.ro\/lexikon\/termek\/halasz-gabor\/"},"modified":"2025-06-29T12:46:32","modified_gmt":"2025-06-29T10:46:32","slug":"halasz-gabor","status":"publish","type":"product","link":"https:\/\/uj.adatbank.ro\/lexikon\/termek\/halasz-gabor\/","title":{"rendered":"HAL\u00c1SZ G\u00e1bor"},"content":{"rendered":"<p>1848.? \u2020 Mv., 1917. m\u00e1rc. 2.: hivatalnok. \u2013 Gyermekei: G\u00e1bor, m. kir. posta- \u00e9s t\u00e1virdatiszt; Jen\u0151, m. kir. posta- \u00e9s t\u00e1virda f\u0151m\u00e9rn\u00f6ke; Margit; Imre (1875.? \u2013 Sz\u00e9kelyudvarhely, 1905. j\u00fan. 18.). \u2013 Mv.-i m. kir. posta- \u00e9s t\u00e1virda f\u0151fel\u00fcgyel\u0151, a mv.-i 1. sz. posta- \u00e9s t\u00e1virdahivatal f\u0151n\u00f6ke (1880. j\u00fal. 1). Vad\u00e1szegylet alak\u00edt\u00e1s\u00e1t hat\u00e1rozt\u00e1k el k\u00f6z\u00f6sen Draveczky Adorj\u00e1n kir. f\u0151\u00fcgy\u00e9sszel (1883. j\u00fal. 21.) <br \/><strong>Irod.:<\/strong> Gy\u00e1szjelent\u0151; Id\u0151t\u00e1r 5 \/1.<\/br><\/p>\n","protected":false},"excerpt":{"rendered":"<p>1848.? \u2020 Mv., 1917. m\u00e1rc. 2.: hivatalnok. \u2013 Gyermekei: G\u00e1bor, m. kir. posta- \u00e9s t\u00e1virdatiszt; Jen\u0151, m. kir. posta- \u00e9s t\u00e1virda f\u0151m\u00e9rn\u00f6ke; Margit; Imre (1875.? \u2013 Sz\u00e9kelyudvarhely, 1905. j\u00fan. 18.). \u2013 Mv.-i m. kir. posta- \u00e9s t\u00e1virda f\u0151fel\u00fcgyel\u0151, a mv.-i 1. sz. posta- \u00e9s t\u00e1virdahivatal f\u0151n\u00f6ke (1880. j\u00fal. 1). Vad\u00e1szegylet alak\u00edt\u00e1s\u00e1t hat\u00e1rozt\u00e1k el k\u00f6z\u00f6sen Draveczky [&hellip;]<\/p>\n","protected":false},"featured_media":0,"comment_status":"open","ping_status":"closed","template":"","meta":[],"product_brand":[],"product_cat":[137],"product_tag":[],"class_list":{"0":"post-9488","1":"product","2":"type-product","3":"status-publish","5":"product_cat-maros-megyei-eletrajzi-lexikon","7":"first","8":"instock","9":"shipping-taxable","10":"product-type-simple"},"_links":{"self":[{"href":"https:\/\/uj.adatbank.ro\/lexikon\/wp-json\/wp\/v2\/product\/9488","targetHints":{"allow":["GET"]}}],"collection":[{"href":"https:\/\/uj.adatbank.ro\/lexikon\/wp-json\/wp\/v2\/product"}],"about":[{"href":"https:\/\/uj.adatbank.ro\/lexikon\/wp-json\/wp\/v2\/types\/product"}],"replies":[{"embeddable":true,"href":"https:\/\/uj.adatbank.ro\/lexikon\/wp-json\/wp\/v2\/comments?post=9488"}],"wp:attachment":[{"href":"https:\/\/uj.adatbank.ro\/lexikon\/wp-json\/wp\/v2\/media?parent=9488"}],"wp:term":[{"taxonomy":"product_brand","embeddable":true,"href":"https:\/\/uj.adatbank.ro\/lexikon\/wp-json\/wp\/v2\/product_brand?post=9488"},{"taxonomy":"product_cat","embeddable":true,"href":"https:\/\/uj.adatbank.ro\/lexikon\/wp-json\/wp\/v2\/product_cat?post=9488"},{"taxonomy":"product_tag","embeddable":true,"href":"https:\/\/uj.adatbank.ro\/lexikon\/wp-json\/wp\/v2\/product_tag?post=9488"}],"curies":[{"name":"wp","href":"https:\/\/api.w.org\/{rel}","templated":true}]}}