{"id":9489,"date":"2025-06-29T12:46:33","date_gmt":"2025-06-29T10:46:33","guid":{"rendered":"https:\/\/uj.adatbank.ro\/lexikon\/termek\/halasz-gyula\/"},"modified":"2025-06-29T12:46:33","modified_gmt":"2025-06-29T10:46:33","slug":"halasz-gyula","status":"publish","type":"product","link":"https:\/\/uj.adatbank.ro\/lexikon\/termek\/halasz-gyula\/","title":{"rendered":"HAL\u00c1SZ Gyula"},"content":{"rendered":"<p>Detta, 1901., \u2020\u00a0Mv., 1997. okt. 27.: mechanikus. \u2013 Iskol\u00e1i sz\u00fcl\u0151faluj\u00e1ban, majd Brass\u00f3ban v\u00e9gezte. El\u0151bb kereskedelmi p\u00e1ly\u00e1n m\u0171k\u00f6d\u00f6tt mint gabonakeresked\u0151, azut\u00e1n tanult szakm\u00e1j\u00e1ban \u00f6n\u00e1ll\u00f3 mester Mv.-en (1938\u2013), j\u00f3nev\u0171 iparosa volt a v\u00e1rosnak. <br \/><strong>Irod.:<\/strong> Sz\u00e9kelyf\u00f6ld \u00ed. k.; [Nekrol\u00f3g] (N\u00fa., 1997. okt. 28.)<\/br><\/p>\n","protected":false},"excerpt":{"rendered":"<p>Detta, 1901., \u2020\u00a0Mv., 1997. okt. 27.: mechanikus. \u2013 Iskol\u00e1i sz\u00fcl\u0151faluj\u00e1ban, majd Brass\u00f3ban v\u00e9gezte. El\u0151bb kereskedelmi p\u00e1ly\u00e1n m\u0171k\u00f6d\u00f6tt mint gabonakeresked\u0151, azut\u00e1n tanult szakm\u00e1j\u00e1ban \u00f6n\u00e1ll\u00f3 mester Mv.-en (1938\u2013), j\u00f3nev\u0171 iparosa volt a v\u00e1rosnak. Irod.: Sz\u00e9kelyf\u00f6ld \u00ed. k.; [Nekrol\u00f3g] (N\u00fa., 1997. okt. 28.)<\/p>\n","protected":false},"featured_media":0,"comment_status":"open","ping_status":"closed","template":"","meta":[],"product_brand":[],"product_cat":[137],"product_tag":[],"class_list":{"0":"post-9489","1":"product","2":"type-product","3":"status-publish","5":"product_cat-maros-megyei-eletrajzi-lexikon","7":"first","8":"instock","9":"shipping-taxable","10":"product-type-simple"},"_links":{"self":[{"href":"https:\/\/uj.adatbank.ro\/lexikon\/wp-json\/wp\/v2\/product\/9489","targetHints":{"allow":["GET"]}}],"collection":[{"href":"https:\/\/uj.adatbank.ro\/lexikon\/wp-json\/wp\/v2\/product"}],"about":[{"href":"https:\/\/uj.adatbank.ro\/lexikon\/wp-json\/wp\/v2\/types\/product"}],"replies":[{"embeddable":true,"href":"https:\/\/uj.adatbank.ro\/lexikon\/wp-json\/wp\/v2\/comments?post=9489"}],"wp:attachment":[{"href":"https:\/\/uj.adatbank.ro\/lexikon\/wp-json\/wp\/v2\/media?parent=9489"}],"wp:term":[{"taxonomy":"product_brand","embeddable":true,"href":"https:\/\/uj.adatbank.ro\/lexikon\/wp-json\/wp\/v2\/product_brand?post=9489"},{"taxonomy":"product_cat","embeddable":true,"href":"https:\/\/uj.adatbank.ro\/lexikon\/wp-json\/wp\/v2\/product_cat?post=9489"},{"taxonomy":"product_tag","embeddable":true,"href":"https:\/\/uj.adatbank.ro\/lexikon\/wp-json\/wp\/v2\/product_tag?post=9489"}],"curies":[{"name":"wp","href":"https:\/\/api.w.org\/{rel}","templated":true}]}}