{"id":9493,"date":"2025-06-29T12:46:40","date_gmt":"2025-06-29T10:46:40","guid":{"rendered":"https:\/\/uj.adatbank.ro\/lexikon\/termek\/halasz-lajos\/"},"modified":"2025-06-29T12:46:40","modified_gmt":"2025-06-29T10:46:40","slug":"halasz-lajos","status":"publish","type":"product","link":"https:\/\/uj.adatbank.ro\/lexikon\/termek\/halasz-lajos\/","title":{"rendered":"HAL\u00c1SZ Lajos"},"content":{"rendered":"<p>? \u2020\u00a0?: heged\u0171m\u0171v\u00e9sz, tan\u00e1r. \u2013 A Mv.-i \u00c1llami Filharm\u00f3nia zenekar tagja, heged\u0171s (1958 k. \u2013 ). Mint kamarazenei muzsikus is szerepelt. Tan\u00e1r a zeneiskol\u00e1ban. <br \/><strong>Irod.:<\/strong> Filarmonica 50<\/br><\/p>\n","protected":false},"excerpt":{"rendered":"<p>? \u2020\u00a0?: heged\u0171m\u0171v\u00e9sz, tan\u00e1r. \u2013 A Mv.-i \u00c1llami Filharm\u00f3nia zenekar tagja, heged\u0171s (1958 k. \u2013 ). Mint kamarazenei muzsikus is szerepelt. Tan\u00e1r a zeneiskol\u00e1ban. Irod.: Filarmonica 50<\/p>\n","protected":false},"featured_media":0,"comment_status":"open","ping_status":"closed","template":"","meta":[],"product_brand":[],"product_cat":[137],"product_tag":[],"class_list":{"0":"post-9493","1":"product","2":"type-product","3":"status-publish","5":"product_cat-maros-megyei-eletrajzi-lexikon","7":"first","8":"instock","9":"shipping-taxable","10":"product-type-simple"},"_links":{"self":[{"href":"https:\/\/uj.adatbank.ro\/lexikon\/wp-json\/wp\/v2\/product\/9493","targetHints":{"allow":["GET"]}}],"collection":[{"href":"https:\/\/uj.adatbank.ro\/lexikon\/wp-json\/wp\/v2\/product"}],"about":[{"href":"https:\/\/uj.adatbank.ro\/lexikon\/wp-json\/wp\/v2\/types\/product"}],"replies":[{"embeddable":true,"href":"https:\/\/uj.adatbank.ro\/lexikon\/wp-json\/wp\/v2\/comments?post=9493"}],"wp:attachment":[{"href":"https:\/\/uj.adatbank.ro\/lexikon\/wp-json\/wp\/v2\/media?parent=9493"}],"wp:term":[{"taxonomy":"product_brand","embeddable":true,"href":"https:\/\/uj.adatbank.ro\/lexikon\/wp-json\/wp\/v2\/product_brand?post=9493"},{"taxonomy":"product_cat","embeddable":true,"href":"https:\/\/uj.adatbank.ro\/lexikon\/wp-json\/wp\/v2\/product_cat?post=9493"},{"taxonomy":"product_tag","embeddable":true,"href":"https:\/\/uj.adatbank.ro\/lexikon\/wp-json\/wp\/v2\/product_tag?post=9493"}],"curies":[{"name":"wp","href":"https:\/\/api.w.org\/{rel}","templated":true}]}}