{"id":9495,"date":"2025-06-29T12:46:43","date_gmt":"2025-06-29T10:46:43","guid":{"rendered":"https:\/\/uj.adatbank.ro\/lexikon\/termek\/halaszi-marton\/"},"modified":"2025-06-29T12:46:43","modified_gmt":"2025-06-29T10:46:43","slug":"halaszi-marton","status":"publish","type":"product","link":"https:\/\/uj.adatbank.ro\/lexikon\/termek\/halaszi-marton\/","title":{"rendered":"HAL\u00c1SZI M\u00e1rton"},"content":{"rendered":"<p>? \u2020 ? : lelkip\u00e1sztor. \u2013 Somosdon volt ref. lelk\u00e9sz (1693\u20131697). A vizit\u00e1ci\u00f3k alkalm\u00e1val, amelyek jegyz\u0151k\u00f6nyvei a R\u00e9gi Matrikul\u00e1ban maradtak fenn, a szolg\u00e1lat\u00e1t d\u00edcs\u00e9rt\u00e9k a h\u00edvek. M\u00e9g szolg\u00e1lt Mez\u0151k\u00f6lp\u00e9nyen (1699\u20131701), Ny\u00e1r\u00e1dszentsimonban (\u20131709) Fintah\u00e1z\u00e1n, ahol egyh\u00e1zi n\u00f3t\u00e1rius, esperes helyettes (1710\u201327), Kelementelk\u00e9n (1728\u201332). <br \/><strong>Irod.:<\/strong> Somosd<\/br><\/p>\n","protected":false},"excerpt":{"rendered":"<p>? \u2020 ? : lelkip\u00e1sztor. \u2013 Somosdon volt ref. lelk\u00e9sz (1693\u20131697). A vizit\u00e1ci\u00f3k alkalm\u00e1val, amelyek jegyz\u0151k\u00f6nyvei a R\u00e9gi Matrikul\u00e1ban maradtak fenn, a szolg\u00e1lat\u00e1t d\u00edcs\u00e9rt\u00e9k a h\u00edvek. M\u00e9g szolg\u00e1lt Mez\u0151k\u00f6lp\u00e9nyen (1699\u20131701), Ny\u00e1r\u00e1dszentsimonban (\u20131709) Fintah\u00e1z\u00e1n, ahol egyh\u00e1zi n\u00f3t\u00e1rius, esperes helyettes (1710\u201327), Kelementelk\u00e9n (1728\u201332). Irod.: Somosd<\/p>\n","protected":false},"featured_media":0,"comment_status":"open","ping_status":"closed","template":"","meta":[],"product_brand":[],"product_cat":[137],"product_tag":[],"class_list":{"0":"post-9495","1":"product","2":"type-product","3":"status-publish","5":"product_cat-maros-megyei-eletrajzi-lexikon","7":"first","8":"instock","9":"shipping-taxable","10":"product-type-simple"},"_links":{"self":[{"href":"https:\/\/uj.adatbank.ro\/lexikon\/wp-json\/wp\/v2\/product\/9495","targetHints":{"allow":["GET"]}}],"collection":[{"href":"https:\/\/uj.adatbank.ro\/lexikon\/wp-json\/wp\/v2\/product"}],"about":[{"href":"https:\/\/uj.adatbank.ro\/lexikon\/wp-json\/wp\/v2\/types\/product"}],"replies":[{"embeddable":true,"href":"https:\/\/uj.adatbank.ro\/lexikon\/wp-json\/wp\/v2\/comments?post=9495"}],"wp:attachment":[{"href":"https:\/\/uj.adatbank.ro\/lexikon\/wp-json\/wp\/v2\/media?parent=9495"}],"wp:term":[{"taxonomy":"product_brand","embeddable":true,"href":"https:\/\/uj.adatbank.ro\/lexikon\/wp-json\/wp\/v2\/product_brand?post=9495"},{"taxonomy":"product_cat","embeddable":true,"href":"https:\/\/uj.adatbank.ro\/lexikon\/wp-json\/wp\/v2\/product_cat?post=9495"},{"taxonomy":"product_tag","embeddable":true,"href":"https:\/\/uj.adatbank.ro\/lexikon\/wp-json\/wp\/v2\/product_tag?post=9495"}],"curies":[{"name":"wp","href":"https:\/\/api.w.org\/{rel}","templated":true}]}}