{"id":9498,"date":"2025-06-29T12:46:51","date_gmt":"2025-06-29T10:46:51","guid":{"rendered":"https:\/\/uj.adatbank.ro\/lexikon\/termek\/halberg-otto\/"},"modified":"2025-06-29T12:46:51","modified_gmt":"2025-06-29T10:46:51","slug":"halberg-otto","status":"publish","type":"product","link":"https:\/\/uj.adatbank.ro\/lexikon\/termek\/halberg-otto\/","title":{"rendered":"HALBERG Ott\u00f3"},"content":{"rendered":"<p>Beszterce, 1881. aug. 30., \u2020\u00a0? : gy\u00f3gyszer\u00e9sz. \u2013 H. Emanuel n\u00e9met keresked\u0151 fia. \u2013 Sz\u00e1szr\u00e9gen harmadik gy\u00f3gyszert\u00e1r\u00e1t alap\u00edtotta meg (1908\u201344), szabad joggyakorl\u00e1sra kapott enged\u00e9llyel m\u0171k\u00f6d\u00f6tt (1926). A telcsi Sas gy\u00f3gyszert\u00e1r tulajdonosa (1911\u201318). Tartal\u00e9kos gy\u00f3gyszer\u00fcgyi tiszt (1915\u2013). <br \/><strong>Irod.:<\/strong> P\u00e9ter H. M. 2013<\/br><\/p>\n","protected":false},"excerpt":{"rendered":"<p>Beszterce, 1881. aug. 30., \u2020\u00a0? : gy\u00f3gyszer\u00e9sz. \u2013 H. Emanuel n\u00e9met keresked\u0151 fia. \u2013 Sz\u00e1szr\u00e9gen harmadik gy\u00f3gyszert\u00e1r\u00e1t alap\u00edtotta meg (1908\u201344), szabad joggyakorl\u00e1sra kapott enged\u00e9llyel m\u0171k\u00f6d\u00f6tt (1926). A telcsi Sas gy\u00f3gyszert\u00e1r tulajdonosa (1911\u201318). Tartal\u00e9kos gy\u00f3gyszer\u00fcgyi tiszt (1915\u2013). Irod.: P\u00e9ter H. M. 2013<\/p>\n","protected":false},"featured_media":0,"comment_status":"open","ping_status":"closed","template":"","meta":[],"product_brand":[],"product_cat":[137],"product_tag":[],"class_list":{"0":"post-9498","1":"product","2":"type-product","3":"status-publish","5":"product_cat-maros-megyei-eletrajzi-lexikon","7":"first","8":"instock","9":"shipping-taxable","10":"product-type-simple"},"_links":{"self":[{"href":"https:\/\/uj.adatbank.ro\/lexikon\/wp-json\/wp\/v2\/product\/9498","targetHints":{"allow":["GET"]}}],"collection":[{"href":"https:\/\/uj.adatbank.ro\/lexikon\/wp-json\/wp\/v2\/product"}],"about":[{"href":"https:\/\/uj.adatbank.ro\/lexikon\/wp-json\/wp\/v2\/types\/product"}],"replies":[{"embeddable":true,"href":"https:\/\/uj.adatbank.ro\/lexikon\/wp-json\/wp\/v2\/comments?post=9498"}],"wp:attachment":[{"href":"https:\/\/uj.adatbank.ro\/lexikon\/wp-json\/wp\/v2\/media?parent=9498"}],"wp:term":[{"taxonomy":"product_brand","embeddable":true,"href":"https:\/\/uj.adatbank.ro\/lexikon\/wp-json\/wp\/v2\/product_brand?post=9498"},{"taxonomy":"product_cat","embeddable":true,"href":"https:\/\/uj.adatbank.ro\/lexikon\/wp-json\/wp\/v2\/product_cat?post=9498"},{"taxonomy":"product_tag","embeddable":true,"href":"https:\/\/uj.adatbank.ro\/lexikon\/wp-json\/wp\/v2\/product_tag?post=9498"}],"curies":[{"name":"wp","href":"https:\/\/api.w.org\/{rel}","templated":true}]}}