{"id":9499,"date":"2025-06-29T12:46:54","date_gmt":"2025-06-29T10:46:54","guid":{"rendered":"https:\/\/uj.adatbank.ro\/lexikon\/termek\/haller-anna-hallerkoi-gr-kalnoky-gyorgyne-szentkereszty-zsigmondne-feheregyhazi-ag\/"},"modified":"2025-06-29T12:46:54","modified_gmt":"2025-06-29T10:46:54","slug":"haller-anna-hallerkoi-gr-kalnoky-gyorgyne-szentkereszty-zsigmondne-feheregyhazi-ag","status":"publish","type":"product","link":"https:\/\/uj.adatbank.ro\/lexikon\/termek\/haller-anna-hallerkoi-gr-kalnoky-gyorgyne-szentkereszty-zsigmondne-feheregyhazi-ag\/","title":{"rendered":"HALLER Anna, hallerk\u0151i gr, K\u00e1lnoky Gy\u00f6rgyn\u00e9, Szentkereszty Zsigmondn\u00e9, feh\u00e9regyh\u00e1zi \u00e1g"},"content":{"rendered":"<p>Mv., 1816. \u00e1pr. 17., \u2020\u00a0Kisb\u00fan, 1878. okt. 20.: f\u0151ldbirtokos. \u2013 H. L\u00e1szl\u00f3 (1786\u20131837) K\u00fck\u00fcll\u0151 vm. f\u0151isp\u00e1nja \u00e9s marosn\u00e9meti \u00e9s n\u00e1daskai Gyulai Jozefa (1799\u20131817) le\u00e1nya. Els\u0151 f\u00e9rje k\u0151r\u00f6spataki gr. K\u00e1lnoky Gy\u00f6rgy (1810. m\u00e1j. 26. \u2013 1844. j\u00falius 7), cs. k. ezredes (Esk\u00fcv\u0151: 1838); 2. f\u00e9rje br. Z\u00e1goni Szentkereszty Zsigmond (Kide, 1817. j\u00fan. 29., \u2020\u00a0B\u00fan, 1891. j\u00fan. 1.). Esk\u00fcv\u0151: Kv., 1847. m\u00e1j. 21. \u2013 Az \u00e1rkosi kast\u00e9lyt \u00fajj\u00e1\u00e9p\u00edtett\u00e9k (1870), fel\u00e9p\u00edtett\u00e9k az aranyosgy\u00e9resi kast\u00e9lyt, megv\u00e1s\u00e1rolt\u00e1k a bethleni gr. Bethlen csal\u00e1dt\u00f3l az almaker\u00e9ki \u00e9s kisb\u00fani birtokot \u00e9s kast\u00e9lyt. <br \/><strong>Irod.:<\/strong> Bicsok-Orb\u00e1n; Gudenus; Kuri\u00e1k f\u00f6ldje; MNZS<\/br><\/p>\n","protected":false},"excerpt":{"rendered":"<p>Mv., 1816. \u00e1pr. 17., \u2020\u00a0Kisb\u00fan, 1878. okt. 20.: f\u0151ldbirtokos. \u2013 H. L\u00e1szl\u00f3 (1786\u20131837) K\u00fck\u00fcll\u0151 vm. f\u0151isp\u00e1nja \u00e9s marosn\u00e9meti \u00e9s n\u00e1daskai Gyulai Jozefa (1799\u20131817) le\u00e1nya. Els\u0151 f\u00e9rje k\u0151r\u00f6spataki gr. K\u00e1lnoky Gy\u00f6rgy (1810. m\u00e1j. 26. \u2013 1844. j\u00falius 7), cs. k. ezredes (Esk\u00fcv\u0151: 1838); 2. f\u00e9rje br. Z\u00e1goni Szentkereszty Zsigmond (Kide, 1817. j\u00fan. 29., \u2020\u00a0B\u00fan, 1891. j\u00fan. [&hellip;]<\/p>\n","protected":false},"featured_media":0,"comment_status":"open","ping_status":"closed","template":"","meta":[],"product_brand":[],"product_cat":[137],"product_tag":[],"class_list":{"0":"post-9499","1":"product","2":"type-product","3":"status-publish","5":"product_cat-maros-megyei-eletrajzi-lexikon","7":"first","8":"instock","9":"shipping-taxable","10":"product-type-simple"},"_links":{"self":[{"href":"https:\/\/uj.adatbank.ro\/lexikon\/wp-json\/wp\/v2\/product\/9499","targetHints":{"allow":["GET"]}}],"collection":[{"href":"https:\/\/uj.adatbank.ro\/lexikon\/wp-json\/wp\/v2\/product"}],"about":[{"href":"https:\/\/uj.adatbank.ro\/lexikon\/wp-json\/wp\/v2\/types\/product"}],"replies":[{"embeddable":true,"href":"https:\/\/uj.adatbank.ro\/lexikon\/wp-json\/wp\/v2\/comments?post=9499"}],"wp:attachment":[{"href":"https:\/\/uj.adatbank.ro\/lexikon\/wp-json\/wp\/v2\/media?parent=9499"}],"wp:term":[{"taxonomy":"product_brand","embeddable":true,"href":"https:\/\/uj.adatbank.ro\/lexikon\/wp-json\/wp\/v2\/product_brand?post=9499"},{"taxonomy":"product_cat","embeddable":true,"href":"https:\/\/uj.adatbank.ro\/lexikon\/wp-json\/wp\/v2\/product_cat?post=9499"},{"taxonomy":"product_tag","embeddable":true,"href":"https:\/\/uj.adatbank.ro\/lexikon\/wp-json\/wp\/v2\/product_tag?post=9499"}],"curies":[{"name":"wp","href":"https:\/\/api.w.org\/{rel}","templated":true}]}}