{"id":9504,"date":"2025-06-29T12:47:04","date_gmt":"2025-06-29T10:47:04","guid":{"rendered":"https:\/\/uj.adatbank.ro\/lexikon\/termek\/haller-cecilia-hallerkoi-gr-kapjoni-ag-gr-eszterhazy-denesne\/"},"modified":"2025-06-29T12:47:04","modified_gmt":"2025-06-29T10:47:04","slug":"haller-cecilia-hallerkoi-gr-kapjoni-ag-gr-eszterhazy-denesne","status":"publish","type":"product","link":"https:\/\/uj.adatbank.ro\/lexikon\/termek\/haller-cecilia-hallerkoi-gr-kapjoni-ag-gr-eszterhazy-denesne\/","title":{"rendered":"HALLER Cecilia, hallerk\u0151i gr. kapjoni \u00e1g. gr. Eszterh\u00e1zy D\u00e9nesn\u00e9"},"content":{"rendered":"<p>1798., \u2020 Kv., 1873. jan. 18. birtokos. \u2013 A szentdemeteri kast\u00e9ly \u00e9s uradalom tulajdonosa <br \/><strong>Irod.:<\/strong> [Nekrol\u00f3g] (Erd\u00e9ly, Mv., 1873.)<\/br><\/p>\n","protected":false},"excerpt":{"rendered":"<p>1798., \u2020 Kv., 1873. jan. 18. birtokos. \u2013 A szentdemeteri kast\u00e9ly \u00e9s uradalom tulajdonosa Irod.: [Nekrol\u00f3g] (Erd\u00e9ly, Mv., 1873.)<\/p>\n","protected":false},"featured_media":0,"comment_status":"open","ping_status":"closed","template":"","meta":[],"product_brand":[],"product_cat":[137],"product_tag":[],"class_list":{"0":"post-9504","1":"product","2":"type-product","3":"status-publish","5":"product_cat-maros-megyei-eletrajzi-lexikon","7":"first","8":"instock","9":"shipping-taxable","10":"product-type-simple"},"_links":{"self":[{"href":"https:\/\/uj.adatbank.ro\/lexikon\/wp-json\/wp\/v2\/product\/9504","targetHints":{"allow":["GET"]}}],"collection":[{"href":"https:\/\/uj.adatbank.ro\/lexikon\/wp-json\/wp\/v2\/product"}],"about":[{"href":"https:\/\/uj.adatbank.ro\/lexikon\/wp-json\/wp\/v2\/types\/product"}],"replies":[{"embeddable":true,"href":"https:\/\/uj.adatbank.ro\/lexikon\/wp-json\/wp\/v2\/comments?post=9504"}],"wp:attachment":[{"href":"https:\/\/uj.adatbank.ro\/lexikon\/wp-json\/wp\/v2\/media?parent=9504"}],"wp:term":[{"taxonomy":"product_brand","embeddable":true,"href":"https:\/\/uj.adatbank.ro\/lexikon\/wp-json\/wp\/v2\/product_brand?post=9504"},{"taxonomy":"product_cat","embeddable":true,"href":"https:\/\/uj.adatbank.ro\/lexikon\/wp-json\/wp\/v2\/product_cat?post=9504"},{"taxonomy":"product_tag","embeddable":true,"href":"https:\/\/uj.adatbank.ro\/lexikon\/wp-json\/wp\/v2\/product_tag?post=9504"}],"curies":[{"name":"wp","href":"https:\/\/api.w.org\/{rel}","templated":true}]}}