{"id":9507,"date":"2025-06-29T12:47:13","date_gmt":"2025-06-29T10:47:13","guid":{"rendered":"https:\/\/uj.adatbank.ro\/lexikon\/termek\/haller-ferenc-hallerkoi-gr-szentpali-es-fintahazi-ag\/"},"modified":"2025-06-29T12:47:13","modified_gmt":"2025-06-29T10:47:13","slug":"haller-ferenc-hallerkoi-gr-szentpali-es-fintahazi-ag","status":"publish","type":"product","link":"https:\/\/uj.adatbank.ro\/lexikon\/termek\/haller-ferenc-hallerkoi-gr-szentpali-es-fintahazi-ag\/","title":{"rendered":"HALLER Ferenc, hallerk\u0151i gr., szentp\u00e1li \u00e9s fintah\u00e1zi \u00e1g"},"content":{"rendered":"<p>Kerel\u0151szentp\u00e1l, 1796. m\u00e1rc. 24., \u2020 B\u00e9cs, 1875. m\u00e1rc. 5, a kerel\u0151szentp\u00e1li csal\u00e1di kript\u00e1ban nyugszik: szentp\u00e1li \u00e9s darlaci birtokos, v. b. t. t., t\u00e1bornok, birodalmi tan\u00e1csos, erd\u00e9lyi udvari kancell\u00e1r, horv\u00e1t b\u00e1n, z\u00e1gr\u00e1bi f\u0151isp\u00e1n, hadm\u00e9rn\u00f6k. \u2013 J\u00f3zsef (1754\u20131823) \u00e9s gr. Koh\u00e1ry M\u00e1ria Ter\u00e9zia (1761\u20131815) fia. Feles\u00e9ge Szirti Borb\u00e1la. \u2013 Tanult B\u00e9csben (1802). Jogi tanulm\u00e1nyainak elv\u00e9gz\u00e9se ut\u00e1n bel\u00e9pett a hadseregbe. A lipcsei csat\u00e1ban (1813) tiszti rangot szerzett. Cs. kir. kamar\u00e1s (1821), J\u00f3zsef f\u0151hg. n\u00e1dor hadseg\u00e9de (1826), t\u00e1bornok \u00e9s a nagyvez\u00e9rkar tagja, horv\u00e1t-dalm\u00e1t \u00e9s szlav\u00f3n b\u00e1n (1842\u20131846), z\u00e1gr\u00e1bi f\u0151isp\u00e1n (1844). \u0150 volt az, aki az ogy. -ben magyarul sz\u00f3lalt fel (1843). Ferdin\u00e1nd K\u00e1roly f\u0151herceg f\u0151udvarmestere (1847\u2013). Kir. hivatalos az erd\u00e9lyi 1848. \u00e9vi utols\u00f3 rendi ogy.-en (Kv., 1848. m\u00e1j. 29. -j\u00fal. 18.). Az 1848. m\u00e1rc.-i forradalom ut\u00e1n is h\u0171 maradt a b\u00e9csi udvarhoz, r\u00e9szt vett az 1848\u201349. \u00e9vi it\u00e1liai hadj\u00e1ratban, \u00e9s alt\u00e1bornaggy\u00e1 l\u00e9ptett\u00e9k el\u0151. Albrecht f\u0151hg. hadseg\u00e9de (1856\u2013), lovass\u00e1gi alt\u00e1bor\u00adnagy lett (1859\u2013). Nyug\u00e1llom\u00e1nyba vonult (1860). Az Urak H\u00e1z\u00e1nak tagja (1861). Az uralkod\u00f3 felmentette N\u00e1dasdy Ferenc gr\u00f3fot az erd\u00e9lyi kancell\u00e1ri tiszts\u00e1gb\u0151l \u00e9s kinevezte \u0151t (1865. j\u00fan. 26.). \u00c9lethosszig kinevezett birodalmi tan\u00e1csos (1869). A m. test\u00ad\u0151rs\u00e9g \u00fajb\u00f3li fel\u00e1ll\u00edt\u00e1sakor (1867) annak kapi\u00adt\u00e1nya lett. A beosztott test\u0151r\u00f6kt\u0151l kapott ez\u00fcstszably\u00e1j\u00e1t, ma a M. Nemzeti M\u00fazeumban \u0151rzik. Nem voltak gyermekei ez\u00e9rt a Szentp\u00e1li \u00e9s darlaci birtokot rokon\u00e1ra H. Gy\u00f6rgyre (1818\u20131892) hagyom\u00e1nyozta, aki Ugr\u00e1n \u00e9lt. Megkapta a Vaskorona-rendet \u00e9s a Lip\u00f3-rend nagykeresztj\u00e9t, a Szt. Istv\u00e1n Rend nagykeresztj\u00e9t (1860), Aranygypjas Rendet (1868). Tal\u00e1n \u0151 ford\u00edtott n\u00e9metb\u0151l egy misek\u00f6nyvet m. nyelvre, amit Kv., 1831-ben adtak ki. K\u00f6nyvt\u00e1ra a mv.-i Teleki T\u00e9k\u00e1ban. <br \/><strong>Irod.:<\/strong> \u00c1ll\u00f3- \u00e9s mozg\u00f3k\u00e9pek; Bodolai; Egyed \u00c1.: Erd\u00e9ly 1848. ogy.; Id\u0151t\u00e1r 5 \/1.; Keresztes; MTN; RNL; Szab\u00f3\u2013Sz\u00f6gi; \u00daM\u00c9L<\/br><\/p>\n","protected":false},"excerpt":{"rendered":"<p>Kerel\u0151szentp\u00e1l, 1796. m\u00e1rc. 24., \u2020 B\u00e9cs, 1875. m\u00e1rc. 5, a kerel\u0151szentp\u00e1li csal\u00e1di kript\u00e1ban nyugszik: szentp\u00e1li \u00e9s darlaci birtokos, v. b. t. t., t\u00e1bornok, birodalmi tan\u00e1csos, erd\u00e9lyi udvari kancell\u00e1r, horv\u00e1t b\u00e1n, z\u00e1gr\u00e1bi f\u0151isp\u00e1n, hadm\u00e9rn\u00f6k. \u2013 J\u00f3zsef (1754\u20131823) \u00e9s gr. Koh\u00e1ry M\u00e1ria Ter\u00e9zia (1761\u20131815) fia. Feles\u00e9ge Szirti Borb\u00e1la. \u2013 Tanult B\u00e9csben (1802). Jogi tanulm\u00e1nyainak elv\u00e9gz\u00e9se ut\u00e1n bel\u00e9pett [&hellip;]<\/p>\n","protected":false},"featured_media":0,"comment_status":"open","ping_status":"closed","template":"","meta":[],"product_brand":[],"product_cat":[137],"product_tag":[],"class_list":{"0":"post-9507","1":"product","2":"type-product","3":"status-publish","5":"product_cat-maros-megyei-eletrajzi-lexikon","7":"first","8":"instock","9":"shipping-taxable","10":"product-type-simple"},"_links":{"self":[{"href":"https:\/\/uj.adatbank.ro\/lexikon\/wp-json\/wp\/v2\/product\/9507","targetHints":{"allow":["GET"]}}],"collection":[{"href":"https:\/\/uj.adatbank.ro\/lexikon\/wp-json\/wp\/v2\/product"}],"about":[{"href":"https:\/\/uj.adatbank.ro\/lexikon\/wp-json\/wp\/v2\/types\/product"}],"replies":[{"embeddable":true,"href":"https:\/\/uj.adatbank.ro\/lexikon\/wp-json\/wp\/v2\/comments?post=9507"}],"wp:attachment":[{"href":"https:\/\/uj.adatbank.ro\/lexikon\/wp-json\/wp\/v2\/media?parent=9507"}],"wp:term":[{"taxonomy":"product_brand","embeddable":true,"href":"https:\/\/uj.adatbank.ro\/lexikon\/wp-json\/wp\/v2\/product_brand?post=9507"},{"taxonomy":"product_cat","embeddable":true,"href":"https:\/\/uj.adatbank.ro\/lexikon\/wp-json\/wp\/v2\/product_cat?post=9507"},{"taxonomy":"product_tag","embeddable":true,"href":"https:\/\/uj.adatbank.ro\/lexikon\/wp-json\/wp\/v2\/product_tag?post=9507"}],"curies":[{"name":"wp","href":"https:\/\/api.w.org\/{rel}","templated":true}]}}