{"id":9515,"date":"2025-06-29T12:47:43","date_gmt":"2025-06-29T10:47:43","guid":{"rendered":"https:\/\/uj.adatbank.ro\/lexikon\/termek\/haller-gyorgy-hallerkoi-gr\/"},"modified":"2025-06-29T12:47:43","modified_gmt":"2025-06-29T10:47:43","slug":"haller-gyorgy-hallerkoi-gr","status":"publish","type":"product","link":"https:\/\/uj.adatbank.ro\/lexikon\/termek\/haller-gyorgy-hallerkoi-gr\/","title":{"rendered":"HALLER Gy\u00f6rgy, hallerk\u0151i gr."},"content":{"rendered":"<p>Feh\u00e9regyh\u00e1za, 1594, \u2020 1633: f\u00f6ldbirtokos, f\u0151kapit\u00e1ny. \u2013 Apja: H. G\u00e1bor (1558\u20131608). Feles\u00e9ge: Ny\u00e1ry Borb\u00e1la. \u2013 A mezei hadak f\u0151kapit\u00e1nya, a szatm\u00e1ri v\u00e1r parancsnoka. A kapjoni birtokot apj\u00e1t\u00f3l \u00f6r\u00f6k\u00f6lte, \u0151 a kapjoni \u00e1g megalap\u00edt\u00f3ja. <br \/><strong>Irod.:<\/strong> Gudenus<\/br><\/p>\n","protected":false},"excerpt":{"rendered":"<p>Feh\u00e9regyh\u00e1za, 1594, \u2020 1633: f\u00f6ldbirtokos, f\u0151kapit\u00e1ny. \u2013 Apja: H. G\u00e1bor (1558\u20131608). Feles\u00e9ge: Ny\u00e1ry Borb\u00e1la. \u2013 A mezei hadak f\u0151kapit\u00e1nya, a szatm\u00e1ri v\u00e1r parancsnoka. A kapjoni birtokot apj\u00e1t\u00f3l \u00f6r\u00f6k\u00f6lte, \u0151 a kapjoni \u00e1g megalap\u00edt\u00f3ja. Irod.: Gudenus<\/p>\n","protected":false},"featured_media":0,"comment_status":"open","ping_status":"closed","template":"","meta":[],"product_brand":[],"product_cat":[137],"product_tag":[],"class_list":{"0":"post-9515","1":"product","2":"type-product","3":"status-publish","5":"product_cat-maros-megyei-eletrajzi-lexikon","7":"first","8":"instock","9":"shipping-taxable","10":"product-type-simple"},"_links":{"self":[{"href":"https:\/\/uj.adatbank.ro\/lexikon\/wp-json\/wp\/v2\/product\/9515","targetHints":{"allow":["GET"]}}],"collection":[{"href":"https:\/\/uj.adatbank.ro\/lexikon\/wp-json\/wp\/v2\/product"}],"about":[{"href":"https:\/\/uj.adatbank.ro\/lexikon\/wp-json\/wp\/v2\/types\/product"}],"replies":[{"embeddable":true,"href":"https:\/\/uj.adatbank.ro\/lexikon\/wp-json\/wp\/v2\/comments?post=9515"}],"wp:attachment":[{"href":"https:\/\/uj.adatbank.ro\/lexikon\/wp-json\/wp\/v2\/media?parent=9515"}],"wp:term":[{"taxonomy":"product_brand","embeddable":true,"href":"https:\/\/uj.adatbank.ro\/lexikon\/wp-json\/wp\/v2\/product_brand?post=9515"},{"taxonomy":"product_cat","embeddable":true,"href":"https:\/\/uj.adatbank.ro\/lexikon\/wp-json\/wp\/v2\/product_cat?post=9515"},{"taxonomy":"product_tag","embeddable":true,"href":"https:\/\/uj.adatbank.ro\/lexikon\/wp-json\/wp\/v2\/product_tag?post=9515"}],"curies":[{"name":"wp","href":"https:\/\/api.w.org\/{rel}","templated":true}]}}