{"id":9521,"date":"2025-06-29T12:47:54","date_gmt":"2025-06-29T10:47:54","guid":{"rendered":"https:\/\/uj.adatbank.ro\/lexikon\/termek\/haller-ioan\/"},"modified":"2025-06-29T12:47:54","modified_gmt":"2025-06-29T10:47:54","slug":"haller-ioan","status":"publish","type":"product","link":"https:\/\/uj.adatbank.ro\/lexikon\/termek\/haller-ioan\/","title":{"rendered":"HALLER Ioan"},"content":{"rendered":"<p>? \u2020\u00a0? : dr. polg\u00e1rmester helyettes. \u2013 Mv.-en az id\u0151k\u00f6zi bizotts\u00e1g tagja rom\u00e1n r\u00e9szr\u0151l (1931\u201334), majd Dandea Emil polg\u00e1rmester helyettese (1933). <br \/><strong>Irod.:<\/strong> Id\u0151t\u00e1r 3<\/br><\/p>\n","protected":false},"excerpt":{"rendered":"<p>? \u2020\u00a0? : dr. polg\u00e1rmester helyettes. \u2013 Mv.-en az id\u0151k\u00f6zi bizotts\u00e1g tagja rom\u00e1n r\u00e9szr\u0151l (1931\u201334), majd Dandea Emil polg\u00e1rmester helyettese (1933). Irod.: Id\u0151t\u00e1r 3<\/p>\n","protected":false},"featured_media":0,"comment_status":"open","ping_status":"closed","template":"","meta":[],"product_brand":[],"product_cat":[137],"product_tag":[],"class_list":{"0":"post-9521","1":"product","2":"type-product","3":"status-publish","5":"product_cat-maros-megyei-eletrajzi-lexikon","7":"first","8":"instock","9":"shipping-taxable","10":"product-type-simple"},"_links":{"self":[{"href":"https:\/\/uj.adatbank.ro\/lexikon\/wp-json\/wp\/v2\/product\/9521","targetHints":{"allow":["GET"]}}],"collection":[{"href":"https:\/\/uj.adatbank.ro\/lexikon\/wp-json\/wp\/v2\/product"}],"about":[{"href":"https:\/\/uj.adatbank.ro\/lexikon\/wp-json\/wp\/v2\/types\/product"}],"replies":[{"embeddable":true,"href":"https:\/\/uj.adatbank.ro\/lexikon\/wp-json\/wp\/v2\/comments?post=9521"}],"wp:attachment":[{"href":"https:\/\/uj.adatbank.ro\/lexikon\/wp-json\/wp\/v2\/media?parent=9521"}],"wp:term":[{"taxonomy":"product_brand","embeddable":true,"href":"https:\/\/uj.adatbank.ro\/lexikon\/wp-json\/wp\/v2\/product_brand?post=9521"},{"taxonomy":"product_cat","embeddable":true,"href":"https:\/\/uj.adatbank.ro\/lexikon\/wp-json\/wp\/v2\/product_cat?post=9521"},{"taxonomy":"product_tag","embeddable":true,"href":"https:\/\/uj.adatbank.ro\/lexikon\/wp-json\/wp\/v2\/product_tag?post=9521"}],"curies":[{"name":"wp","href":"https:\/\/api.w.org\/{rel}","templated":true}]}}