{"id":9523,"date":"2025-06-29T12:47:59","date_gmt":"2025-06-29T10:47:59","guid":{"rendered":"https:\/\/uj.adatbank.ro\/lexikon\/termek\/haller-istvan-%c2%a7-hallerkoi-gr-kapjoni-ag\/"},"modified":"2025-06-29T12:47:59","modified_gmt":"2025-06-29T10:47:59","slug":"haller-istvan-%c2%a7-hallerkoi-gr-kapjoni-ag","status":"publish","type":"product","link":"https:\/\/uj.adatbank.ro\/lexikon\/termek\/haller-istvan-%c2%a7-hallerkoi-gr-kapjoni-ag\/","title":{"rendered":"HALLER Istv\u00e1n, \u00a7 hallerk\u0151i, gr., kapjoni \u00e1g"},"content":{"rendered":"<p>1816., \u2020 1839., : f\u00f6ldbirtokos, f\u0151isp\u00e1n. \u2013 H. Antal (\u2020 1796) \u00e9s Mikes Julianna fia. Feles\u00e9ge: g\u00f6ncruszkai Kornis Anna (1777\u20131815). Gyermekei: Cecilia (1797\u20131873), Borb\u00e1la (1800\u20131883), Istv\u00e1n, J\u00falia. \u2013 Als\u00f3-Feh\u00e9r vm. (1800\u201317), majd Bels\u0151-Szolnok f\u0151isp\u00e1nja. <br \/><strong>Irod.:<\/strong> Apor \u2013 Ol\u00e1h-G\u00e1l; Gudenus; Mo. f\u0151isp\u00e1njai<\/br><\/p>\n","protected":false},"excerpt":{"rendered":"<p>1816., \u2020 1839., : f\u00f6ldbirtokos, f\u0151isp\u00e1n. \u2013 H. Antal (\u2020 1796) \u00e9s Mikes Julianna fia. Feles\u00e9ge: g\u00f6ncruszkai Kornis Anna (1777\u20131815). Gyermekei: Cecilia (1797\u20131873), Borb\u00e1la (1800\u20131883), Istv\u00e1n, J\u00falia. \u2013 Als\u00f3-Feh\u00e9r vm. (1800\u201317), majd Bels\u0151-Szolnok f\u0151isp\u00e1nja. Irod.: Apor \u2013 Ol\u00e1h-G\u00e1l; Gudenus; Mo. f\u0151isp\u00e1njai<\/p>\n","protected":false},"featured_media":0,"comment_status":"open","ping_status":"closed","template":"","meta":[],"product_brand":[],"product_cat":[137],"product_tag":[],"class_list":{"0":"post-9523","1":"product","2":"type-product","3":"status-publish","5":"product_cat-maros-megyei-eletrajzi-lexikon","7":"first","8":"instock","9":"shipping-taxable","10":"product-type-simple"},"_links":{"self":[{"href":"https:\/\/uj.adatbank.ro\/lexikon\/wp-json\/wp\/v2\/product\/9523","targetHints":{"allow":["GET"]}}],"collection":[{"href":"https:\/\/uj.adatbank.ro\/lexikon\/wp-json\/wp\/v2\/product"}],"about":[{"href":"https:\/\/uj.adatbank.ro\/lexikon\/wp-json\/wp\/v2\/types\/product"}],"replies":[{"embeddable":true,"href":"https:\/\/uj.adatbank.ro\/lexikon\/wp-json\/wp\/v2\/comments?post=9523"}],"wp:attachment":[{"href":"https:\/\/uj.adatbank.ro\/lexikon\/wp-json\/wp\/v2\/media?parent=9523"}],"wp:term":[{"taxonomy":"product_brand","embeddable":true,"href":"https:\/\/uj.adatbank.ro\/lexikon\/wp-json\/wp\/v2\/product_brand?post=9523"},{"taxonomy":"product_cat","embeddable":true,"href":"https:\/\/uj.adatbank.ro\/lexikon\/wp-json\/wp\/v2\/product_cat?post=9523"},{"taxonomy":"product_tag","embeddable":true,"href":"https:\/\/uj.adatbank.ro\/lexikon\/wp-json\/wp\/v2\/product_tag?post=9523"}],"curies":[{"name":"wp","href":"https:\/\/api.w.org\/{rel}","templated":true}]}}