{"id":9532,"date":"2025-06-29T12:48:14","date_gmt":"2025-06-29T10:48:14","guid":{"rendered":"https:\/\/uj.adatbank.ro\/lexikon\/termek\/haller-jeno-hallerkoi-gr-feheregyhazi-ag\/"},"modified":"2025-06-29T12:48:14","modified_gmt":"2025-06-29T10:48:14","slug":"haller-jeno-hallerkoi-gr-feheregyhazi-ag","status":"publish","type":"product","link":"https:\/\/uj.adatbank.ro\/lexikon\/termek\/haller-jeno-hallerkoi-gr-feheregyhazi-ag\/","title":{"rendered":"HALLER Jen\u0151, hallerk\u0151i gr, feh\u00e9regyh\u00e1zi \u00e1g"},"content":{"rendered":"<p>Olth\u00e9v\u00edz, 1878. j\u00fan. 9., \u2020 Medgyes, 1927. m\u00e1rc. 19.: lovaskapit\u00e1ny, cs. k. kamar\u00e1s, k\u00fck\u00fcll\u0151v\u00e1ri birtokos. \u2013 Apja gr. H. J\u00e1nos (1852\u20131928), anyja Vay Anna (1856\u20131934) br. Feles\u00e9ge uzoni B\u00e9ldi R\u00f3za. (B\u00e1ld, 1880. m\u00e1j. 25- Mv., 1952 dec. 23.: ). Esk\u00fcv\u0151: Kv., 1902. j\u00fan. 18. Gyermekei: \u00c9va (1903\u2013), Johanna (1906\u2013), Eugenia (1911\u2013), Jen\u0151 (1917\u20131999). \u2013 A 7. sz. cs. k. husz\u00e1rezrednek volt f\u0151hadnagya \u00e9s seg\u00e9dtisztje, cs. \u00e9s kir. lovaskapit\u00e1nya, a m. f\u0151rendih\u00e1z \u00f6r\u00f6k\u00f6s tagja, a k\u00fck\u00fcll\u0151v\u00e1ri uradalomban mintagazda. <br \/><strong>Irod.:<\/strong> \u00c1ll\u00f3- \u00e9s mozg\u00f3k\u00e9pek; Chalupka Rezs\u0151: Hallerk\u0151i idb. Gr\u00f3f Haller J\u00e1nos (Sz\u00e9kelyudvarhely, 1911); Gudenus<\/br><\/p>\n","protected":false},"excerpt":{"rendered":"<p>Olth\u00e9v\u00edz, 1878. j\u00fan. 9., \u2020 Medgyes, 1927. m\u00e1rc. 19.: lovaskapit\u00e1ny, cs. k. kamar\u00e1s, k\u00fck\u00fcll\u0151v\u00e1ri birtokos. \u2013 Apja gr. H. J\u00e1nos (1852\u20131928), anyja Vay Anna (1856\u20131934) br. Feles\u00e9ge uzoni B\u00e9ldi R\u00f3za. (B\u00e1ld, 1880. m\u00e1j. 25- Mv., 1952 dec. 23.: ). Esk\u00fcv\u0151: Kv., 1902. j\u00fan. 18. Gyermekei: \u00c9va (1903\u2013), Johanna (1906\u2013), Eugenia (1911\u2013), Jen\u0151 (1917\u20131999). \u2013 A [&hellip;]<\/p>\n","protected":false},"featured_media":0,"comment_status":"open","ping_status":"closed","template":"","meta":[],"product_brand":[],"product_cat":[137],"product_tag":[],"class_list":{"0":"post-9532","1":"product","2":"type-product","3":"status-publish","5":"product_cat-maros-megyei-eletrajzi-lexikon","7":"first","8":"instock","9":"shipping-taxable","10":"product-type-simple"},"_links":{"self":[{"href":"https:\/\/uj.adatbank.ro\/lexikon\/wp-json\/wp\/v2\/product\/9532","targetHints":{"allow":["GET"]}}],"collection":[{"href":"https:\/\/uj.adatbank.ro\/lexikon\/wp-json\/wp\/v2\/product"}],"about":[{"href":"https:\/\/uj.adatbank.ro\/lexikon\/wp-json\/wp\/v2\/types\/product"}],"replies":[{"embeddable":true,"href":"https:\/\/uj.adatbank.ro\/lexikon\/wp-json\/wp\/v2\/comments?post=9532"}],"wp:attachment":[{"href":"https:\/\/uj.adatbank.ro\/lexikon\/wp-json\/wp\/v2\/media?parent=9532"}],"wp:term":[{"taxonomy":"product_brand","embeddable":true,"href":"https:\/\/uj.adatbank.ro\/lexikon\/wp-json\/wp\/v2\/product_brand?post=9532"},{"taxonomy":"product_cat","embeddable":true,"href":"https:\/\/uj.adatbank.ro\/lexikon\/wp-json\/wp\/v2\/product_cat?post=9532"},{"taxonomy":"product_tag","embeddable":true,"href":"https:\/\/uj.adatbank.ro\/lexikon\/wp-json\/wp\/v2\/product_tag?post=9532"}],"curies":[{"name":"wp","href":"https:\/\/api.w.org\/{rel}","templated":true}]}}