{"id":9536,"date":"2025-06-29T12:48:23","date_gmt":"2025-06-29T10:48:23","guid":{"rendered":"https:\/\/uj.adatbank.ro\/lexikon\/termek\/haller-jozsef-haller-josephus\/"},"modified":"2025-06-29T12:48:23","modified_gmt":"2025-06-29T10:48:23","slug":"haller-jozsef-haller-josephus","status":"publish","type":"product","link":"https:\/\/uj.adatbank.ro\/lexikon\/termek\/haller-jozsef-haller-josephus\/","title":{"rendered":"HALLER J\u00f3zsef, Haller Josephus"},"content":{"rendered":"<p>? \u2020\u00a01691.: \u2013 H. J\u00e1nos \u00e9s Torma Borb\u00e1la fia. \u2013 K\u00f6nnyelm\u0171 ifj\u00fa. A Th\u00f6k\u00f6ly Imre vezette, Havasalf\u00f6ldre vonul\u00f3, erd\u00e9lyi \u00e9s t\u00f6r\u00f6k-tat\u00e1r haddal ment (1690. okt. -nov), ahol valamit elk\u00f6vetett \u00e9s T\u00f6k\u00f6ly kiv\u00e9geztette. <br \/><strong>Irod.:<\/strong> Chronicon Fuchsio-Lupino-Oltardinum sive Annales Hungarici et Transilvanici (Coronae, 1847); M. t\u00f6rt. \u00e9vk. napl\u00f3k 3.; Magyar t\u00f6rt\u00e9nelmi t\u00e1r (Bp., 1897\u201377)<\/br><\/p>\n","protected":false},"excerpt":{"rendered":"<p>? \u2020\u00a01691.: \u2013 H. J\u00e1nos \u00e9s Torma Borb\u00e1la fia. \u2013 K\u00f6nnyelm\u0171 ifj\u00fa. A Th\u00f6k\u00f6ly Imre vezette, Havasalf\u00f6ldre vonul\u00f3, erd\u00e9lyi \u00e9s t\u00f6r\u00f6k-tat\u00e1r haddal ment (1690. okt. -nov), ahol valamit elk\u00f6vetett \u00e9s T\u00f6k\u00f6ly kiv\u00e9geztette. Irod.: Chronicon Fuchsio-Lupino-Oltardinum sive Annales Hungarici et Transilvanici (Coronae, 1847); M. t\u00f6rt. \u00e9vk. napl\u00f3k 3.; Magyar t\u00f6rt\u00e9nelmi t\u00e1r (Bp., 1897\u201377)<\/p>\n","protected":false},"featured_media":0,"comment_status":"open","ping_status":"closed","template":"","meta":[],"product_brand":[],"product_cat":[137],"product_tag":[],"class_list":{"0":"post-9536","1":"product","2":"type-product","3":"status-publish","5":"product_cat-maros-megyei-eletrajzi-lexikon","7":"first","8":"instock","9":"shipping-taxable","10":"product-type-simple"},"_links":{"self":[{"href":"https:\/\/uj.adatbank.ro\/lexikon\/wp-json\/wp\/v2\/product\/9536","targetHints":{"allow":["GET"]}}],"collection":[{"href":"https:\/\/uj.adatbank.ro\/lexikon\/wp-json\/wp\/v2\/product"}],"about":[{"href":"https:\/\/uj.adatbank.ro\/lexikon\/wp-json\/wp\/v2\/types\/product"}],"replies":[{"embeddable":true,"href":"https:\/\/uj.adatbank.ro\/lexikon\/wp-json\/wp\/v2\/comments?post=9536"}],"wp:attachment":[{"href":"https:\/\/uj.adatbank.ro\/lexikon\/wp-json\/wp\/v2\/media?parent=9536"}],"wp:term":[{"taxonomy":"product_brand","embeddable":true,"href":"https:\/\/uj.adatbank.ro\/lexikon\/wp-json\/wp\/v2\/product_brand?post=9536"},{"taxonomy":"product_cat","embeddable":true,"href":"https:\/\/uj.adatbank.ro\/lexikon\/wp-json\/wp\/v2\/product_cat?post=9536"},{"taxonomy":"product_tag","embeddable":true,"href":"https:\/\/uj.adatbank.ro\/lexikon\/wp-json\/wp\/v2\/product_tag?post=9536"}],"curies":[{"name":"wp","href":"https:\/\/api.w.org\/{rel}","templated":true}]}}