{"id":9539,"date":"2025-06-29T12:48:32","date_gmt":"2025-06-29T10:48:32","guid":{"rendered":"https:\/\/uj.adatbank.ro\/lexikon\/termek\/haller-jozsef-hallerkoi-gr-szentpali-ag\/"},"modified":"2026-02-23T10:33:17","modified_gmt":"2026-02-23T09:33:17","slug":"haller-jozsef-hallerkoi-gr-szentpali-ag","status":"publish","type":"product","link":"https:\/\/uj.adatbank.ro\/lexikon\/termek\/haller-jozsef-hallerkoi-gr-szentpali-ag\/","title":{"rendered":"HALLER J\u00f3zsef, hallerk\u0151i gr., szentp\u00e1li \u00e1g"},"content":{"rendered":"<p>? \u2020\u00a0? : f\u0151isp\u00e1n. \u2013 H. S\u00e1ndor \u00e9s Dessewffy Anna fia. Feles\u00e9ge Cs\u00e1ky Anna. Gyermekei: Ferenc, Imre. \u2013 Bihar vm. (1787\u20131790) \u00e9s M\u00e1ramaros vm. f\u0151isp\u00e1nja (1790\u20131817). Kir. kamar\u00e1s, b. t. t.<br \/>\n<strong>Irod.:\u00a0<\/strong>Harmath Ferenc \u2013 K\u00e1lm\u00e1n Attila: A szentp\u00e1li Haller csal\u00e1d 400 \u00e9ve. 2010. 71, 76<span lang=\"DE\">.<\/span>; Mo. f\u0151isp\u00e1njai<\/p>\n","protected":false},"excerpt":{"rendered":"<p>? \u2020\u00a0? : f\u0151isp\u00e1n. \u2013 H. S\u00e1ndor \u00e9s Dessewffy Anna fia. Feles\u00e9ge Cs\u00e1ky Anna. Gyermekei: Ferenc, Imre. \u2013 Bihar vm. (1787\u20131790) \u00e9s M\u00e1ramaros vm. f\u0151isp\u00e1nja (1790\u20131817). Kir. kamar\u00e1s, b. t. t. Irod.:\u00a0Harmath Ferenc \u2013 K\u00e1lm\u00e1n Attila: A szentp\u00e1li Haller csal\u00e1d 400 \u00e9ve. 2010. 71, 76.; Mo. f\u0151isp\u00e1njai<\/p>\n","protected":false},"featured_media":0,"comment_status":"open","ping_status":"closed","template":"","meta":[],"product_brand":[],"product_cat":[137],"product_tag":[],"class_list":{"0":"post-9539","1":"product","2":"type-product","3":"status-publish","5":"product_cat-maros-megyei-eletrajzi-lexikon","7":"first","8":"instock","9":"shipping-taxable","10":"product-type-simple"},"_links":{"self":[{"href":"https:\/\/uj.adatbank.ro\/lexikon\/wp-json\/wp\/v2\/product\/9539","targetHints":{"allow":["GET"]}}],"collection":[{"href":"https:\/\/uj.adatbank.ro\/lexikon\/wp-json\/wp\/v2\/product"}],"about":[{"href":"https:\/\/uj.adatbank.ro\/lexikon\/wp-json\/wp\/v2\/types\/product"}],"replies":[{"embeddable":true,"href":"https:\/\/uj.adatbank.ro\/lexikon\/wp-json\/wp\/v2\/comments?post=9539"}],"wp:attachment":[{"href":"https:\/\/uj.adatbank.ro\/lexikon\/wp-json\/wp\/v2\/media?parent=9539"}],"wp:term":[{"taxonomy":"product_brand","embeddable":true,"href":"https:\/\/uj.adatbank.ro\/lexikon\/wp-json\/wp\/v2\/product_brand?post=9539"},{"taxonomy":"product_cat","embeddable":true,"href":"https:\/\/uj.adatbank.ro\/lexikon\/wp-json\/wp\/v2\/product_cat?post=9539"},{"taxonomy":"product_tag","embeddable":true,"href":"https:\/\/uj.adatbank.ro\/lexikon\/wp-json\/wp\/v2\/product_tag?post=9539"}],"curies":[{"name":"wp","href":"https:\/\/api.w.org\/{rel}","templated":true}]}}