{"id":9544,"date":"2025-06-29T12:48:39","date_gmt":"2025-06-29T10:48:39","guid":{"rendered":"https:\/\/uj.adatbank.ro\/lexikon\/termek\/haller-laszlo-hallerkoi-gr-szentpali-ag\/"},"modified":"2025-06-29T12:48:39","modified_gmt":"2025-06-29T10:48:39","slug":"haller-laszlo-hallerkoi-gr-szentpali-ag","status":"publish","type":"product","link":"https:\/\/uj.adatbank.ro\/lexikon\/termek\/haller-laszlo-hallerkoi-gr-szentpali-ag\/","title":{"rendered":"HALLER L\u00e1szl\u00f3, hallerk\u0151i gr. szentp\u00e1li \u00e1g"},"content":{"rendered":"<p>Kerel\u0151szentp\u00e1l, 1919., \u2020 Buenos Aires, 1993.: birtokos. \u2013 H. Ferenc (1892\u20131984) \u00e9s Vay M\u00e1ria (1896\u20131935) fia. Feles\u00e9ge Codelli Aim\u00e9e Ilona M\u00e1ria (1926\u20131991). Fia Mih\u00e1ly Gy\u00f6rgy (Locarno 1948\u2013). \u2013 Gyermekkor\u00e1t Kerel\u0151szentp\u00e1lon t\u00f6lt\u00f6tte. Mo.-ra ker\u00fclt (1945\u2013), majd D\u00e9l-Amerik\u00e1ba, Buenos Airesben telepedett le. <br \/><strong>Irod.:<\/strong> \u00c1ll\u00f3- \u00e9s mozg\u00f3k\u00e9pek<\/br><\/p>\n","protected":false},"excerpt":{"rendered":"<p>Kerel\u0151szentp\u00e1l, 1919., \u2020 Buenos Aires, 1993.: birtokos. \u2013 H. Ferenc (1892\u20131984) \u00e9s Vay M\u00e1ria (1896\u20131935) fia. Feles\u00e9ge Codelli Aim\u00e9e Ilona M\u00e1ria (1926\u20131991). Fia Mih\u00e1ly Gy\u00f6rgy (Locarno 1948\u2013). \u2013 Gyermekkor\u00e1t Kerel\u0151szentp\u00e1lon t\u00f6lt\u00f6tte. Mo.-ra ker\u00fclt (1945\u2013), majd D\u00e9l-Amerik\u00e1ba, Buenos Airesben telepedett le. Irod.: \u00c1ll\u00f3- \u00e9s mozg\u00f3k\u00e9pek<\/p>\n","protected":false},"featured_media":0,"comment_status":"open","ping_status":"closed","template":"","meta":[],"product_brand":[],"product_cat":[137],"product_tag":[],"class_list":{"0":"post-9544","1":"product","2":"type-product","3":"status-publish","5":"product_cat-maros-megyei-eletrajzi-lexikon","7":"first","8":"instock","9":"shipping-taxable","10":"product-type-simple"},"_links":{"self":[{"href":"https:\/\/uj.adatbank.ro\/lexikon\/wp-json\/wp\/v2\/product\/9544","targetHints":{"allow":["GET"]}}],"collection":[{"href":"https:\/\/uj.adatbank.ro\/lexikon\/wp-json\/wp\/v2\/product"}],"about":[{"href":"https:\/\/uj.adatbank.ro\/lexikon\/wp-json\/wp\/v2\/types\/product"}],"replies":[{"embeddable":true,"href":"https:\/\/uj.adatbank.ro\/lexikon\/wp-json\/wp\/v2\/comments?post=9544"}],"wp:attachment":[{"href":"https:\/\/uj.adatbank.ro\/lexikon\/wp-json\/wp\/v2\/media?parent=9544"}],"wp:term":[{"taxonomy":"product_brand","embeddable":true,"href":"https:\/\/uj.adatbank.ro\/lexikon\/wp-json\/wp\/v2\/product_brand?post=9544"},{"taxonomy":"product_cat","embeddable":true,"href":"https:\/\/uj.adatbank.ro\/lexikon\/wp-json\/wp\/v2\/product_cat?post=9544"},{"taxonomy":"product_tag","embeddable":true,"href":"https:\/\/uj.adatbank.ro\/lexikon\/wp-json\/wp\/v2\/product_tag?post=9544"}],"curies":[{"name":"wp","href":"https:\/\/api.w.org\/{rel}","templated":true}]}}