{"id":9546,"date":"2025-06-29T12:48:44","date_gmt":"2025-06-29T10:48:44","guid":{"rendered":"https:\/\/uj.adatbank.ro\/lexikon\/termek\/haller-laszlo-hallerkoi-gr-szentpali-ag-ugrai-agazat-2\/"},"modified":"2025-06-29T12:48:44","modified_gmt":"2025-06-29T10:48:44","slug":"haller-laszlo-hallerkoi-gr-szentpali-ag-ugrai-agazat-2","status":"publish","type":"product","link":"https:\/\/uj.adatbank.ro\/lexikon\/termek\/haller-laszlo-hallerkoi-gr-szentpali-ag-ugrai-agazat-2\/","title":{"rendered":"HALLER L\u00e1szl\u00f3, hallerk\u0151i gr., szentp\u00e1li \u00e1g, ugrai \u00e1gazat"},"content":{"rendered":"<p>Marosugra, 1786, \u2020 Nagyszeben, 1836. v. 1837, temetve a szentp\u00e1li kripta-k\u00e1poln\u00e1ba: cs. k. kamar\u00e1s, f\u0151isp\u00e1n. \u2013 G\u00e1bor (1749\u20131822) \u00e9s Bornrmisza Kl\u00e1ra (1755\u20131796) fia. Feles\u00e9ge: marosn\u00e9meti \u00e9s n\u00e1daskai gr. Gyulai \/Gyulay Jozefa (Pest, 1799-Katona, 1877), csillagkeresztes h\u00f6lgy. Le\u00e1nya Anna (Mv., 1816\u20131878) 1. K\u00e1lnoky Gy\u00f6rgyn\u00e9, 2. Szentkereszty Zsigmondn\u00e9. \u2013 Kis-K\u00fck\u00fcll\u0151 vm. f\u0151isp\u00e1nja (1818\u201335). Cs. k. kamar\u00e1s, \u00e9s v. b. t. <br \/><strong>Irod.:<\/strong> Bicsok-Orb\u00e1n; Harmath-K\u00e1lm\u00e1n; Keresztes; Mo. f\u0151isp\u00e1njai; MNZSK; P\u00e1lmay 4<\/br><\/p>\n","protected":false},"excerpt":{"rendered":"<p>Marosugra, 1786, \u2020 Nagyszeben, 1836. v. 1837, temetve a szentp\u00e1li kripta-k\u00e1poln\u00e1ba: cs. k. kamar\u00e1s, f\u0151isp\u00e1n. \u2013 G\u00e1bor (1749\u20131822) \u00e9s Bornrmisza Kl\u00e1ra (1755\u20131796) fia. Feles\u00e9ge: marosn\u00e9meti \u00e9s n\u00e1daskai gr. Gyulai \/Gyulay Jozefa (Pest, 1799-Katona, 1877), csillagkeresztes h\u00f6lgy. Le\u00e1nya Anna (Mv., 1816\u20131878) 1. K\u00e1lnoky Gy\u00f6rgyn\u00e9, 2. Szentkereszty Zsigmondn\u00e9. \u2013 Kis-K\u00fck\u00fcll\u0151 vm. f\u0151isp\u00e1nja (1818\u201335). Cs. k. kamar\u00e1s, \u00e9s [&hellip;]<\/p>\n","protected":false},"featured_media":0,"comment_status":"open","ping_status":"closed","template":"","meta":[],"product_brand":[],"product_cat":[137],"product_tag":[],"class_list":{"0":"post-9546","1":"product","2":"type-product","3":"status-publish","5":"product_cat-maros-megyei-eletrajzi-lexikon","7":"first","8":"instock","9":"shipping-taxable","10":"product-type-simple"},"_links":{"self":[{"href":"https:\/\/uj.adatbank.ro\/lexikon\/wp-json\/wp\/v2\/product\/9546","targetHints":{"allow":["GET"]}}],"collection":[{"href":"https:\/\/uj.adatbank.ro\/lexikon\/wp-json\/wp\/v2\/product"}],"about":[{"href":"https:\/\/uj.adatbank.ro\/lexikon\/wp-json\/wp\/v2\/types\/product"}],"replies":[{"embeddable":true,"href":"https:\/\/uj.adatbank.ro\/lexikon\/wp-json\/wp\/v2\/comments?post=9546"}],"wp:attachment":[{"href":"https:\/\/uj.adatbank.ro\/lexikon\/wp-json\/wp\/v2\/media?parent=9546"}],"wp:term":[{"taxonomy":"product_brand","embeddable":true,"href":"https:\/\/uj.adatbank.ro\/lexikon\/wp-json\/wp\/v2\/product_brand?post=9546"},{"taxonomy":"product_cat","embeddable":true,"href":"https:\/\/uj.adatbank.ro\/lexikon\/wp-json\/wp\/v2\/product_cat?post=9546"},{"taxonomy":"product_tag","embeddable":true,"href":"https:\/\/uj.adatbank.ro\/lexikon\/wp-json\/wp\/v2\/product_tag?post=9546"}],"curies":[{"name":"wp","href":"https:\/\/api.w.org\/{rel}","templated":true}]}}