{"id":9549,"date":"2025-06-29T12:48:47","date_gmt":"2025-06-29T10:48:47","guid":{"rendered":"https:\/\/uj.adatbank.ro\/lexikon\/termek\/haller-oszkar-hallerkoi-gr\/"},"modified":"2025-06-29T12:48:47","modified_gmt":"2025-06-29T10:48:47","slug":"haller-oszkar-hallerkoi-gr","status":"publish","type":"product","link":"https:\/\/uj.adatbank.ro\/lexikon\/termek\/haller-oszkar-hallerkoi-gr\/","title":{"rendered":"HALLER Oszk\u00e1r, hallerk\u0151i gr."},"content":{"rendered":"<p>1845. \u2020 Feh\u00e9regyh\u00e1za, 1883. febr. 20. Segesv\u00e1ri temet\u0151ben nyugszik: f\u00f6ldbirtokos. \u2013 H. Ferenc fia. \u2013Testv\u00e9rei: Louiza imecsfalvi Imecs Jen\u0151n\u00e9; Irma br. Aichelburg Loth\u00e1rn\u00e9; Ilona gr. Mirbach Hug\u00f3n\u00e9. Feles\u00e9ge: gr. Rindsmaul Ad\u00e9l. <br \/><strong>Irod.:<\/strong> Gy\u00e1szjelent\u0151<\/br><\/p>\n","protected":false},"excerpt":{"rendered":"<p>1845. \u2020 Feh\u00e9regyh\u00e1za, 1883. febr. 20. Segesv\u00e1ri temet\u0151ben nyugszik: f\u00f6ldbirtokos. \u2013 H. Ferenc fia. \u2013Testv\u00e9rei: Louiza imecsfalvi Imecs Jen\u0151n\u00e9; Irma br. Aichelburg Loth\u00e1rn\u00e9; Ilona gr. Mirbach Hug\u00f3n\u00e9. Feles\u00e9ge: gr. Rindsmaul Ad\u00e9l. Irod.: Gy\u00e1szjelent\u0151<\/p>\n","protected":false},"featured_media":0,"comment_status":"open","ping_status":"closed","template":"","meta":[],"product_brand":[],"product_cat":[137],"product_tag":[],"class_list":{"0":"post-9549","1":"product","2":"type-product","3":"status-publish","5":"product_cat-maros-megyei-eletrajzi-lexikon","7":"first","8":"instock","9":"shipping-taxable","10":"product-type-simple"},"_links":{"self":[{"href":"https:\/\/uj.adatbank.ro\/lexikon\/wp-json\/wp\/v2\/product\/9549","targetHints":{"allow":["GET"]}}],"collection":[{"href":"https:\/\/uj.adatbank.ro\/lexikon\/wp-json\/wp\/v2\/product"}],"about":[{"href":"https:\/\/uj.adatbank.ro\/lexikon\/wp-json\/wp\/v2\/types\/product"}],"replies":[{"embeddable":true,"href":"https:\/\/uj.adatbank.ro\/lexikon\/wp-json\/wp\/v2\/comments?post=9549"}],"wp:attachment":[{"href":"https:\/\/uj.adatbank.ro\/lexikon\/wp-json\/wp\/v2\/media?parent=9549"}],"wp:term":[{"taxonomy":"product_brand","embeddable":true,"href":"https:\/\/uj.adatbank.ro\/lexikon\/wp-json\/wp\/v2\/product_brand?post=9549"},{"taxonomy":"product_cat","embeddable":true,"href":"https:\/\/uj.adatbank.ro\/lexikon\/wp-json\/wp\/v2\/product_cat?post=9549"},{"taxonomy":"product_tag","embeddable":true,"href":"https:\/\/uj.adatbank.ro\/lexikon\/wp-json\/wp\/v2\/product_tag?post=9549"}],"curies":[{"name":"wp","href":"https:\/\/api.w.org\/{rel}","templated":true}]}}