{"id":9550,"date":"2025-06-29T12:48:49","date_gmt":"2025-06-29T10:48:49","guid":{"rendered":"https:\/\/uj.adatbank.ro\/lexikon\/termek\/haller-pal-hallerkoi-gr-feheregyhazi-ag\/"},"modified":"2025-06-29T12:48:49","modified_gmt":"2025-06-29T10:48:49","slug":"haller-pal-hallerkoi-gr-feheregyhazi-ag","status":"publish","type":"product","link":"https:\/\/uj.adatbank.ro\/lexikon\/termek\/haller-pal-hallerkoi-gr-feheregyhazi-ag\/","title":{"rendered":"HALLER P\u00e1l, hallerk\u0151i gr. feh\u00e9regyh\u00e1zi \u00e1g"},"content":{"rendered":"<p>Kerel\u0151szentp\u00e1l, 1622. okt. 29., \u2020\u00a01685.: f\u0151isp\u00e1n. \u2013 Istv\u00e1n (1591\u20131657) \u00e9s Kendi Judit (1599\u20131634) fia. Feles\u00e9ge: 1. Bark\u00f3czy Judit; 2. Bethlen Borb\u00e1la (esk\u00fcv\u0151: 1656), B. J\u00e1nos \u00e9s V\u00e1radi Borb\u00e1la le\u00e1nya, B. Mikl\u00f3s n\u00f6v\u00e9re; 3. Barcsai \u00c9va; 4. Torma Kata. 9 gyermeke meghalt, \u00e1ga kihalt. \u2013 Kis-K\u00fck\u00fcll\u0151 vm. f\u0151isp\u00e1nja (1659\u201362), megszak\u00edt\u00e1sokkal volt f\u0151isp\u00e1n (1665\u201367; 1670\u201385). Haller J\u00e1nossal egy\u00fctt ad\u00f3\u00fcgyi inspektor (1676\u2013). Bethlen J\u00e1nos lev\u00e9lben tud\u00f3s\u00edtja vej\u00e9t, hogy Szejdi Mehmet budai vez\u00e9r Mv-nek tart (1660), H. P. \u00e9s Bethlen J\u00e1nos G\u00f6rg\u00e9nyb\u0151l k\u00fcld\u00f6tt egy n\u00e9gy m\u00e1rk\u00e1s kelyhet K\u00fccs\u00fck bas\u00e1nak, hogy kegyelmezzenek meg nekik (1662). <br \/><strong>Irod.:<\/strong> Erd\u00e9lyi orsz\u00e1ggy\u0171l\u00e9si eml\u00e9kek 19 (Bp., 1875\u201384); Id\u0151t\u00e1r 1; Kraus: Erd\u00e9lyi kr\u00f3nika; M. t\u00f6rt. \u00e9vk. napl\u00f3k 3.; M. t\u00f6rt. \u00e9vk. napl\u00f3k 3.; Mo. F\u0151isp\u00e1njai; Teleki Mih\u00e1ly udvartart\u00e1si napl\u00f3ja (1673\u20131681) (Kv., 2007)<\/br><\/p>\n","protected":false},"excerpt":{"rendered":"<p>Kerel\u0151szentp\u00e1l, 1622. okt. 29., \u2020\u00a01685.: f\u0151isp\u00e1n. \u2013 Istv\u00e1n (1591\u20131657) \u00e9s Kendi Judit (1599\u20131634) fia. Feles\u00e9ge: 1. Bark\u00f3czy Judit; 2. Bethlen Borb\u00e1la (esk\u00fcv\u0151: 1656), B. J\u00e1nos \u00e9s V\u00e1radi Borb\u00e1la le\u00e1nya, B. Mikl\u00f3s n\u00f6v\u00e9re; 3. Barcsai \u00c9va; 4. Torma Kata. 9 gyermeke meghalt, \u00e1ga kihalt. \u2013 Kis-K\u00fck\u00fcll\u0151 vm. f\u0151isp\u00e1nja (1659\u201362), megszak\u00edt\u00e1sokkal volt f\u0151isp\u00e1n (1665\u201367; 1670\u201385). Haller J\u00e1nossal [&hellip;]<\/p>\n","protected":false},"featured_media":0,"comment_status":"open","ping_status":"closed","template":"","meta":[],"product_brand":[],"product_cat":[137],"product_tag":[],"class_list":{"0":"post-9550","1":"product","2":"type-product","3":"status-publish","5":"product_cat-maros-megyei-eletrajzi-lexikon","7":"first","8":"instock","9":"shipping-taxable","10":"product-type-simple"},"_links":{"self":[{"href":"https:\/\/uj.adatbank.ro\/lexikon\/wp-json\/wp\/v2\/product\/9550","targetHints":{"allow":["GET"]}}],"collection":[{"href":"https:\/\/uj.adatbank.ro\/lexikon\/wp-json\/wp\/v2\/product"}],"about":[{"href":"https:\/\/uj.adatbank.ro\/lexikon\/wp-json\/wp\/v2\/types\/product"}],"replies":[{"embeddable":true,"href":"https:\/\/uj.adatbank.ro\/lexikon\/wp-json\/wp\/v2\/comments?post=9550"}],"wp:attachment":[{"href":"https:\/\/uj.adatbank.ro\/lexikon\/wp-json\/wp\/v2\/media?parent=9550"}],"wp:term":[{"taxonomy":"product_brand","embeddable":true,"href":"https:\/\/uj.adatbank.ro\/lexikon\/wp-json\/wp\/v2\/product_brand?post=9550"},{"taxonomy":"product_cat","embeddable":true,"href":"https:\/\/uj.adatbank.ro\/lexikon\/wp-json\/wp\/v2\/product_cat?post=9550"},{"taxonomy":"product_tag","embeddable":true,"href":"https:\/\/uj.adatbank.ro\/lexikon\/wp-json\/wp\/v2\/product_tag?post=9550"}],"curies":[{"name":"wp","href":"https:\/\/api.w.org\/{rel}","templated":true}]}}