{"id":9553,"date":"2025-06-29T12:48:55","date_gmt":"2025-06-29T10:48:55","guid":{"rendered":"https:\/\/uj.adatbank.ro\/lexikon\/termek\/haller-ruprecht-hildebrand-maria-hallerkoi-gr-szentpali-ag\/"},"modified":"2025-06-29T12:48:55","modified_gmt":"2025-06-29T10:48:55","slug":"haller-ruprecht-hildebrand-maria-hallerkoi-gr-szentpali-ag","status":"publish","type":"product","link":"https:\/\/uj.adatbank.ro\/lexikon\/termek\/haller-ruprecht-hildebrand-maria-hallerkoi-gr-szentpali-ag\/","title":{"rendered":"HALLER Ruprecht, Hildebrand M\u00e1ria, hallerk\u0151i gr., szentp\u00e1li \u00e1g"},"content":{"rendered":"<p>Kerel\u0151szentp\u00e1l, 1921. okt. 6 , \u2020 1945 elt\u0171nt. \u2013 H. Ferenc (1892\u20131984) \u00e9s Vay M\u00e1ria (1896\u20131935) fia. \u2013 A II. vh.-ban orosz fogs\u00e1gba esett \u00e9s az Uralban elt\u0171nt. <br \/><strong>Irod.:<\/strong> \u00c1ll\u00f3- \u00e9s mozg\u00f3k\u00e9pek; Gudenus<\/br><\/p>\n","protected":false},"excerpt":{"rendered":"<p>Kerel\u0151szentp\u00e1l, 1921. okt. 6 , \u2020 1945 elt\u0171nt. \u2013 H. Ferenc (1892\u20131984) \u00e9s Vay M\u00e1ria (1896\u20131935) fia. \u2013 A II. vh.-ban orosz fogs\u00e1gba esett \u00e9s az Uralban elt\u0171nt. Irod.: \u00c1ll\u00f3- \u00e9s mozg\u00f3k\u00e9pek; Gudenus<\/p>\n","protected":false},"featured_media":0,"comment_status":"open","ping_status":"closed","template":"","meta":[],"product_brand":[],"product_cat":[137],"product_tag":[],"class_list":{"0":"post-9553","1":"product","2":"type-product","3":"status-publish","5":"product_cat-maros-megyei-eletrajzi-lexikon","7":"first","8":"instock","9":"shipping-taxable","10":"product-type-simple"},"_links":{"self":[{"href":"https:\/\/uj.adatbank.ro\/lexikon\/wp-json\/wp\/v2\/product\/9553","targetHints":{"allow":["GET"]}}],"collection":[{"href":"https:\/\/uj.adatbank.ro\/lexikon\/wp-json\/wp\/v2\/product"}],"about":[{"href":"https:\/\/uj.adatbank.ro\/lexikon\/wp-json\/wp\/v2\/types\/product"}],"replies":[{"embeddable":true,"href":"https:\/\/uj.adatbank.ro\/lexikon\/wp-json\/wp\/v2\/comments?post=9553"}],"wp:attachment":[{"href":"https:\/\/uj.adatbank.ro\/lexikon\/wp-json\/wp\/v2\/media?parent=9553"}],"wp:term":[{"taxonomy":"product_brand","embeddable":true,"href":"https:\/\/uj.adatbank.ro\/lexikon\/wp-json\/wp\/v2\/product_brand?post=9553"},{"taxonomy":"product_cat","embeddable":true,"href":"https:\/\/uj.adatbank.ro\/lexikon\/wp-json\/wp\/v2\/product_cat?post=9553"},{"taxonomy":"product_tag","embeddable":true,"href":"https:\/\/uj.adatbank.ro\/lexikon\/wp-json\/wp\/v2\/product_tag?post=9553"}],"curies":[{"name":"wp","href":"https:\/\/api.w.org\/{rel}","templated":true}]}}