{"id":9554,"date":"2025-06-29T12:48:57","date_gmt":"2025-06-29T10:48:57","guid":{"rendered":"https:\/\/uj.adatbank.ro\/lexikon\/termek\/haller-sandor\/"},"modified":"2025-06-29T12:48:57","modified_gmt":"2025-06-29T10:48:57","slug":"haller-sandor","status":"publish","type":"product","link":"https:\/\/uj.adatbank.ro\/lexikon\/termek\/haller-sandor\/","title":{"rendered":"HALLER S\u00e1ndor"},"content":{"rendered":"<p>Kv., 1910. \u00e1pr. 27., \u2020\u00a0Szeged, 1985. j\u00fan.: sz\u00edn\u00e9sz, \u00e9nekes, sz\u00edniigazgat\u00f3. \u2013 Het\u00e9nyi Elek sz\u00edniiskol\u00e1j\u00e1t v\u00e9gezte. Fell\u00e9pett t\u00f6bbek k\u00f6z\u00f6tt: Dics\u0151szentm\u00e1rtonban (1929\u201330); Mv.-en igazgat\u00f3 (1934). T\u00e1vozott Erd\u00e9lyb\u0151l (1942). A kritika kiemelte kellemes hangj\u00e1t \u00e9s m\u00e9rt\u00e9ktart\u00f3 j\u00e1t\u00e9k\u00e1t. \u2013 <strong>F. sz.:<\/strong> Ren\u00e9 (Leh\u00e1r: Luxemburg gr\u00f3fja); Kukorica Jancsi (Kacs\u00f3h Pongr\u00e1c: J\u00e1nos vit\u00e9z); J\u00e1noska (B\u00f3kay J\u00e1nos: Els\u0151 szerelem); Feri (Vaszary J\u00e1nos: A p\u00e9nz nem boldog\u00edt); V\u00e1ri T\u00f3th Istv\u00e1n: Farkas Imre: N\u00f3t\u00e1s kapit\u00e1ny); Gy\u00f6rgy husz\u00e1rkapit\u00e1ny (Buday D\u00e9nes: H\u00e1rom husz\u00e1r). <br \/><strong>Irod.:<\/strong> K\u00f6t\u0151<\/br><\/p>\n","protected":false},"excerpt":{"rendered":"<p>Kv., 1910. \u00e1pr. 27., \u2020\u00a0Szeged, 1985. j\u00fan.: sz\u00edn\u00e9sz, \u00e9nekes, sz\u00edniigazgat\u00f3. \u2013 Het\u00e9nyi Elek sz\u00edniiskol\u00e1j\u00e1t v\u00e9gezte. Fell\u00e9pett t\u00f6bbek k\u00f6z\u00f6tt: Dics\u0151szentm\u00e1rtonban (1929\u201330); Mv.-en igazgat\u00f3 (1934). T\u00e1vozott Erd\u00e9lyb\u0151l (1942). A kritika kiemelte kellemes hangj\u00e1t \u00e9s m\u00e9rt\u00e9ktart\u00f3 j\u00e1t\u00e9k\u00e1t. \u2013 F. sz.: Ren\u00e9 (Leh\u00e1r: Luxemburg gr\u00f3fja); Kukorica Jancsi (Kacs\u00f3h Pongr\u00e1c: J\u00e1nos vit\u00e9z); J\u00e1noska (B\u00f3kay J\u00e1nos: Els\u0151 szerelem); Feri (Vaszary J\u00e1nos: [&hellip;]<\/p>\n","protected":false},"featured_media":0,"comment_status":"open","ping_status":"closed","template":"","meta":[],"product_brand":[],"product_cat":[137],"product_tag":[],"class_list":{"0":"post-9554","1":"product","2":"type-product","3":"status-publish","5":"product_cat-maros-megyei-eletrajzi-lexikon","7":"first","8":"instock","9":"shipping-taxable","10":"product-type-simple"},"_links":{"self":[{"href":"https:\/\/uj.adatbank.ro\/lexikon\/wp-json\/wp\/v2\/product\/9554","targetHints":{"allow":["GET"]}}],"collection":[{"href":"https:\/\/uj.adatbank.ro\/lexikon\/wp-json\/wp\/v2\/product"}],"about":[{"href":"https:\/\/uj.adatbank.ro\/lexikon\/wp-json\/wp\/v2\/types\/product"}],"replies":[{"embeddable":true,"href":"https:\/\/uj.adatbank.ro\/lexikon\/wp-json\/wp\/v2\/comments?post=9554"}],"wp:attachment":[{"href":"https:\/\/uj.adatbank.ro\/lexikon\/wp-json\/wp\/v2\/media?parent=9554"}],"wp:term":[{"taxonomy":"product_brand","embeddable":true,"href":"https:\/\/uj.adatbank.ro\/lexikon\/wp-json\/wp\/v2\/product_brand?post=9554"},{"taxonomy":"product_cat","embeddable":true,"href":"https:\/\/uj.adatbank.ro\/lexikon\/wp-json\/wp\/v2\/product_cat?post=9554"},{"taxonomy":"product_tag","embeddable":true,"href":"https:\/\/uj.adatbank.ro\/lexikon\/wp-json\/wp\/v2\/product_tag?post=9554"}],"curies":[{"name":"wp","href":"https:\/\/api.w.org\/{rel}","templated":true}]}}