{"id":9556,"date":"2025-06-29T12:49:00","date_gmt":"2025-06-29T10:49:00","guid":{"rendered":"https:\/\/uj.adatbank.ro\/lexikon\/termek\/haller-zsigmond-hallerkoi-gr-feheregyhazi-ag-2\/"},"modified":"2025-06-29T12:49:00","modified_gmt":"2025-06-29T10:49:00","slug":"haller-zsigmond-hallerkoi-gr-feheregyhazi-ag-2","status":"publish","type":"product","link":"https:\/\/uj.adatbank.ro\/lexikon\/termek\/haller-zsigmond-hallerkoi-gr-feheregyhazi-ag-2\/","title":{"rendered":"HALLER Zsigmond, hallerk\u0151i gr; feh\u00e9regyh\u00e1zi \u00e1g"},"content":{"rendered":"<p>? \u2020\u00a0Mv., 1803. nov. 29.: kir. t\u00e1blai eln\u00f6k, aranysarkanty\u00fas vit\u00e9z. \u2013 P\u00e1l (1718\u20131794) \u00e9s Haller Zsuzsanna fia. Feles\u00e9ge 1. als\u00f3csern\u00e1toni Damokos Krisztina, 2. nagyercsei gr. Toldalagi Krisztina. Fia J\u00e1nos (1774\u20131843) segesv\u00e1ri orvos \u00e9s f\u00fcv\u00e9sz. \u2013 Mv.-en kir. t\u00e1blai eln\u00f6k (1794\u2013), aranysarkanty\u00fas vit\u00e9z. Feh\u00e9regyh\u00e1z\u00e1n, Zolt\u00e1nban \u00e9s Kecseden felv\u00e1ltva tartottak ferences papot (1777\u20131816). Mosonban kast\u00e9lyt \u00e9p\u00edtetett (18. sz. k\u00f6zep\u00e9n), m\u00e1ra m\u00e1r nyomtalanul elpusztult. <br \/><strong>Irod.:<\/strong> Albiz\u00e1l\u00e1s; Cserei J\u00f3zsef: Halotti besz\u00e9d. (Kv., 1804); ); Gy\u00f6rgy: A ferencrendiek; Id\u0151t\u00e1r 1; Keresztes Gyula: \u00d6r\u00f6ks\u00e9g\u00fcnk 55.: Elpusztult kast\u00e9lyok (N\u00fa., 1994. m\u00e1j. 6.); Kr\u00f3n. F\u00fcz. (1939. 4\/9)<\/br><\/p>\n","protected":false},"excerpt":{"rendered":"<p>? \u2020\u00a0Mv., 1803. nov. 29.: kir. t\u00e1blai eln\u00f6k, aranysarkanty\u00fas vit\u00e9z. \u2013 P\u00e1l (1718\u20131794) \u00e9s Haller Zsuzsanna fia. Feles\u00e9ge 1. als\u00f3csern\u00e1toni Damokos Krisztina, 2. nagyercsei gr. Toldalagi Krisztina. Fia J\u00e1nos (1774\u20131843) segesv\u00e1ri orvos \u00e9s f\u00fcv\u00e9sz. \u2013 Mv.-en kir. t\u00e1blai eln\u00f6k (1794\u2013), aranysarkanty\u00fas vit\u00e9z. Feh\u00e9regyh\u00e1z\u00e1n, Zolt\u00e1nban \u00e9s Kecseden felv\u00e1ltva tartottak ferences papot (1777\u20131816). Mosonban kast\u00e9lyt \u00e9p\u00edtetett (18. [&hellip;]<\/p>\n","protected":false},"featured_media":0,"comment_status":"open","ping_status":"closed","template":"","meta":[],"product_brand":[],"product_cat":[137],"product_tag":[],"class_list":{"0":"post-9556","1":"product","2":"type-product","3":"status-publish","5":"product_cat-maros-megyei-eletrajzi-lexikon","7":"first","8":"instock","9":"shipping-taxable","10":"product-type-simple"},"_links":{"self":[{"href":"https:\/\/uj.adatbank.ro\/lexikon\/wp-json\/wp\/v2\/product\/9556","targetHints":{"allow":["GET"]}}],"collection":[{"href":"https:\/\/uj.adatbank.ro\/lexikon\/wp-json\/wp\/v2\/product"}],"about":[{"href":"https:\/\/uj.adatbank.ro\/lexikon\/wp-json\/wp\/v2\/types\/product"}],"replies":[{"embeddable":true,"href":"https:\/\/uj.adatbank.ro\/lexikon\/wp-json\/wp\/v2\/comments?post=9556"}],"wp:attachment":[{"href":"https:\/\/uj.adatbank.ro\/lexikon\/wp-json\/wp\/v2\/media?parent=9556"}],"wp:term":[{"taxonomy":"product_brand","embeddable":true,"href":"https:\/\/uj.adatbank.ro\/lexikon\/wp-json\/wp\/v2\/product_brand?post=9556"},{"taxonomy":"product_cat","embeddable":true,"href":"https:\/\/uj.adatbank.ro\/lexikon\/wp-json\/wp\/v2\/product_cat?post=9556"},{"taxonomy":"product_tag","embeddable":true,"href":"https:\/\/uj.adatbank.ro\/lexikon\/wp-json\/wp\/v2\/product_tag?post=9556"}],"curies":[{"name":"wp","href":"https:\/\/api.w.org\/{rel}","templated":true}]}}