{"id":9557,"date":"2025-06-29T12:49:03","date_gmt":"2025-06-29T10:49:03","guid":{"rendered":"https:\/\/uj.adatbank.ro\/lexikon\/termek\/haller-zsuzsanna-hallerkoi-gr-mikes-antalne\/"},"modified":"2025-06-29T12:49:03","modified_gmt":"2025-06-29T10:49:03","slug":"haller-zsuzsanna-hallerkoi-gr-mikes-antalne","status":"publish","type":"product","link":"https:\/\/uj.adatbank.ro\/lexikon\/termek\/haller-zsuzsanna-hallerkoi-gr-mikes-antalne\/","title":{"rendered":"HALLER Zsuzsanna, hallerk\u0151i gr, Mikes Antaln\u00e9"},"content":{"rendered":"<p>1733., \u2020\u00a01776.: f\u00f6ldbirtokos. \u2013 H. J\u00e1nos korm\u00e1nyz\u00f3 \u00e9s Daniel Zs\u00f3fia le\u00e1nya. \u2013 Udvarh\u00e1za volt \u00c1d\u00e1moson (1752). <br \/><strong>Irod.:<\/strong> Gudenus; Keresztes Gyula: \u00d6r\u00f6ks\u00e9g\u00fcnk 56.: Az \u00e1d\u00e1mosi udvarh\u00e1zak (N\u00fa., 1994. j\u00fan. 3.)<\/br><\/p>\n","protected":false},"excerpt":{"rendered":"<p>1733., \u2020\u00a01776.: f\u00f6ldbirtokos. \u2013 H. J\u00e1nos korm\u00e1nyz\u00f3 \u00e9s Daniel Zs\u00f3fia le\u00e1nya. \u2013 Udvarh\u00e1za volt \u00c1d\u00e1moson (1752). Irod.: Gudenus; Keresztes Gyula: \u00d6r\u00f6ks\u00e9g\u00fcnk 56.: Az \u00e1d\u00e1mosi udvarh\u00e1zak (N\u00fa., 1994. j\u00fan. 3.)<\/p>\n","protected":false},"featured_media":0,"comment_status":"open","ping_status":"closed","template":"","meta":[],"product_brand":[],"product_cat":[137],"product_tag":[],"class_list":{"0":"post-9557","1":"product","2":"type-product","3":"status-publish","5":"product_cat-maros-megyei-eletrajzi-lexikon","7":"first","8":"instock","9":"shipping-taxable","10":"product-type-simple"},"_links":{"self":[{"href":"https:\/\/uj.adatbank.ro\/lexikon\/wp-json\/wp\/v2\/product\/9557","targetHints":{"allow":["GET"]}}],"collection":[{"href":"https:\/\/uj.adatbank.ro\/lexikon\/wp-json\/wp\/v2\/product"}],"about":[{"href":"https:\/\/uj.adatbank.ro\/lexikon\/wp-json\/wp\/v2\/types\/product"}],"replies":[{"embeddable":true,"href":"https:\/\/uj.adatbank.ro\/lexikon\/wp-json\/wp\/v2\/comments?post=9557"}],"wp:attachment":[{"href":"https:\/\/uj.adatbank.ro\/lexikon\/wp-json\/wp\/v2\/media?parent=9557"}],"wp:term":[{"taxonomy":"product_brand","embeddable":true,"href":"https:\/\/uj.adatbank.ro\/lexikon\/wp-json\/wp\/v2\/product_brand?post=9557"},{"taxonomy":"product_cat","embeddable":true,"href":"https:\/\/uj.adatbank.ro\/lexikon\/wp-json\/wp\/v2\/product_cat?post=9557"},{"taxonomy":"product_tag","embeddable":true,"href":"https:\/\/uj.adatbank.ro\/lexikon\/wp-json\/wp\/v2\/product_tag?post=9557"}],"curies":[{"name":"wp","href":"https:\/\/api.w.org\/{rel}","templated":true}]}}