{"id":9558,"date":"2025-06-29T12:49:05","date_gmt":"2025-06-29T10:49:05","guid":{"rendered":"https:\/\/uj.adatbank.ro\/lexikon\/termek\/halloff-istvan\/"},"modified":"2025-06-29T12:49:05","modified_gmt":"2025-06-29T10:49:05","slug":"halloff-istvan","status":"publish","type":"product","link":"https:\/\/uj.adatbank.ro\/lexikon\/termek\/halloff-istvan\/","title":{"rendered":"HALLOFF Istv\u00e1n"},"content":{"rendered":"<p>T\u00f6vis, 1904., \u2020\u00a0? : cukr\u00e1szmester. \u2013 Iskol\u00e1i elv\u00e9gz\u00e9se ut\u00e1n a cukr\u00e1szipart tanulta. Seg\u00e9d, Orsov\u00e1n lett \u00f6n\u00e1ll\u00f3 (1927), majd T\u00f6visen \u00e9s Mv.-en (1940\u2013) dolgozott. Szakk\u00e9pzett iparos, s\u00fctem\u00e9nyeit kedvelt\u00e9k, magassz\u00ednvonal\u00fa \u00fczlet\u00e9ben saj\u00e1t k\u00e9sz\u00edtm\u00e9ny\u0171 cukr\u00e1szs\u00fctem\u00e9nyeket tartott. <br \/><strong>Irod.:<\/strong> Sz\u00e9kelyf\u00f6ld \u00ed. k.<\/br><\/p>\n","protected":false},"excerpt":{"rendered":"<p>T\u00f6vis, 1904., \u2020\u00a0? : cukr\u00e1szmester. \u2013 Iskol\u00e1i elv\u00e9gz\u00e9se ut\u00e1n a cukr\u00e1szipart tanulta. Seg\u00e9d, Orsov\u00e1n lett \u00f6n\u00e1ll\u00f3 (1927), majd T\u00f6visen \u00e9s Mv.-en (1940\u2013) dolgozott. Szakk\u00e9pzett iparos, s\u00fctem\u00e9nyeit kedvelt\u00e9k, magassz\u00ednvonal\u00fa \u00fczlet\u00e9ben saj\u00e1t k\u00e9sz\u00edtm\u00e9ny\u0171 cukr\u00e1szs\u00fctem\u00e9nyeket tartott. Irod.: Sz\u00e9kelyf\u00f6ld \u00ed. k.<\/p>\n","protected":false},"featured_media":0,"comment_status":"open","ping_status":"closed","template":"","meta":[],"product_brand":[],"product_cat":[137],"product_tag":[],"class_list":{"0":"post-9558","1":"product","2":"type-product","3":"status-publish","5":"product_cat-maros-megyei-eletrajzi-lexikon","7":"first","8":"instock","9":"shipping-taxable","10":"product-type-simple"},"_links":{"self":[{"href":"https:\/\/uj.adatbank.ro\/lexikon\/wp-json\/wp\/v2\/product\/9558","targetHints":{"allow":["GET"]}}],"collection":[{"href":"https:\/\/uj.adatbank.ro\/lexikon\/wp-json\/wp\/v2\/product"}],"about":[{"href":"https:\/\/uj.adatbank.ro\/lexikon\/wp-json\/wp\/v2\/types\/product"}],"replies":[{"embeddable":true,"href":"https:\/\/uj.adatbank.ro\/lexikon\/wp-json\/wp\/v2\/comments?post=9558"}],"wp:attachment":[{"href":"https:\/\/uj.adatbank.ro\/lexikon\/wp-json\/wp\/v2\/media?parent=9558"}],"wp:term":[{"taxonomy":"product_brand","embeddable":true,"href":"https:\/\/uj.adatbank.ro\/lexikon\/wp-json\/wp\/v2\/product_brand?post=9558"},{"taxonomy":"product_cat","embeddable":true,"href":"https:\/\/uj.adatbank.ro\/lexikon\/wp-json\/wp\/v2\/product_cat?post=9558"},{"taxonomy":"product_tag","embeddable":true,"href":"https:\/\/uj.adatbank.ro\/lexikon\/wp-json\/wp\/v2\/product_tag?post=9558"}],"curies":[{"name":"wp","href":"https:\/\/api.w.org\/{rel}","templated":true}]}}