{"id":9561,"date":"2025-06-29T12:49:09","date_gmt":"2025-06-29T10:49:09","guid":{"rendered":"https:\/\/uj.adatbank.ro\/lexikon\/termek\/halmagyi-fronius-mihaly\/"},"modified":"2025-06-29T12:49:09","modified_gmt":"2025-06-29T10:49:09","slug":"halmagyi-fronius-mihaly","status":"publish","type":"product","link":"https:\/\/uj.adatbank.ro\/lexikon\/termek\/halmagyi-fronius-mihaly\/","title":{"rendered":"HALM\u00c1GYI FRONIUS Mih\u00e1ly"},"content":{"rendered":"<p>1796., \u2020 Mv., 1860. nov. 10.: j\u00f3m\u00f3d\u00fa polg\u00e1r. \u2013 200 drb. ez\u00fcst- \u00e9s r\u00e9zp\u00e9nz, valamint \u00e9remgy\u0171jtem\u00e9ny\u00e9t a mv.-i Ref. Koll. -nak aj\u00e1nd\u00e9kozta (1858. aug. 30-\u00e1n). Feles\u00e9ge P\u00e1losi Don\u00e1th Kata emeltette a s\u00edrk\u00f6v\u00e9t a mv.-i ref. temet\u0151ben. <br \/><strong>Irod.:<\/strong> Csekme; Kr\u00f3n. F\u00fcz. (1939. 4\/7)<\/br><\/p>\n","protected":false},"excerpt":{"rendered":"<p>1796., \u2020 Mv., 1860. nov. 10.: j\u00f3m\u00f3d\u00fa polg\u00e1r. \u2013 200 drb. ez\u00fcst- \u00e9s r\u00e9zp\u00e9nz, valamint \u00e9remgy\u0171jtem\u00e9ny\u00e9t a mv.-i Ref. Koll. -nak aj\u00e1nd\u00e9kozta (1858. aug. 30-\u00e1n). Feles\u00e9ge P\u00e1losi Don\u00e1th Kata emeltette a s\u00edrk\u00f6v\u00e9t a mv.-i ref. temet\u0151ben. Irod.: Csekme; Kr\u00f3n. F\u00fcz. (1939. 4\/7)<\/p>\n","protected":false},"featured_media":0,"comment_status":"open","ping_status":"closed","template":"","meta":[],"product_brand":[],"product_cat":[137],"product_tag":[],"class_list":{"0":"post-9561","1":"product","2":"type-product","3":"status-publish","5":"product_cat-maros-megyei-eletrajzi-lexikon","7":"first","8":"instock","9":"shipping-taxable","10":"product-type-simple"},"_links":{"self":[{"href":"https:\/\/uj.adatbank.ro\/lexikon\/wp-json\/wp\/v2\/product\/9561","targetHints":{"allow":["GET"]}}],"collection":[{"href":"https:\/\/uj.adatbank.ro\/lexikon\/wp-json\/wp\/v2\/product"}],"about":[{"href":"https:\/\/uj.adatbank.ro\/lexikon\/wp-json\/wp\/v2\/types\/product"}],"replies":[{"embeddable":true,"href":"https:\/\/uj.adatbank.ro\/lexikon\/wp-json\/wp\/v2\/comments?post=9561"}],"wp:attachment":[{"href":"https:\/\/uj.adatbank.ro\/lexikon\/wp-json\/wp\/v2\/media?parent=9561"}],"wp:term":[{"taxonomy":"product_brand","embeddable":true,"href":"https:\/\/uj.adatbank.ro\/lexikon\/wp-json\/wp\/v2\/product_brand?post=9561"},{"taxonomy":"product_cat","embeddable":true,"href":"https:\/\/uj.adatbank.ro\/lexikon\/wp-json\/wp\/v2\/product_cat?post=9561"},{"taxonomy":"product_tag","embeddable":true,"href":"https:\/\/uj.adatbank.ro\/lexikon\/wp-json\/wp\/v2\/product_tag?post=9561"}],"curies":[{"name":"wp","href":"https:\/\/api.w.org\/{rel}","templated":true}]}}