{"id":9563,"date":"2025-06-29T12:49:13","date_gmt":"2025-06-29T10:49:13","guid":{"rendered":"https:\/\/uj.adatbank.ro\/lexikon\/termek\/halmagyi-imre-dr\/"},"modified":"2025-06-29T12:49:13","modified_gmt":"2025-06-29T10:49:13","slug":"halmagyi-imre-dr","status":"publish","type":"product","link":"https:\/\/uj.adatbank.ro\/lexikon\/termek\/halmagyi-imre-dr\/","title":{"rendered":"HALM\u00c1GYI Imre, dr."},"content":{"rendered":"<p>Torda, 1926, \u2020 Mv., 2021.: orvos. \u2013 Fiatalon sportolt: magasugr\u00f3, v\u00edzi- \u00e9s kos\u00e1rlabd\u00e1z\u00f3, teniszezett \u00e9s asztaliteniszezett. Orvosi tanulm\u00e1nyaiit Kv.-on kezdte \u00e9s a MOGYI-ban fejezte be. Mv.-en a Di\u00e1k \u2013poliklinik\u00e1n orvos. A v\u00e1ros els\u0151 sportorvosa, az \u00f6sszes sportklubnak az orvosa (1952\u20132000). <br \/><strong>Irod.:<\/strong> Kiss Cs. M 4.<\/br><\/p>\n","protected":false},"excerpt":{"rendered":"<p>Torda, 1926, \u2020 Mv., 2021.: orvos. \u2013 Fiatalon sportolt: magasugr\u00f3, v\u00edzi- \u00e9s kos\u00e1rlabd\u00e1z\u00f3, teniszezett \u00e9s asztaliteniszezett. Orvosi tanulm\u00e1nyaiit Kv.-on kezdte \u00e9s a MOGYI-ban fejezte be. Mv.-en a Di\u00e1k \u2013poliklinik\u00e1n orvos. A v\u00e1ros els\u0151 sportorvosa, az \u00f6sszes sportklubnak az orvosa (1952\u20132000). Irod.: Kiss Cs. M 4.<\/p>\n","protected":false},"featured_media":0,"comment_status":"open","ping_status":"closed","template":"","meta":[],"product_brand":[],"product_cat":[137],"product_tag":[],"class_list":{"0":"post-9563","1":"product","2":"type-product","3":"status-publish","5":"product_cat-maros-megyei-eletrajzi-lexikon","7":"first","8":"instock","9":"shipping-taxable","10":"product-type-simple"},"_links":{"self":[{"href":"https:\/\/uj.adatbank.ro\/lexikon\/wp-json\/wp\/v2\/product\/9563","targetHints":{"allow":["GET"]}}],"collection":[{"href":"https:\/\/uj.adatbank.ro\/lexikon\/wp-json\/wp\/v2\/product"}],"about":[{"href":"https:\/\/uj.adatbank.ro\/lexikon\/wp-json\/wp\/v2\/types\/product"}],"replies":[{"embeddable":true,"href":"https:\/\/uj.adatbank.ro\/lexikon\/wp-json\/wp\/v2\/comments?post=9563"}],"wp:attachment":[{"href":"https:\/\/uj.adatbank.ro\/lexikon\/wp-json\/wp\/v2\/media?parent=9563"}],"wp:term":[{"taxonomy":"product_brand","embeddable":true,"href":"https:\/\/uj.adatbank.ro\/lexikon\/wp-json\/wp\/v2\/product_brand?post=9563"},{"taxonomy":"product_cat","embeddable":true,"href":"https:\/\/uj.adatbank.ro\/lexikon\/wp-json\/wp\/v2\/product_cat?post=9563"},{"taxonomy":"product_tag","embeddable":true,"href":"https:\/\/uj.adatbank.ro\/lexikon\/wp-json\/wp\/v2\/product_tag?post=9563"}],"curies":[{"name":"wp","href":"https:\/\/api.w.org\/{rel}","templated":true}]}}