{"id":9564,"date":"2025-06-29T12:49:16","date_gmt":"2025-06-29T10:49:16","guid":{"rendered":"https:\/\/uj.adatbank.ro\/lexikon\/termek\/halmagyi-istvan\/"},"modified":"2025-06-29T12:49:16","modified_gmt":"2025-06-29T10:49:16","slug":"halmagyi-istvan","status":"publish","type":"product","link":"https:\/\/uj.adatbank.ro\/lexikon\/termek\/halmagyi-istvan\/","title":{"rendered":"HALM\u00c1GYI Istv\u00e1n"},"content":{"rendered":"<p>Marosbog\u00e1t, 1897. szept. 1., \u2020 Bp., 1987. \u00e1pr. 24. vagy \u00e1pr. 27.: szobr\u00e1sz, restaur\u00e1tor. \u2013 Az Orsz\u00e1gos M. Iparm\u0171v\u00e9szeti Iskol\u00e1ban d\u00edsz\u00edt\u0151szobr\u00e1sz szakon tanult (1914\u201322), Simay Imre, Zala Gy\u00f6rgy, Kisfaludy Strobl Zsigmond voltak mesterei. Hadifogoly (1945\u201347). \u00d6n\u00e1ll\u00f3 m\u0171v\u00e9sz, majd a Sz\u00e9pm\u0171v\u00e9szeti M\u00fazeum restaur\u00e1tora (1954\u201358). Ki\u00e1ll\u00edt\u00f3 m\u0171v\u00e9sz (1923\u201378). Munk\u00e1i megtal\u00e1lhat\u00f3k a M. Nemzeti Gal\u00e9ri\u00e1ban, a p\u00e9csi, miskolci, egri k\u00e9pt\u00e1rakban. <strong>Kit\u00fcntet\u00e9sei:<\/strong> A M. K\u00e9pz\u0151m\u0171v\u00e9szek Egyes\u00fclete bronz\u00e9rme (1942), Munk\u00e1csy Mih\u00e1ly-d\u00edj (1970), a Munka \u00c9rdemrend arany fokozata (1977). \u2013 <strong>F. m.:<\/strong> Balassa J\u00e1nos (mellszobor, 1935, Bp.); Zsuzsanna (1938); Figur\u00e1lis domborm\u0171 (terrakotta, 1955, Miskolc); T\u00e1ncol\u00f3 kisl\u00e1ny kuty\u00e1val (m\u00e9szk\u0151, 1957, Bp., XIV. ker.); Laborfalvi Benke J\u00f3zsef (m\u00e1r\u00adv\u00e1ny, mellszobor, 1959, Miskolc); M\u00f3ricz Zsigmond (k\u0151, mellszobor, 1961, Sziksz\u00f3); Vedres M\u00e1rk (1959); Toldi Mikl\u00f3s a farkassal (szobor, 1961, Kecel); K\u0151 dikt\u00e1lta akt (1962, Kazincbarcika); F\u00e9s\u00fclk\u00f6d\u0151 n\u0151 \u2013 f\u00fcrd\u0151z\u0151 n\u0151i akt (m\u00e9szk\u0151, 1963, Kazincbarcika); Anya gyer\u00admekkel (k\u0151, 1965, Miskolc); Csacsi b\u00e9k\u00e1val (alum\u00ednium, 1965, P\u00e9cs); \u00c9nekl\u0151 l\u00e1ny (k\u0151, 1965, Eger). <br \/><strong>Irod.:<\/strong> artportal; MMA; Moln\u00e1r; MNL; R\u00daL; \u00daM\u00c9L<\/br><\/p>\n","protected":false},"excerpt":{"rendered":"<p>Marosbog\u00e1t, 1897. szept. 1., \u2020 Bp., 1987. \u00e1pr. 24. vagy \u00e1pr. 27.: szobr\u00e1sz, restaur\u00e1tor. \u2013 Az Orsz\u00e1gos M. Iparm\u0171v\u00e9szeti Iskol\u00e1ban d\u00edsz\u00edt\u0151szobr\u00e1sz szakon tanult (1914\u201322), Simay Imre, Zala Gy\u00f6rgy, Kisfaludy Strobl Zsigmond voltak mesterei. Hadifogoly (1945\u201347). \u00d6n\u00e1ll\u00f3 m\u0171v\u00e9sz, majd a Sz\u00e9pm\u0171v\u00e9szeti M\u00fazeum restaur\u00e1tora (1954\u201358). Ki\u00e1ll\u00edt\u00f3 m\u0171v\u00e9sz (1923\u201378). Munk\u00e1i megtal\u00e1lhat\u00f3k a M. Nemzeti Gal\u00e9ri\u00e1ban, a p\u00e9csi, miskolci, [&hellip;]<\/p>\n","protected":false},"featured_media":0,"comment_status":"open","ping_status":"closed","template":"","meta":[],"product_brand":[],"product_cat":[137],"product_tag":[],"class_list":{"0":"post-9564","1":"product","2":"type-product","3":"status-publish","5":"product_cat-maros-megyei-eletrajzi-lexikon","7":"first","8":"instock","9":"shipping-taxable","10":"product-type-simple"},"_links":{"self":[{"href":"https:\/\/uj.adatbank.ro\/lexikon\/wp-json\/wp\/v2\/product\/9564","targetHints":{"allow":["GET"]}}],"collection":[{"href":"https:\/\/uj.adatbank.ro\/lexikon\/wp-json\/wp\/v2\/product"}],"about":[{"href":"https:\/\/uj.adatbank.ro\/lexikon\/wp-json\/wp\/v2\/types\/product"}],"replies":[{"embeddable":true,"href":"https:\/\/uj.adatbank.ro\/lexikon\/wp-json\/wp\/v2\/comments?post=9564"}],"wp:attachment":[{"href":"https:\/\/uj.adatbank.ro\/lexikon\/wp-json\/wp\/v2\/media?parent=9564"}],"wp:term":[{"taxonomy":"product_brand","embeddable":true,"href":"https:\/\/uj.adatbank.ro\/lexikon\/wp-json\/wp\/v2\/product_brand?post=9564"},{"taxonomy":"product_cat","embeddable":true,"href":"https:\/\/uj.adatbank.ro\/lexikon\/wp-json\/wp\/v2\/product_cat?post=9564"},{"taxonomy":"product_tag","embeddable":true,"href":"https:\/\/uj.adatbank.ro\/lexikon\/wp-json\/wp\/v2\/product_tag?post=9564"}],"curies":[{"name":"wp","href":"https:\/\/api.w.org\/{rel}","templated":true}]}}