{"id":9565,"date":"2025-06-29T12:49:19","date_gmt":"2025-06-29T10:49:19","guid":{"rendered":"https:\/\/uj.adatbank.ro\/lexikon\/termek\/halmagyi-istvan-2\/"},"modified":"2025-06-29T12:49:19","modified_gmt":"2025-06-29T10:49:19","slug":"halmagyi-istvan-2","status":"publish","type":"product","link":"https:\/\/uj.adatbank.ro\/lexikon\/termek\/halmagyi-istvan-2\/","title":{"rendered":"HALM\u00c1GYI Istv\u00e1n"},"content":{"rendered":"<p>? \u2020\u00a0? : sz\u00edn\u00e9sz. \u2013 A Mv. Sz\u00e9kely Sz\u00ednh\u00e1zban j\u00e1tszott (1945\u201348). \u2013 <strong>F. sz.:<\/strong> Egy tiszt (Jakobi Viktor: Sybill); Sz\u00e1rnyseg\u00e9d (K\u00e1lm\u00e1n Imre: Bajad\u00e9r); \u00d6reg paraszt (T\u00f3th Ede: A falu rossza); Pietro, Zilia szolg\u00e1ja (Heltai Jen\u0151: A n\u00e9ma levente); F\u00e9nyk\u00e9p\u00e9sz (Losonczi Dezs\u0151: Egyetlen \u00e9jszak\u00e1ra); Mih\u00e1ly udvarmester (K\u00e1lm\u00e1n Imre: Cirkuszhercegn\u0151); \u00d6reg nyugd\u00edjas (F\u00e9nyes Szabolcs: V\u00e9n di\u00f3fa); Fekete (Vaszary G\u00e1bor: Mondj igazat); M\u00fcezzin (Huszka Jen\u0151: G\u00fcl-Baba); Vogl J\u00e1nos Mih\u00e1ly, udvari \u00e9nekes (Schubert-Bert\u00e9: H\u00e1rom a kisl\u00e1ny); Bill, farmer (Carlo de Fries: Ilyenek a f\u00e9rfiak); Merivel (Al. Bisson: A n\u00e9vtelen asszony); Husz\u00e1r (Moln\u00e1r Ferenc: Marsall); \u0150kegyelmess\u00e9ge Uxa (Leh\u00e1r Ferenc: A k\u00e9k mazur); Brindavoine, Harpagon inasa (Moliere: A f\u00f6sv\u00e9ny); Detekt\u00edv (B\u00f3kay J\u00e1nos: Szak\u00edts helyettem); T\u0171zolt\u00f3 f\u0151cs\u0151vezet\u0151 (Komj\u00e1thy K\u00e1roly: Harap\u00f3s f\u00e9rj); Borax (Gy\u00f6ngy P\u00e1l: H\u00e1rom ember a h\u00f3ban); F\u00e9lrenyak\u00fa, rakod\u00f3 munk\u00e1s (M. Gorkij: \u00c9jjeli mened\u00e9khely); Mister Gatton (Evgenij Petrov: B\u00e9ke szigete); Tarczal koma, nagygazda (M\u00f3ricz Zsigmond: S\u00e1ri b\u00edr\u00f3); Jancsi, kifut\u00f3 (L\u00e1szl\u00f3 Mikl\u00f3s: Illatszert\u00e1r). <br \/><strong>Irod.:<\/strong> Horv\u00e1th Bea<\/br><\/p>\n","protected":false},"excerpt":{"rendered":"<p>? \u2020\u00a0? : sz\u00edn\u00e9sz. \u2013 A Mv. Sz\u00e9kely Sz\u00ednh\u00e1zban j\u00e1tszott (1945\u201348). \u2013 F. sz.: Egy tiszt (Jakobi Viktor: Sybill); Sz\u00e1rnyseg\u00e9d (K\u00e1lm\u00e1n Imre: Bajad\u00e9r); \u00d6reg paraszt (T\u00f3th Ede: A falu rossza); Pietro, Zilia szolg\u00e1ja (Heltai Jen\u0151: A n\u00e9ma levente); F\u00e9nyk\u00e9p\u00e9sz (Losonczi Dezs\u0151: Egyetlen \u00e9jszak\u00e1ra); Mih\u00e1ly udvarmester (K\u00e1lm\u00e1n Imre: Cirkuszhercegn\u0151); \u00d6reg nyugd\u00edjas (F\u00e9nyes Szabolcs: V\u00e9n di\u00f3fa); Fekete [&hellip;]<\/p>\n","protected":false},"featured_media":0,"comment_status":"open","ping_status":"closed","template":"","meta":[],"product_brand":[],"product_cat":[137],"product_tag":[],"class_list":{"0":"post-9565","1":"product","2":"type-product","3":"status-publish","5":"product_cat-maros-megyei-eletrajzi-lexikon","7":"first","8":"instock","9":"shipping-taxable","10":"product-type-simple"},"_links":{"self":[{"href":"https:\/\/uj.adatbank.ro\/lexikon\/wp-json\/wp\/v2\/product\/9565","targetHints":{"allow":["GET"]}}],"collection":[{"href":"https:\/\/uj.adatbank.ro\/lexikon\/wp-json\/wp\/v2\/product"}],"about":[{"href":"https:\/\/uj.adatbank.ro\/lexikon\/wp-json\/wp\/v2\/types\/product"}],"replies":[{"embeddable":true,"href":"https:\/\/uj.adatbank.ro\/lexikon\/wp-json\/wp\/v2\/comments?post=9565"}],"wp:attachment":[{"href":"https:\/\/uj.adatbank.ro\/lexikon\/wp-json\/wp\/v2\/media?parent=9565"}],"wp:term":[{"taxonomy":"product_brand","embeddable":true,"href":"https:\/\/uj.adatbank.ro\/lexikon\/wp-json\/wp\/v2\/product_brand?post=9565"},{"taxonomy":"product_cat","embeddable":true,"href":"https:\/\/uj.adatbank.ro\/lexikon\/wp-json\/wp\/v2\/product_cat?post=9565"},{"taxonomy":"product_tag","embeddable":true,"href":"https:\/\/uj.adatbank.ro\/lexikon\/wp-json\/wp\/v2\/product_tag?post=9565"}],"curies":[{"name":"wp","href":"https:\/\/api.w.org\/{rel}","templated":true}]}}