{"id":9567,"date":"2025-06-29T12:49:26","date_gmt":"2025-06-29T10:49:26","guid":{"rendered":"https:\/\/uj.adatbank.ro\/lexikon\/termek\/halmagyi-istvan-szilagysomlyoi-id\/"},"modified":"2025-06-29T12:49:26","modified_gmt":"2025-06-29T10:49:26","slug":"halmagyi-istvan-szilagysomlyoi-id","status":"publish","type":"product","link":"https:\/\/uj.adatbank.ro\/lexikon\/termek\/halmagyi-istvan-szilagysomlyoi-id\/","title":{"rendered":"HALM\u00c1GYI Istv\u00e1n, szil\u00e1gysomly\u00f3i; id."},"content":{"rendered":"<p>1686., \u2020 ? : jegyz\u0151, f\u0151isp\u00e1n. \u2013 A Halm\u00e1gyi csal\u00e1d a fogarasf\u00f6ldi Halm\u00e1gyr\u00f3l sz\u00e1rmazik (a napl\u00f3\u00edr\u00f3 nagyapj\u00e1t m\u00e9g Papnak h\u00edvt\u00e1k). Feles\u00e9ge: D\u00e9csi Zs\u00f3fia B\u00f6l\u00f6ni S\u00e1ndor \u00f6zvegye (1719 \u2013). \u2013 Iskol\u00e1it Nagyenyeden v\u00e9gezte. Szil\u00e1gysomly\u00f3n Wessel\u00e9nyi Mikl\u00f3s titk\u00e1ra (1711\u201315). Skorbutos l\u00e1bait kezelte t\u00f6bbek k\u00f6z\u00f6tt Parajdon \u00e9s Szov\u00e1t\u00e1n is (1715\u201318). Somly\u00f3n aljegyz\u0151 (1718). Kraszna f\u0151jegyz\u0151je (1720), f\u0151isp\u00e1n (1730\u2013). \u00c9lete utols\u00f3 \u00e9veiben \u00c1rkoson gazd\u00e1lkodott. Szov\u00e1ta f\u00fcrd\u0151 els\u0151 \u00edr\u00e1sos eml\u00edt\u0151je. <br \/><strong>Irod.:<\/strong> J\u00f3zsa Andr\u00e1s: Szov\u00e1ta gy\u00f3gy\u00edt\u00f3 tavainak els\u0151 \u00edr\u00e1sos eml\u00edt\u00e9se (N\u00fa, 2000. \u00e1pr. 6)<\/br><\/p>\n","protected":false},"excerpt":{"rendered":"<p>1686., \u2020 ? : jegyz\u0151, f\u0151isp\u00e1n. \u2013 A Halm\u00e1gyi csal\u00e1d a fogarasf\u00f6ldi Halm\u00e1gyr\u00f3l sz\u00e1rmazik (a napl\u00f3\u00edr\u00f3 nagyapj\u00e1t m\u00e9g Papnak h\u00edvt\u00e1k). Feles\u00e9ge: D\u00e9csi Zs\u00f3fia B\u00f6l\u00f6ni S\u00e1ndor \u00f6zvegye (1719 \u2013). \u2013 Iskol\u00e1it Nagyenyeden v\u00e9gezte. Szil\u00e1gysomly\u00f3n Wessel\u00e9nyi Mikl\u00f3s titk\u00e1ra (1711\u201315). Skorbutos l\u00e1bait kezelte t\u00f6bbek k\u00f6z\u00f6tt Parajdon \u00e9s Szov\u00e1t\u00e1n is (1715\u201318). Somly\u00f3n aljegyz\u0151 (1718). Kraszna f\u0151jegyz\u0151je (1720), f\u0151isp\u00e1n (1730\u2013). [&hellip;]<\/p>\n","protected":false},"featured_media":0,"comment_status":"open","ping_status":"closed","template":"","meta":[],"product_brand":[],"product_cat":[137],"product_tag":[],"class_list":{"0":"post-9567","1":"product","2":"type-product","3":"status-publish","5":"product_cat-maros-megyei-eletrajzi-lexikon","7":"first","8":"instock","9":"shipping-taxable","10":"product-type-simple"},"_links":{"self":[{"href":"https:\/\/uj.adatbank.ro\/lexikon\/wp-json\/wp\/v2\/product\/9567","targetHints":{"allow":["GET"]}}],"collection":[{"href":"https:\/\/uj.adatbank.ro\/lexikon\/wp-json\/wp\/v2\/product"}],"about":[{"href":"https:\/\/uj.adatbank.ro\/lexikon\/wp-json\/wp\/v2\/types\/product"}],"replies":[{"embeddable":true,"href":"https:\/\/uj.adatbank.ro\/lexikon\/wp-json\/wp\/v2\/comments?post=9567"}],"wp:attachment":[{"href":"https:\/\/uj.adatbank.ro\/lexikon\/wp-json\/wp\/v2\/media?parent=9567"}],"wp:term":[{"taxonomy":"product_brand","embeddable":true,"href":"https:\/\/uj.adatbank.ro\/lexikon\/wp-json\/wp\/v2\/product_brand?post=9567"},{"taxonomy":"product_cat","embeddable":true,"href":"https:\/\/uj.adatbank.ro\/lexikon\/wp-json\/wp\/v2\/product_cat?post=9567"},{"taxonomy":"product_tag","embeddable":true,"href":"https:\/\/uj.adatbank.ro\/lexikon\/wp-json\/wp\/v2\/product_tag?post=9567"}],"curies":[{"name":"wp","href":"https:\/\/api.w.org\/{rel}","templated":true}]}}