{"id":9575,"date":"2025-06-29T12:49:46","date_gmt":"2025-06-29T10:49:46","guid":{"rendered":"https:\/\/uj.adatbank.ro\/lexikon\/termek\/halmos-g-otto\/"},"modified":"2025-06-29T12:49:46","modified_gmt":"2025-06-29T10:49:46","slug":"halmos-g-otto","status":"publish","type":"product","link":"https:\/\/uj.adatbank.ro\/lexikon\/termek\/halmos-g-otto\/","title":{"rendered":"HALMOS G. Ott\u00f3"},"content":{"rendered":"<p>1906., \u2020\u00a0?: r. k. pap. \u2013 Papp\u00e1 szentelt\u00e9k (1935). Vic. expositus Abaf\u00e1j\u00e1n (1944). <br \/><strong>Irod.:<\/strong> Abaf\u00e1ja, Ferenczi S\u00e1ndor 2009<\/br><\/p>\n","protected":false},"excerpt":{"rendered":"<p>1906., \u2020\u00a0?: r. k. pap. \u2013 Papp\u00e1 szentelt\u00e9k (1935). Vic. expositus Abaf\u00e1j\u00e1n (1944). Irod.: Abaf\u00e1ja, Ferenczi S\u00e1ndor 2009<\/p>\n","protected":false},"featured_media":0,"comment_status":"open","ping_status":"closed","template":"","meta":[],"product_brand":[],"product_cat":[137],"product_tag":[],"class_list":{"0":"post-9575","1":"product","2":"type-product","3":"status-publish","5":"product_cat-maros-megyei-eletrajzi-lexikon","7":"first","8":"instock","9":"shipping-taxable","10":"product-type-simple"},"_links":{"self":[{"href":"https:\/\/uj.adatbank.ro\/lexikon\/wp-json\/wp\/v2\/product\/9575","targetHints":{"allow":["GET"]}}],"collection":[{"href":"https:\/\/uj.adatbank.ro\/lexikon\/wp-json\/wp\/v2\/product"}],"about":[{"href":"https:\/\/uj.adatbank.ro\/lexikon\/wp-json\/wp\/v2\/types\/product"}],"replies":[{"embeddable":true,"href":"https:\/\/uj.adatbank.ro\/lexikon\/wp-json\/wp\/v2\/comments?post=9575"}],"wp:attachment":[{"href":"https:\/\/uj.adatbank.ro\/lexikon\/wp-json\/wp\/v2\/media?parent=9575"}],"wp:term":[{"taxonomy":"product_brand","embeddable":true,"href":"https:\/\/uj.adatbank.ro\/lexikon\/wp-json\/wp\/v2\/product_brand?post=9575"},{"taxonomy":"product_cat","embeddable":true,"href":"https:\/\/uj.adatbank.ro\/lexikon\/wp-json\/wp\/v2\/product_cat?post=9575"},{"taxonomy":"product_tag","embeddable":true,"href":"https:\/\/uj.adatbank.ro\/lexikon\/wp-json\/wp\/v2\/product_tag?post=9575"}],"curies":[{"name":"wp","href":"https:\/\/api.w.org\/{rel}","templated":true}]}}