{"id":9577,"date":"2025-06-29T12:49:48","date_gmt":"2025-06-29T10:49:48","guid":{"rendered":"https:\/\/uj.adatbank.ro\/lexikon\/termek\/halmos-julia-gulyas-endrene\/"},"modified":"2025-06-29T12:49:48","modified_gmt":"2025-06-29T10:49:48","slug":"halmos-julia-gulyas-endrene","status":"publish","type":"product","link":"https:\/\/uj.adatbank.ro\/lexikon\/termek\/halmos-julia-gulyas-endrene\/","title":{"rendered":"HALMOS J\u00falia, Guly\u00e1s Endr\u00e9n\u00e9"},"content":{"rendered":"<p>? \u2020 ?: tan\u00edt\u00f3n\u0151 Mez\u0151bodonban. \u2013 <strong>Cikkei:<\/strong> Tordai Tan\u00edt\u00f3test\u00fcleti \u00c9rtes\u00edt\u0151-ben (1904\u201305, 1914). <br \/><strong>Irod.:<\/strong> Guly\u00e1s<\/br><\/p>\n","protected":false},"excerpt":{"rendered":"<p>? \u2020 ?: tan\u00edt\u00f3n\u0151 Mez\u0151bodonban. \u2013 Cikkei: Tordai Tan\u00edt\u00f3test\u00fcleti \u00c9rtes\u00edt\u0151-ben (1904\u201305, 1914). Irod.: Guly\u00e1s<\/p>\n","protected":false},"featured_media":0,"comment_status":"open","ping_status":"closed","template":"","meta":[],"product_brand":[],"product_cat":[137],"product_tag":[],"class_list":{"0":"post-9577","1":"product","2":"type-product","3":"status-publish","5":"product_cat-maros-megyei-eletrajzi-lexikon","7":"first","8":"instock","9":"shipping-taxable","10":"product-type-simple"},"_links":{"self":[{"href":"https:\/\/uj.adatbank.ro\/lexikon\/wp-json\/wp\/v2\/product\/9577","targetHints":{"allow":["GET"]}}],"collection":[{"href":"https:\/\/uj.adatbank.ro\/lexikon\/wp-json\/wp\/v2\/product"}],"about":[{"href":"https:\/\/uj.adatbank.ro\/lexikon\/wp-json\/wp\/v2\/types\/product"}],"replies":[{"embeddable":true,"href":"https:\/\/uj.adatbank.ro\/lexikon\/wp-json\/wp\/v2\/comments?post=9577"}],"wp:attachment":[{"href":"https:\/\/uj.adatbank.ro\/lexikon\/wp-json\/wp\/v2\/media?parent=9577"}],"wp:term":[{"taxonomy":"product_brand","embeddable":true,"href":"https:\/\/uj.adatbank.ro\/lexikon\/wp-json\/wp\/v2\/product_brand?post=9577"},{"taxonomy":"product_cat","embeddable":true,"href":"https:\/\/uj.adatbank.ro\/lexikon\/wp-json\/wp\/v2\/product_cat?post=9577"},{"taxonomy":"product_tag","embeddable":true,"href":"https:\/\/uj.adatbank.ro\/lexikon\/wp-json\/wp\/v2\/product_tag?post=9577"}],"curies":[{"name":"wp","href":"https:\/\/api.w.org\/{rel}","templated":true}]}}