{"id":9578,"date":"2025-06-29T12:49:50","date_gmt":"2025-06-29T10:49:50","guid":{"rendered":"https:\/\/uj.adatbank.ro\/lexikon\/termek\/halmos-laszlo\/"},"modified":"2025-06-29T12:49:50","modified_gmt":"2025-06-29T10:49:50","slug":"halmos-laszlo","status":"publish","type":"product","link":"https:\/\/uj.adatbank.ro\/lexikon\/termek\/halmos-laszlo\/","title":{"rendered":"HALMOS L\u00e1szl\u00f3"},"content":{"rendered":"<p>? \u2020\u00a0? : szerkeszt\u0151. \u2013 A Mv.-en megjelen\u0151 Zsid\u00f3 \u00c9let c politikai \u00e9s t\u00e1rsadalmi hetilap szerk. \u2013 \u00e9s kiad\u00f3ja (1932). A lap h\u00e9t sz\u00e1mot \u00e9rt meg. <br \/><strong>Irod.:<\/strong> Id\u0151t\u00e1r 3; Popt\u0103ma\u015f\u2013M\u00f3zes<\/br><\/p>\n","protected":false},"excerpt":{"rendered":"<p>? \u2020\u00a0? : szerkeszt\u0151. \u2013 A Mv.-en megjelen\u0151 Zsid\u00f3 \u00c9let c politikai \u00e9s t\u00e1rsadalmi hetilap szerk. \u2013 \u00e9s kiad\u00f3ja (1932). A lap h\u00e9t sz\u00e1mot \u00e9rt meg. Irod.: Id\u0151t\u00e1r 3; Popt\u0103ma\u015f\u2013M\u00f3zes<\/p>\n","protected":false},"featured_media":0,"comment_status":"open","ping_status":"closed","template":"","meta":[],"product_brand":[],"product_cat":[137],"product_tag":[],"class_list":{"0":"post-9578","1":"product","2":"type-product","3":"status-publish","5":"product_cat-maros-megyei-eletrajzi-lexikon","7":"first","8":"instock","9":"shipping-taxable","10":"product-type-simple"},"_links":{"self":[{"href":"https:\/\/uj.adatbank.ro\/lexikon\/wp-json\/wp\/v2\/product\/9578","targetHints":{"allow":["GET"]}}],"collection":[{"href":"https:\/\/uj.adatbank.ro\/lexikon\/wp-json\/wp\/v2\/product"}],"about":[{"href":"https:\/\/uj.adatbank.ro\/lexikon\/wp-json\/wp\/v2\/types\/product"}],"replies":[{"embeddable":true,"href":"https:\/\/uj.adatbank.ro\/lexikon\/wp-json\/wp\/v2\/comments?post=9578"}],"wp:attachment":[{"href":"https:\/\/uj.adatbank.ro\/lexikon\/wp-json\/wp\/v2\/media?parent=9578"}],"wp:term":[{"taxonomy":"product_brand","embeddable":true,"href":"https:\/\/uj.adatbank.ro\/lexikon\/wp-json\/wp\/v2\/product_brand?post=9578"},{"taxonomy":"product_cat","embeddable":true,"href":"https:\/\/uj.adatbank.ro\/lexikon\/wp-json\/wp\/v2\/product_cat?post=9578"},{"taxonomy":"product_tag","embeddable":true,"href":"https:\/\/uj.adatbank.ro\/lexikon\/wp-json\/wp\/v2\/product_tag?post=9578"}],"curies":[{"name":"wp","href":"https:\/\/api.w.org\/{rel}","templated":true}]}}