{"id":9579,"date":"2025-06-29T12:49:52","date_gmt":"2025-06-29T10:49:52","guid":{"rendered":"https:\/\/uj.adatbank.ro\/lexikon\/termek\/halsted-george-bruce\/"},"modified":"2025-06-29T12:49:52","modified_gmt":"2025-06-29T10:49:52","slug":"halsted-george-bruce","status":"publish","type":"product","link":"https:\/\/uj.adatbank.ro\/lexikon\/termek\/halsted-george-bruce\/","title":{"rendered":"HALSTED George Bruce"},"content":{"rendered":"<p>? \u2020 ? : matematikus. \u2013 Az amerikai matematikus, Bolyai-kutat\u00f3. Adatokat gy\u0171jt\u00f6tt Bolyai J\u00e1nos \u00e9let\u00e9r\u0151l \u00e9s munk\u00e1ss\u00e1g\u00e1r\u00f3l. Koncz J\u00f3zsef tan\u00e1r vend\u00e9ge volt Mv.-en (1896. j\u00fal. 18\u201319). <br \/><strong>Irod.:<\/strong> Id\u0151t\u00e1r 5 \/1.<\/br><\/p>\n","protected":false},"excerpt":{"rendered":"<p>? \u2020 ? : matematikus. \u2013 Az amerikai matematikus, Bolyai-kutat\u00f3. Adatokat gy\u0171jt\u00f6tt Bolyai J\u00e1nos \u00e9let\u00e9r\u0151l \u00e9s munk\u00e1ss\u00e1g\u00e1r\u00f3l. Koncz J\u00f3zsef tan\u00e1r vend\u00e9ge volt Mv.-en (1896. j\u00fal. 18\u201319). Irod.: Id\u0151t\u00e1r 5 \/1.<\/p>\n","protected":false},"featured_media":0,"comment_status":"open","ping_status":"closed","template":"","meta":[],"product_brand":[],"product_cat":[137],"product_tag":[],"class_list":{"0":"post-9579","1":"product","2":"type-product","3":"status-publish","5":"product_cat-maros-megyei-eletrajzi-lexikon","7":"first","8":"instock","9":"shipping-taxable","10":"product-type-simple"},"_links":{"self":[{"href":"https:\/\/uj.adatbank.ro\/lexikon\/wp-json\/wp\/v2\/product\/9579","targetHints":{"allow":["GET"]}}],"collection":[{"href":"https:\/\/uj.adatbank.ro\/lexikon\/wp-json\/wp\/v2\/product"}],"about":[{"href":"https:\/\/uj.adatbank.ro\/lexikon\/wp-json\/wp\/v2\/types\/product"}],"replies":[{"embeddable":true,"href":"https:\/\/uj.adatbank.ro\/lexikon\/wp-json\/wp\/v2\/comments?post=9579"}],"wp:attachment":[{"href":"https:\/\/uj.adatbank.ro\/lexikon\/wp-json\/wp\/v2\/media?parent=9579"}],"wp:term":[{"taxonomy":"product_brand","embeddable":true,"href":"https:\/\/uj.adatbank.ro\/lexikon\/wp-json\/wp\/v2\/product_brand?post=9579"},{"taxonomy":"product_cat","embeddable":true,"href":"https:\/\/uj.adatbank.ro\/lexikon\/wp-json\/wp\/v2\/product_cat?post=9579"},{"taxonomy":"product_tag","embeddable":true,"href":"https:\/\/uj.adatbank.ro\/lexikon\/wp-json\/wp\/v2\/product_tag?post=9579"}],"curies":[{"name":"wp","href":"https:\/\/api.w.org\/{rel}","templated":true}]}}